{"id":60224,"date":"2024-06-15T08:06:45","date_gmt":"2024-06-15T08:06:45","guid":{"rendered":"https:\/\/skinstudio.ee\/?post_type=product&#038;p=60224"},"modified":"2025-12-29T09:56:29","modified_gmt":"2025-12-29T09:56:29","slug":"ormedic-balancing-biopeptide-creme","status":"publish","type":"product","link":"https:\/\/skinstudio.ee\/lv\/catalog\/image-skincare\/ormedic-balancing-biopeptide-creme\/","title":{"rendered":"ORMEDIC Balancing Biopeptide Cr\u00e8me"},"content":{"rendered":"<p data-start=\"532\" data-end=\"845\">ORMEDIC Balancing Biopeptide Cr\u00e8me ir bag\u0101t\u012bgs, ta\u010du vieglas tekst\u016bras nakts kr\u0113ms, kas pal\u012bdz atjaunot mitruma tr\u016bkuma skartu \u0101du un veicina l\u012bdzsvarotu, gludu un komfortablu saj\u016btu. Formula apvieno augu e\u013c\u013cas, biopept\u012bdus un organiskos ekstraktus, kas baro \u0101du un stiprina t\u0101s aizsargbarjeru.<\/p>\n<p data-start=\"847\" data-end=\"1063\">Krems piem\u0113rots ar\u012b jaunai un jut\u012bgai \u0101dai, tostarp pusaud\u017eiem, kas tikai s\u0101k \u0101das kop\u0161anu. To iesaka lietot ar\u012b aknes terapijas laik\u0101 k\u0101 nomierino\u0161u un atjaunojo\u0161u soli, kas mazina sausumu un uzlabo \u0101das komfortu.<\/p>\n<p data-start=\"1065\" data-end=\"1182\">Aukstaj\u0101 sezon\u0101 kr\u0113mu var izmantot zem dienas kr\u0113ma seruma viet\u0101, lai nodro\u0161in\u0101tu papildu mitrin\u0101\u0161anu un aizsardz\u012bbu.<\/p>\n<p data-start=\"1184\" data-end=\"1201\"><strong data-start=\"1184\" data-end=\"1201\">Tilpums: 57 g<\/strong><\/p>\n","protected":false},"excerpt":{"rendered":"<p data-start=\"1341\" data-end=\"1377\">Bag\u0101t\u012bgs nakts kr\u0113ms ar biopept\u012bdiem<\/p>\n<h2 data-start=\"1379\" data-end=\"1449\"><strong data-start=\"1383\" data-end=\"1447\">\u012apa\u0161\u012bbas IMAGE Skincare &#8211; ORMEDIC Balancing Biopeptide Cr\u00e8me<\/strong><\/h2>\n<p data-start=\"1450\" data-end=\"1668\">\u2714\ufe0f Uzlabo \u0101das gludumu un kop\u0113jo izskatu<br data-start=\"1490\" data-end=\"1493\" \/>\u2714\ufe0f Atbalsta \u0101das mitruma l\u012bmeni un barjerfunkciju<br data-start=\"1542\" data-end=\"1545\" \/>\u2714\ufe0f Nomierina un m\u012bkstina jut\u012bg\u0101s zonas<br data-start=\"1583\" data-end=\"1586\" \/>\u2714\ufe0f Padara \u0101du maig\u0101ku un komfortabl\u0101ku<br data-start=\"1624\" data-end=\"1627\" \/>\u2714\ufe0f Veicina vesel\u012bgu un svaigu \u0101das toni<\/p>\n","protected":false},"featured_media":62176,"template":"","meta":[],"pwb-brand":[1134],"product_brand":[],"product_cat":[737,739],"product_tag":[],"giftcard-category":[],"class_list":{"0":"post-60224","1":"product","2":"type-product","3":"status-publish","4":"has-post-thumbnail","6":"pwb-brand-image-skincare","7":"product_cat-mitrinasana","8":"product_cat-sausai-adai","10":"first","11":"instock","12":"taxable","13":"shipping-taxable","14":"purchasable","15":"product-type-simple"},"acf":[],"brands":[{"id":1134,"name":"Image Skincare","slug":"image-skincare"}],"_links":{"self":[{"href":"https:\/\/skinstudio.ee\/lv\/wp-json\/wp\/v2\/product\/60224","targetHints":{"allow":["GET"]}}],"collection":[{"href":"https:\/\/skinstudio.ee\/lv\/wp-json\/wp\/v2\/product"}],"about":[{"href":"https:\/\/skinstudio.ee\/lv\/wp-json\/wp\/v2\/types\/product"}],"version-history":[{"count":0,"href":"https:\/\/skinstudio.ee\/lv\/wp-json\/wp\/v2\/product\/60224\/revisions"}],"wp:featuredmedia":[{"embeddable":true,"href":"https:\/\/skinstudio.ee\/lv\/wp-json\/wp\/v2\/media\/62176"}],"wp:attachment":[{"href":"https:\/\/skinstudio.ee\/lv\/wp-json\/wp\/v2\/media?parent=60224"}],"wp:term":[{"taxonomy":"pwb-brand","embeddable":true,"href":"https:\/\/skinstudio.ee\/lv\/wp-json\/wp\/v2\/pwb-brand?post=60224"},{"taxonomy":"product_brand","embeddable":true,"href":"https:\/\/skinstudio.ee\/lv\/wp-json\/wp\/v2\/product_brand?post=60224"},{"taxonomy":"product_cat","embeddable":true,"href":"https:\/\/skinstudio.ee\/lv\/wp-json\/wp\/v2\/product_cat?post=60224"},{"taxonomy":"product_tag","embeddable":true,"href":"https:\/\/skinstudio.ee\/lv\/wp-json\/wp\/v2\/product_tag?post=60224"},{"taxonomy":"giftcard-category","embeddable":true,"href":"https:\/\/skinstudio.ee\/lv\/wp-json\/wp\/v2\/giftcard-category?post=60224"}],"curies":[{"name":"wp","href":"https:\/\/api.w.org\/{rel}","templated":true}]}}