{"id":60235,"date":"2024-06-15T08:33:08","date_gmt":"2024-06-15T08:33:08","guid":{"rendered":"https:\/\/skinstudio.ee\/?post_type=product&#038;p=60235"},"modified":"2025-12-29T09:56:29","modified_gmt":"2025-12-29T09:56:29","slug":"ormedic-balancing-eye-lift-gel","status":"publish","type":"product","link":"https:\/\/skinstudio.ee\/lv\/catalog\/image-skincare\/ormedic-balancing-eye-lift-gel\/","title":{"rendered":"ORMEDIC Balancing Eye Lift Gel"},"content":{"rendered":"<p data-start=\"362\" data-end=\"622\">ORMEDIC Balancing Eye Lift Gel ir vieglas tekst\u016bras, atsvaidzino\u0161s acu gels, kas piem\u0113rots jebkuram vecumam un jebkuram \u0101das tipam. Maig\u0101, \u0101tri ies\u016bco\u0161\u0101 formula nodro\u0161ina pat\u012bkamu dzes\u0113jo\u0161u efektu un pal\u012bdz mazin\u0101t noguruma paz\u012bmes acu zon\u0101.<\/p>\n<p data-start=\"624\" data-end=\"844\">Gels pal\u012bdz samazin\u0101t piet\u016bkumu, uzlabot \u0101das gludumu un saglab\u0101t komfortablu mitrin\u0101\u0161anas l\u012bmeni. Pept\u012bdu tehnolo\u0123ija atbalsta \u0101das elast\u012bbu, savuk\u0101rt augu ekstrakti pie\u0161\u0137ir ac\u012bm gai\u0161\u0101ku, svaig\u0101ku un mundr\u0101ku izskatu.<\/p>\n<p data-start=\"846\" data-end=\"971\">Lieliski piem\u0113rots lieto\u0161anai gan no r\u012bta, gan vakar\u0101. Lietojot atdzes\u0113tu, tas nodro\u0161ina v\u0113l izteikt\u0101ku pretpiet\u016bkuma efektu.<\/p>\n<p data-start=\"973\" data-end=\"991\"><strong data-start=\"973\" data-end=\"991\">Tilpums: 15 ml<\/strong><\/p>\n","protected":false},"excerpt":{"rendered":"<p data-start=\"1163\" data-end=\"1185\">Atsvaidzino\u0161s acu gels<\/p>\n<h2 data-start=\"1187\" data-end=\"1253\"><strong data-start=\"1191\" data-end=\"1251\">\u012apa\u0161\u012bbas IMAGE Skincare &#8211; ORMEDIC Balancing Eye Lift Gel<\/strong><\/h2>\n<p data-start=\"1254\" data-end=\"1467\">\u2714\ufe0f Atsvaidzina acu zonu un sniedz pat\u012bkamu dzes\u0113jo\u0161u saj\u016btu<br data-start=\"1313\" data-end=\"1316\" \/>\u2714\ufe0f Pal\u012bdz mazin\u0101t piet\u016bkumu<br data-start=\"1343\" data-end=\"1346\" \/>\u2714\ufe0f M\u012bkstina un izl\u012bdzina jut\u012bgo \u0101du<br data-start=\"1381\" data-end=\"1384\" \/>\u2714\ufe0f Atbalsta \u0101das elast\u012bbu un tvirtumu<br data-start=\"1421\" data-end=\"1424\" \/>\u2714\ufe0f Pie\u0161\u0137ir ac\u012bm gai\u0161\u0101ku, mundr\u0101ku izskatu<\/p>\n","protected":false},"featured_media":62171,"template":"","meta":[],"pwb-brand":[1134],"product_brand":[],"product_cat":[733],"product_tag":[],"giftcard-category":[],"class_list":{"0":"post-60235","1":"product","2":"type-product","3":"status-publish","4":"has-post-thumbnail","6":"pwb-brand-image-skincare","7":"product_cat-ada-ap-acim","9":"first","10":"instock","11":"taxable","12":"shipping-taxable","13":"purchasable","14":"product-type-simple"},"acf":[],"brands":[{"id":1134,"name":"Image Skincare","slug":"image-skincare"}],"_links":{"self":[{"href":"https:\/\/skinstudio.ee\/lv\/wp-json\/wp\/v2\/product\/60235","targetHints":{"allow":["GET"]}}],"collection":[{"href":"https:\/\/skinstudio.ee\/lv\/wp-json\/wp\/v2\/product"}],"about":[{"href":"https:\/\/skinstudio.ee\/lv\/wp-json\/wp\/v2\/types\/product"}],"version-history":[{"count":0,"href":"https:\/\/skinstudio.ee\/lv\/wp-json\/wp\/v2\/product\/60235\/revisions"}],"wp:featuredmedia":[{"embeddable":true,"href":"https:\/\/skinstudio.ee\/lv\/wp-json\/wp\/v2\/media\/62171"}],"wp:attachment":[{"href":"https:\/\/skinstudio.ee\/lv\/wp-json\/wp\/v2\/media?parent=60235"}],"wp:term":[{"taxonomy":"pwb-brand","embeddable":true,"href":"https:\/\/skinstudio.ee\/lv\/wp-json\/wp\/v2\/pwb-brand?post=60235"},{"taxonomy":"product_brand","embeddable":true,"href":"https:\/\/skinstudio.ee\/lv\/wp-json\/wp\/v2\/product_brand?post=60235"},{"taxonomy":"product_cat","embeddable":true,"href":"https:\/\/skinstudio.ee\/lv\/wp-json\/wp\/v2\/product_cat?post=60235"},{"taxonomy":"product_tag","embeddable":true,"href":"https:\/\/skinstudio.ee\/lv\/wp-json\/wp\/v2\/product_tag?post=60235"},{"taxonomy":"giftcard-category","embeddable":true,"href":"https:\/\/skinstudio.ee\/lv\/wp-json\/wp\/v2\/giftcard-category?post=60235"}],"curies":[{"name":"wp","href":"https:\/\/api.w.org\/{rel}","templated":true}]}}