{"id":60246,"date":"2024-06-15T08:43:59","date_gmt":"2024-06-15T08:43:59","guid":{"rendered":"https:\/\/skinstudio.ee\/?post_type=product&#038;p=60246"},"modified":"2025-12-29T09:56:29","modified_gmt":"2025-12-29T09:56:29","slug":"ormedic-balancing-gel-masque","status":"publish","type":"product","link":"https:\/\/skinstudio.ee\/lv\/catalog\/image-skincare\/ormedic-balancing-gel-masque\/","title":{"rendered":"ORMEDIC Balancing Gel Masque"},"content":{"rendered":"<p data-start=\"380\" data-end=\"650\">ORMEDIC Balancing Gel Masque ir maiga, atsvaidzino\u0161a fito \u017eelejveida maska, kas acumirkl\u012b nomierina, mitrina un atjauno sausu, jut\u012bgu vai dehidr\u0113tu \u0101du. Viegl\u0101, dzes\u0113jo\u0161\u0101 tekst\u016bra pal\u012bdz mazin\u0101t sasprindzin\u0101jumu un atjaunot \u0101das komfortu un l\u012bdzsvaru.<\/p>\n<p data-start=\"652\" data-end=\"943\">Organisk\u0101s alvejas, kli\u0146\u0123er\u012b\u0161u un gur\u0137a ekstrakti atbalsta \u0101das dabisko barjeru, mazina kairin\u0101jumu un pal\u012bdz atjaunot mitruma l\u012bmeni. Masku var izmantot k\u0101 SOS l\u012bdzekli p\u0113c saules, est\u0113tisk\u0101m proced\u016br\u0101m, auksta v\u0113ja vai jebkur\u0101 br\u012bd\u012b, kad \u0101dai nepiecie\u0161ams \u012bpa\u0161i maigs nomierino\u0161s efekts.<\/p>\n<p data-start=\"945\" data-end=\"1015\">Papildu atsvaidzino\u0161am rezult\u0101tam masku ieteicams uzglab\u0101t ledusskap\u012b.<\/p>\n<p data-start=\"1017\" data-end=\"1035\"><strong data-start=\"1017\" data-end=\"1035\">Tilpums: 59 ml<\/strong><\/p>\n","protected":false},"excerpt":{"rendered":"<p data-start=\"1249\" data-end=\"1279\">Atsvaidzino\u0161a \u017eelejveida maska<\/p>\n<h2 data-start=\"1281\" data-end=\"1345\"><strong data-start=\"1285\" data-end=\"1343\">\u012apa\u0161\u012bbas IMAGE Skincare &#8211; ORMEDIC Balancing Gel Masque<\/strong><\/h2>\n<p data-start=\"1346\" data-end=\"1563\">\u2714\ufe0f Nomierina jut\u012bgu un dehidr\u0113tu \u0101du<br data-start=\"1382\" data-end=\"1385\" \/>\u2714\ufe0f Nodro\u0161ina ilgsto\u0161u mitrin\u0101\u0161anu<br data-start=\"1418\" data-end=\"1421\" \/>\u2714\ufe0f Atjauno \u0101das komfortu un dab\u012bgo mirdzumu<br data-start=\"1464\" data-end=\"1467\" \/>\u2714\ufe0f Mazina saspringuma un sausuma saj\u016btu<br data-start=\"1506\" data-end=\"1509\" \/>\u2714\ufe0f Sniedz t\u016bl\u012bt\u0113ju dzes\u0113jo\u0161u un atsvaidzino\u0161u efektu<\/p>\n","protected":false},"featured_media":62166,"template":"","meta":[],"pwb-brand":[1134],"product_brand":[],"product_cat":[745,725,747],"product_tag":[],"giftcard-category":[],"class_list":{"0":"post-60246","1":"product","2":"type-product","3":"status-publish","4":"has-post-thumbnail","6":"pwb-brand-image-skincare","7":"product_cat-jutigai-adai","8":"product_cat-maskas","9":"product_cat-taukainai-adai","11":"first","12":"instock","13":"taxable","14":"shipping-taxable","15":"purchasable","16":"product-type-simple"},"acf":[],"brands":[{"id":1134,"name":"Image Skincare","slug":"image-skincare"}],"_links":{"self":[{"href":"https:\/\/skinstudio.ee\/lv\/wp-json\/wp\/v2\/product\/60246","targetHints":{"allow":["GET"]}}],"collection":[{"href":"https:\/\/skinstudio.ee\/lv\/wp-json\/wp\/v2\/product"}],"about":[{"href":"https:\/\/skinstudio.ee\/lv\/wp-json\/wp\/v2\/types\/product"}],"version-history":[{"count":0,"href":"https:\/\/skinstudio.ee\/lv\/wp-json\/wp\/v2\/product\/60246\/revisions"}],"wp:featuredmedia":[{"embeddable":true,"href":"https:\/\/skinstudio.ee\/lv\/wp-json\/wp\/v2\/media\/62166"}],"wp:attachment":[{"href":"https:\/\/skinstudio.ee\/lv\/wp-json\/wp\/v2\/media?parent=60246"}],"wp:term":[{"taxonomy":"pwb-brand","embeddable":true,"href":"https:\/\/skinstudio.ee\/lv\/wp-json\/wp\/v2\/pwb-brand?post=60246"},{"taxonomy":"product_brand","embeddable":true,"href":"https:\/\/skinstudio.ee\/lv\/wp-json\/wp\/v2\/product_brand?post=60246"},{"taxonomy":"product_cat","embeddable":true,"href":"https:\/\/skinstudio.ee\/lv\/wp-json\/wp\/v2\/product_cat?post=60246"},{"taxonomy":"product_tag","embeddable":true,"href":"https:\/\/skinstudio.ee\/lv\/wp-json\/wp\/v2\/product_tag?post=60246"},{"taxonomy":"giftcard-category","embeddable":true,"href":"https:\/\/skinstudio.ee\/lv\/wp-json\/wp\/v2\/giftcard-category?post=60246"}],"curies":[{"name":"wp","href":"https:\/\/api.w.org\/{rel}","templated":true}]}}