{"id":60257,"date":"2024-06-15T09:13:36","date_gmt":"2024-06-15T09:13:36","guid":{"rendered":"https:\/\/skinstudio.ee\/?post_type=product&#038;p=60257"},"modified":"2025-12-29T09:56:25","modified_gmt":"2025-12-29T09:56:25","slug":"clear-cell-clarifying-salicylic-masque","status":"publish","type":"product","link":"https:\/\/skinstudio.ee\/lv\/catalog\/image-skincare\/clear-cell-clarifying-salicylic-masque\/","title":{"rendered":"CLEAR CELL Clarifying Salicylic Masque"},"content":{"rendered":"<p data-start=\"341\" data-end=\"710\">CLEAR CELL Clarifying Salicylic Masque ir att\u012bro\u0161a maska, kas pal\u012bdz atv\u0113rt aizsprostot\u0101s poras, samazin\u0101t lieko sebuma daudzumu un atsvaidzin\u0101t problem\u0101tisku \u0101du. Kr\u0113mveida tekst\u016bra darbojas k\u0101 intens\u012bvs att\u012bro\u0161s kop\u0161anas l\u012bdzeklis, kas jau p\u0113c pirm\u0101s lieto\u0161anas pal\u012bdz no\u0146emt net\u012brumus, izl\u012bdzin\u0101t \u0101das tekst\u016bru un mazin\u0101t aizsprostojumu redzam\u012bbu.<\/p>\n<p data-start=\"712\" data-end=\"967\">Augu ekstrakti nomierina \u0101du, atbalsta mitruma l\u012bdzsvaru un samazina aps\u0101rtumu &#8211; \u012bpa\u0161i svar\u012bgi \u0101dai, kas vienlaikus ir taukaina un dehidr\u0113ta. Masku var uzkl\u0101t uz visas sejas vai izmantot lok\u0101li viet\u0101s, kur veidojas iekaisumi vai pastiprin\u0101ta tauko\u0161an\u0101s.<\/p>\n<p data-start=\"969\" data-end=\"1041\">Lietojot 1\u20133 reizes ned\u0113\u013c\u0101, \u0101da k\u013c\u016bst t\u012br\u0101ka, svaig\u0101ka un l\u012bdzsvarot\u0101ka.<\/p>\n<p data-start=\"1043\" data-end=\"1060\"><strong data-start=\"1043\" data-end=\"1060\">Tilpums: 47 g<\/strong><\/p>\n","protected":false},"excerpt":{"rendered":"<p data-start=\"1280\" data-end=\"1314\">Att\u012bro\u0161a maska problem\u0101tiskai \u0101dai<\/p>\n<h2 data-start=\"1316\" data-end=\"1390\"><strong data-start=\"1320\" data-end=\"1388\">\u012apa\u0161\u012bbas IMAGE Skincare &#8211; CLEAR CELL Clarifying Salicylic Masque<\/strong><\/h2>\n<p data-start=\"1391\" data-end=\"1610\">\u2714\ufe0f Pal\u012bdz dzi\u013ci att\u012br\u012bt poras un samazin\u0101t sebuma p\u0101rpalikumu<br data-start=\"1452\" data-end=\"1455\" \/>\u2714\ufe0f Uzlabo \u0101das svaigumu un koptu izskatu<br data-start=\"1495\" data-end=\"1498\" \/>\u2714\ufe0f Izl\u012bdzina \u0101das tekst\u016bru<br data-start=\"1524\" data-end=\"1527\" \/>\u2714\ufe0f Pal\u012bdz mazin\u0101t iekaisumu redzam\u012bbu<br data-start=\"1564\" data-end=\"1567\" \/>\u2714\ufe0f Uzlabo \u0101das komfortu jut\u012bguma periodos<\/p>\n","protected":false},"featured_media":62131,"template":"","meta":[],"pwb-brand":[1134],"product_brand":[],"product_cat":[741,725,743,747],"product_tag":[],"giftcard-category":[],"class_list":{"0":"post-60257","1":"product","2":"type-product","3":"status-publish","4":"has-post-thumbnail","6":"pwb-brand-image-skincare","7":"product_cat-izsitumi","8":"product_cat-maskas","9":"product_cat-paplasinatas-poras","10":"product_cat-taukainai-adai","12":"first","13":"instock","14":"taxable","15":"shipping-taxable","16":"purchasable","17":"product-type-simple"},"acf":[],"brands":[{"id":1134,"name":"Image Skincare","slug":"image-skincare"}],"_links":{"self":[{"href":"https:\/\/skinstudio.ee\/lv\/wp-json\/wp\/v2\/product\/60257","targetHints":{"allow":["GET"]}}],"collection":[{"href":"https:\/\/skinstudio.ee\/lv\/wp-json\/wp\/v2\/product"}],"about":[{"href":"https:\/\/skinstudio.ee\/lv\/wp-json\/wp\/v2\/types\/product"}],"version-history":[{"count":0,"href":"https:\/\/skinstudio.ee\/lv\/wp-json\/wp\/v2\/product\/60257\/revisions"}],"wp:featuredmedia":[{"embeddable":true,"href":"https:\/\/skinstudio.ee\/lv\/wp-json\/wp\/v2\/media\/62131"}],"wp:attachment":[{"href":"https:\/\/skinstudio.ee\/lv\/wp-json\/wp\/v2\/media?parent=60257"}],"wp:term":[{"taxonomy":"pwb-brand","embeddable":true,"href":"https:\/\/skinstudio.ee\/lv\/wp-json\/wp\/v2\/pwb-brand?post=60257"},{"taxonomy":"product_brand","embeddable":true,"href":"https:\/\/skinstudio.ee\/lv\/wp-json\/wp\/v2\/product_brand?post=60257"},{"taxonomy":"product_cat","embeddable":true,"href":"https:\/\/skinstudio.ee\/lv\/wp-json\/wp\/v2\/product_cat?post=60257"},{"taxonomy":"product_tag","embeddable":true,"href":"https:\/\/skinstudio.ee\/lv\/wp-json\/wp\/v2\/product_tag?post=60257"},{"taxonomy":"giftcard-category","embeddable":true,"href":"https:\/\/skinstudio.ee\/lv\/wp-json\/wp\/v2\/giftcard-category?post=60257"}],"curies":[{"name":"wp","href":"https:\/\/api.w.org\/{rel}","templated":true}]}}