{"id":60268,"date":"2024-06-15T09:47:36","date_gmt":"2024-06-15T09:47:36","guid":{"rendered":"https:\/\/skinstudio.ee\/?post_type=product&#038;p=60268"},"modified":"2025-12-29T09:56:25","modified_gmt":"2025-12-29T09:56:25","slug":"clear-cell-clarifying-salicylic-blemish-gel","status":"publish","type":"product","link":"https:\/\/skinstudio.ee\/lv\/catalog\/image-skincare\/clear-cell-clarifying-salicylic-blemish-gel\/","title":{"rendered":"CLEAR CELL Clarifying Salicylic Blemish Gel"},"content":{"rendered":"<p data-start=\"350\" data-end=\"678\">CLEAR CELL Clarifying Salicylic Blemish Gel ir vieglas tekst\u016bras lok\u0101lais kop\u0161anas l\u012bdzeklis, kas pal\u012bdz nomierin\u0101t akt\u012bvus izsitumus, samazin\u0101t aps\u0101rtumu un uzlabot problem\u0101tiskas \u0101das izskatu. \u0100tri ies\u016bco\u0161\u0101 formula neatst\u0101j p\u0113das, t\u0101p\u0113c ir piem\u0113rota lieto\u0161anai gan dien\u0101, ar\u012b zem meikapa, gan vakara rut\u012bn\u0101.<\/p>\n<p data-start=\"680\" data-end=\"907\">G\u0113ls pal\u012bdz att\u012br\u012bt problem\u0101tisk\u0101s zonas, atbalsta poru svaigumu un samazina lieko sebuma daudzumu, kas var veicin\u0101t izsitumus. Prec\u012bzs aplikators \u013cauj uzkl\u0101t l\u012bdzekli tie\u0161i nepiecie\u0161amaj\u0101s viet\u0101s, neietekm\u0113jot apk\u0101rt\u0113jo \u0101du.<\/p>\n<p data-start=\"909\" data-end=\"993\">Piem\u0113rots taukainai, kombin\u0113tai un aknei pak\u013cautai \u0101dai, \u012bpa\u0161i saasin\u0101jumu periodos.<\/p>\n<p data-start=\"995\" data-end=\"1012\"><strong data-start=\"995\" data-end=\"1012\">Tilpums: 14 g<\/strong><\/p>\n","protected":false},"excerpt":{"rendered":"<p data-start=\"1220\" data-end=\"1256\">G\u0113ls pret izsitumiem ar salicilsk\u0101bi<\/p>\n<h2 data-start=\"1258\" data-end=\"1337\"><strong data-start=\"1262\" data-end=\"1335\">\u012apa\u0161\u012bbas IMAGE Skincare &#8211; CLEAR CELL Clarifying Salicylic Blemish Gel<\/strong><\/h2>\n<p data-start=\"1338\" data-end=\"1555\">\u2714\ufe0f Pal\u012bdz samazin\u0101t akt\u012bvu izsitumu redzam\u012bbu<br data-start=\"1383\" data-end=\"1386\" \/>\u2714\ufe0f Uzlabo poru svaigumu un t\u012br\u012bbu<br data-start=\"1419\" data-end=\"1422\" \/>\u2714\ufe0f Mazina lieko sebuma daudzumu un sp\u012bdumu<br data-start=\"1464\" data-end=\"1467\" \/>\u2714\ufe0f Nomierina aps\u0101rtumu un diskomfortu<br data-start=\"1504\" data-end=\"1507\" \/>\u2714\ufe0f \u0100tri ies\u016bcas un piem\u0113rots dienas lieto\u0161anai<\/p>\n","protected":false},"featured_media":62161,"template":"","meta":[],"pwb-brand":[1134],"product_brand":[],"product_cat":[741,723,747],"product_tag":[],"giftcard-category":[],"class_list":{"0":"post-60268","1":"product","2":"type-product","3":"status-publish","4":"has-post-thumbnail","6":"pwb-brand-image-skincare","7":"product_cat-izsitumi","8":"product_cat-serumi","9":"product_cat-taukainai-adai","11":"first","12":"instock","13":"taxable","14":"shipping-taxable","15":"purchasable","16":"product-type-simple"},"acf":[],"brands":[{"id":1134,"name":"Image Skincare","slug":"image-skincare"}],"_links":{"self":[{"href":"https:\/\/skinstudio.ee\/lv\/wp-json\/wp\/v2\/product\/60268","targetHints":{"allow":["GET"]}}],"collection":[{"href":"https:\/\/skinstudio.ee\/lv\/wp-json\/wp\/v2\/product"}],"about":[{"href":"https:\/\/skinstudio.ee\/lv\/wp-json\/wp\/v2\/types\/product"}],"version-history":[{"count":0,"href":"https:\/\/skinstudio.ee\/lv\/wp-json\/wp\/v2\/product\/60268\/revisions"}],"wp:featuredmedia":[{"embeddable":true,"href":"https:\/\/skinstudio.ee\/lv\/wp-json\/wp\/v2\/media\/62161"}],"wp:attachment":[{"href":"https:\/\/skinstudio.ee\/lv\/wp-json\/wp\/v2\/media?parent=60268"}],"wp:term":[{"taxonomy":"pwb-brand","embeddable":true,"href":"https:\/\/skinstudio.ee\/lv\/wp-json\/wp\/v2\/pwb-brand?post=60268"},{"taxonomy":"product_brand","embeddable":true,"href":"https:\/\/skinstudio.ee\/lv\/wp-json\/wp\/v2\/product_brand?post=60268"},{"taxonomy":"product_cat","embeddable":true,"href":"https:\/\/skinstudio.ee\/lv\/wp-json\/wp\/v2\/product_cat?post=60268"},{"taxonomy":"product_tag","embeddable":true,"href":"https:\/\/skinstudio.ee\/lv\/wp-json\/wp\/v2\/product_tag?post=60268"},{"taxonomy":"giftcard-category","embeddable":true,"href":"https:\/\/skinstudio.ee\/lv\/wp-json\/wp\/v2\/giftcard-category?post=60268"}],"curies":[{"name":"wp","href":"https:\/\/api.w.org\/{rel}","templated":true}]}}