{"id":60281,"date":"2024-06-15T10:28:07","date_gmt":"2024-06-15T10:28:07","guid":{"rendered":"https:\/\/skinstudio.ee\/?post_type=product&#038;p=60281"},"modified":"2025-12-29T09:56:25","modified_gmt":"2025-12-29T09:56:25","slug":"60281","status":"publish","type":"product","link":"https:\/\/skinstudio.ee\/lv\/catalog\/image-skincare\/60281\/","title":{"rendered":"CLEAR CELL Clarifying Repair Cr\u00e8me"},"content":{"rendered":"<p data-start=\"340\" data-end=\"665\">CLEAR CELL Clarifying Repair Cr\u00e8me ir nakts g\u0113lkr\u0113ms, kas paredz\u0113ts taukainai, kombin\u0113tai un aknei pak\u013cautai \u0101dai. Tas pal\u012bdz mazin\u0101t izsitumu redzam\u012bbu, uzlabo \u0101das toni un atst\u0101j \u0101du glud\u0101ku un mier\u012bg\u0101ku. Viegl\u0101 tekst\u016bra \u0101tri ies\u016bcas un neatst\u0101j smaguma saj\u016btu, atbalstot dabisko \u0101das atjauno\u0161anos nakt\u012b.<\/p>\n<p data-start=\"667\" data-end=\"943\">Formula darbojas laik\u0101, kad \u0101da visakt\u012bv\u0101k atjaunojas, pal\u012bdzot uztur\u0113t poru t\u012br\u012bbu, izl\u012bdzin\u0101t nel\u012bdzenumus un pie\u0161\u0137irt svaig\u0101ku, l\u012bdzsvarot\u0101ku izskatu. Piem\u0113rots k\u0101 patst\u0101v\u012bgs nakts l\u012bdzeklis vai k\u0101 p\u0113d\u0113jais solis vakara rut\u012bn\u0101, lai nomierin\u0101tu saspringtu un taukainu \u0101du.<\/p>\n<p data-start=\"945\" data-end=\"1012\">Regul\u0101ri lietojot, \u0101da k\u013c\u016bst t\u012br\u0101ka, vienm\u0113r\u012bg\u0101ka un l\u012bdzsvarot\u0101ka.<\/p>\n<p data-start=\"1014\" data-end=\"1031\"><strong data-start=\"1014\" data-end=\"1031\">Tilpums: 48 g<\/strong><\/p>\n","protected":false},"excerpt":{"rendered":"<p data-start=\"1244\" data-end=\"1278\">Nakts g\u0113lkr\u0113ms problem\u0101tiskai \u0101dai<\/p>\n<h2 data-start=\"1280\" data-end=\"1350\"><strong data-start=\"1284\" data-end=\"1348\">\u012apa\u0161\u012bbas IMAGE Skincare &#8211; CLEAR CELL Clarifying Repair Cr\u00e8me<\/strong><\/h2>\n<p data-start=\"1351\" data-end=\"1607\">\u2714\ufe0f Pal\u012bdz samazin\u0101t izsitumu redzam\u012bbu un uztur\u0113t poras t\u012bras<br data-start=\"1412\" data-end=\"1415\" \/>\u2714\ufe0f Uzlabo \u0101das tekst\u016bru un gludumu<br data-start=\"1449\" data-end=\"1452\" \/>\u2714\ufe0f Atbalsta svaig\u0101ku, vienm\u0113r\u012bg\u0101ku \u0101das toni<br data-start=\"1496\" data-end=\"1499\" \/>\u2714\ufe0f Samazina sp\u012bdumu un pal\u012bdz l\u012bdzsvarot sebuma izdal\u012b\u0161anos<br data-start=\"1558\" data-end=\"1561\" \/>\u2714\ufe0f Nodro\u0161ina vieglu, komfortablu mitrin\u0101\u0161anu<\/p>\n","protected":false},"featured_media":62156,"template":"","meta":[],"pwb-brand":[1134],"product_brand":[],"product_cat":[737,747],"product_tag":[],"giftcard-category":[],"class_list":{"0":"post-60281","1":"product","2":"type-product","3":"status-publish","4":"has-post-thumbnail","6":"pwb-brand-image-skincare","7":"product_cat-mitrinasana","8":"product_cat-taukaina-ada","10":"first","11":"instock","12":"sale","13":"taxable","14":"shipping-taxable","15":"purchasable","16":"product-type-simple"},"acf":[],"brands":[{"id":1134,"name":"Image Skincare","slug":"image-skincare"}],"_links":{"self":[{"href":"https:\/\/skinstudio.ee\/lv\/wp-json\/wp\/v2\/product\/60281","targetHints":{"allow":["GET"]}}],"collection":[{"href":"https:\/\/skinstudio.ee\/lv\/wp-json\/wp\/v2\/product"}],"about":[{"href":"https:\/\/skinstudio.ee\/lv\/wp-json\/wp\/v2\/types\/product"}],"version-history":[{"count":0,"href":"https:\/\/skinstudio.ee\/lv\/wp-json\/wp\/v2\/product\/60281\/revisions"}],"wp:featuredmedia":[{"embeddable":true,"href":"https:\/\/skinstudio.ee\/lv\/wp-json\/wp\/v2\/media\/62156"}],"wp:attachment":[{"href":"https:\/\/skinstudio.ee\/lv\/wp-json\/wp\/v2\/media?parent=60281"}],"wp:term":[{"taxonomy":"pwb-brand","embeddable":true,"href":"https:\/\/skinstudio.ee\/lv\/wp-json\/wp\/v2\/pwb-brand?post=60281"},{"taxonomy":"product_brand","embeddable":true,"href":"https:\/\/skinstudio.ee\/lv\/wp-json\/wp\/v2\/product_brand?post=60281"},{"taxonomy":"product_cat","embeddable":true,"href":"https:\/\/skinstudio.ee\/lv\/wp-json\/wp\/v2\/product_cat?post=60281"},{"taxonomy":"product_tag","embeddable":true,"href":"https:\/\/skinstudio.ee\/lv\/wp-json\/wp\/v2\/product_tag?post=60281"},{"taxonomy":"giftcard-category","embeddable":true,"href":"https:\/\/skinstudio.ee\/lv\/wp-json\/wp\/v2\/giftcard-category?post=60281"}],"curies":[{"name":"wp","href":"https:\/\/api.w.org\/{rel}","templated":true}]}}