{"id":60294,"date":"2024-06-15T10:47:47","date_gmt":"2024-06-15T10:47:47","guid":{"rendered":"https:\/\/skinstudio.ee\/?post_type=product&#038;p=60294"},"modified":"2025-12-29T09:56:25","modified_gmt":"2025-12-29T09:56:25","slug":"clear-cell-restoring-serum","status":"publish","type":"product","link":"https:\/\/skinstudio.ee\/lv\/catalog\/image-skincare\/clear-cell-restoring-serum\/","title":{"rendered":"CLEAR CELL Restoring Serum"},"content":{"rendered":"<div class=\"woocommerce-product-details__short-description\">\n<p data-start=\"364\" data-end=\"728\">CLEAR CELL Restoring Serum ir vieglas tekst\u016bras mitrino\u0161s un mat\u0113jo\u0161s serums, kas paredz\u0113ts taukainai, kombin\u0113tai un izsitumiem pak\u013cautai \u0101dai. Tas pal\u012bdz samazin\u0101t lieko sp\u012bdumu, atbalsta vesel\u012bgu \u0101das l\u012bdzsvaru un padara poras vizu\u0101li vienm\u0113r\u012bg\u0101kas. Svaig\u0101 \u017eelejveida formula \u0101tri ies\u016bcas un sniedz komfortablu mitrin\u0101\u0161anu bez smaguma saj\u016btas.<\/p>\n<p data-start=\"730\" data-end=\"1035\">Pateicoties nomierino\u0161ajiem augu ekstraktiem, serums pal\u012bdz mazin\u0101t \u0101das kairin\u0101jumu, atbalsta vienm\u0113r\u012bg\u0101ku toni un glud\u0101ku \u0101das virsmu. Ide\u0101li piem\u0113rots ikdienas lieto\u0161anai un var tikt izmantots pam\u012b\u0161us ar VITAL C serumu, lai taukainai vai problem\u0101tiskai \u0101dai pie\u0161\u0137irtu vair\u0101k mirdzuma un mitrin\u0101\u0161anas.<\/p>\n<p data-start=\"1037\" data-end=\"1103\">Regul\u0101ri lietojot, \u0101da izskat\u0101s t\u012br\u0101ka, l\u012bdzsvarot\u0101ka un svaig\u0101ka.<\/p>\n<p data-start=\"1105\" data-end=\"1123\"><strong data-start=\"1105\" data-end=\"1123\">Tilpums: 28 ml<\/strong><\/p>\n<\/div>\n","protected":false},"excerpt":{"rendered":"<p data-start=\"1323\" data-end=\"1373\">Nomierino\u0161s un mat\u0113jo\u0161s serums problem\u0101tiskai \u0101dai<\/p>\n<h2 data-start=\"1375\" data-end=\"1437\"><strong data-start=\"1379\" data-end=\"1435\">\u012apa\u0161\u012bbas IMAGE Skincare &#8211; CLEAR CELL Restoring Serum<\/strong><\/h2>\n<p data-start=\"1438\" data-end=\"1662\">\u2714\ufe0f Pal\u012bdz samazin\u0101t lieko sp\u012bdumu un l\u012bdzsvarot \u0101du<br data-start=\"1489\" data-end=\"1492\" \/>\u2714\ufe0f Padara \u0101das tekst\u016bru glud\u0101ku un vienm\u0113r\u012bg\u0101ku<br data-start=\"1539\" data-end=\"1542\" \/>\u2714\ufe0f Nodro\u0161ina ilgsto\u0161u svaiguma saj\u016btu<br data-start=\"1579\" data-end=\"1582\" \/>\u2714\ufe0f Mazina kairin\u0101jumu un diskomfortu<br data-start=\"1618\" data-end=\"1621\" \/>\u2714\ufe0f Uzlabo kop\u0113jo \u0101das izskatu un t\u012br\u012bbu<\/p>\n","protected":false},"featured_media":62141,"template":"","meta":[],"pwb-brand":[1134],"product_brand":[],"product_cat":[741,723,747],"product_tag":[],"giftcard-category":[],"class_list":{"0":"post-60294","1":"product","2":"type-product","3":"status-publish","4":"has-post-thumbnail","6":"pwb-brand-image-skincare","7":"product_cat-izsitumi","8":"product_cat-serumi","9":"product_cat-taukainai-adai","11":"first","12":"instock","13":"taxable","14":"shipping-taxable","15":"purchasable","16":"product-type-simple"},"acf":[],"brands":[{"id":1134,"name":"Image Skincare","slug":"image-skincare"}],"_links":{"self":[{"href":"https:\/\/skinstudio.ee\/lv\/wp-json\/wp\/v2\/product\/60294","targetHints":{"allow":["GET"]}}],"collection":[{"href":"https:\/\/skinstudio.ee\/lv\/wp-json\/wp\/v2\/product"}],"about":[{"href":"https:\/\/skinstudio.ee\/lv\/wp-json\/wp\/v2\/types\/product"}],"version-history":[{"count":0,"href":"https:\/\/skinstudio.ee\/lv\/wp-json\/wp\/v2\/product\/60294\/revisions"}],"wp:featuredmedia":[{"embeddable":true,"href":"https:\/\/skinstudio.ee\/lv\/wp-json\/wp\/v2\/media\/62141"}],"wp:attachment":[{"href":"https:\/\/skinstudio.ee\/lv\/wp-json\/wp\/v2\/media?parent=60294"}],"wp:term":[{"taxonomy":"pwb-brand","embeddable":true,"href":"https:\/\/skinstudio.ee\/lv\/wp-json\/wp\/v2\/pwb-brand?post=60294"},{"taxonomy":"product_brand","embeddable":true,"href":"https:\/\/skinstudio.ee\/lv\/wp-json\/wp\/v2\/product_brand?post=60294"},{"taxonomy":"product_cat","embeddable":true,"href":"https:\/\/skinstudio.ee\/lv\/wp-json\/wp\/v2\/product_cat?post=60294"},{"taxonomy":"product_tag","embeddable":true,"href":"https:\/\/skinstudio.ee\/lv\/wp-json\/wp\/v2\/product_tag?post=60294"},{"taxonomy":"giftcard-category","embeddable":true,"href":"https:\/\/skinstudio.ee\/lv\/wp-json\/wp\/v2\/giftcard-category?post=60294"}],"curies":[{"name":"wp","href":"https:\/\/api.w.org\/{rel}","templated":true}]}}