{"id":60304,"date":"2024-06-15T10:59:36","date_gmt":"2024-06-15T10:59:36","guid":{"rendered":"https:\/\/skinstudio.ee\/?post_type=product&#038;p=60304"},"modified":"2025-12-29T09:56:25","modified_gmt":"2025-12-29T09:56:25","slug":"clear-cell-mattifying-moisturizer","status":"publish","type":"product","link":"https:\/\/skinstudio.ee\/lv\/catalog\/image-skincare\/clear-cell-mattifying-moisturizer\/","title":{"rendered":"CLEAR CELL Mattifying Moisturizer"},"content":{"rendered":"<p data-start=\"222\" data-end=\"614\">CLEAR CELL Mattifying Moisturizer ir viegls, nomierino\u0161s kr\u0113ms, \u012bpa\u0161i rad\u012bts taukainai un problem\u0101tiskai \u0101dai, kurai nepiecie\u0161ama sabalans\u0113ta mitrin\u0101\u0161ana, komforts un sp\u012bduma kontrole. T\u0101s maiga un \u0101tri ies\u016bco\u0161a tekst\u016bra pal\u012bdz samazin\u0101t lieko sebuma daudzumu, nep\u0101rslogojot \u0101du un neizraisot aizsprostojumus. Kr\u0113ms uzlabo \u0101das gludumu un nodro\u0161ina mat\u0113tu, svaigu izskatu visas dienas garum\u0101.<\/p>\n<p data-start=\"616\" data-end=\"954\">Formula apvieno B6 vitam\u012bna atvasin\u0101jumus un nomierino\u0161u augu ekstraktu kompleksu, kas pal\u012bdz mazin\u0101t kairin\u0101jumu, stiprina \u0101das barjeru un uztur l\u012bdzsvarotu \u0101das st\u0101vokli. CLEAR CELL Mattifying Moisturizer ir lieliski piem\u0113rots ikdienas lieto\u0161anai un papildina citus Image Skincare produktus, nodro\u0161inot \u0113rtu un l\u012bdzsvarotu \u0101das kop\u0161anu.<\/p>\n<p data-start=\"956\" data-end=\"973\"><strong data-start=\"956\" data-end=\"968\">Tilpums:<\/strong> 57 g<\/p>\n","protected":false},"excerpt":{"rendered":"<p data-start=\"1245\" data-end=\"1264\">Mat\u0113 un mitrina \u0101du<\/p>\n<h2 data-start=\"1266\" data-end=\"1329\"><strong data-start=\"1266\" data-end=\"1329\">\u012apa\u0161\u012bbas Image Skincare &#8211; CLEAR CELL Mattifying Moisturizer<\/strong><\/h2>\n<p data-start=\"1331\" data-end=\"1519\">\u2714\ufe0f Samazina sp\u012bdumu visas dienas garum\u0101<br data-start=\"1370\" data-end=\"1373\" \/>\u2714\ufe0f Uzlabo \u0101das tekst\u016bru<br data-start=\"1396\" data-end=\"1399\" \/>\u2714\ufe0f Uztur l\u012bdzsvarotu problem\u0101tiskas \u0101das st\u0101vokli<br data-start=\"1448\" data-end=\"1451\" \/>\u2714\ufe0f Nomierina kairin\u0101jumu un aps\u0101rtumu<br data-start=\"1488\" data-end=\"1491\" \/>\u2714\ufe0f Samazina poru redzam\u012bbu<\/p>\n","protected":false},"featured_media":62136,"template":"","meta":[],"pwb-brand":[1134],"product_brand":[],"product_cat":[741,737,743,747],"product_tag":[],"giftcard-category":[],"class_list":{"0":"post-60304","1":"product","2":"type-product","3":"status-publish","4":"has-post-thumbnail","6":"pwb-brand-image-skincare","7":"product_cat-izsitumi","8":"product_cat-mitrinasana","9":"product_cat-paplasinatas-poras","10":"product_cat-taukainai-adai","12":"first","13":"instock","14":"taxable","15":"shipping-taxable","16":"purchasable","17":"product-type-simple"},"acf":[],"brands":[{"id":1134,"name":"Image Skincare","slug":"image-skincare"}],"_links":{"self":[{"href":"https:\/\/skinstudio.ee\/lv\/wp-json\/wp\/v2\/product\/60304","targetHints":{"allow":["GET"]}}],"collection":[{"href":"https:\/\/skinstudio.ee\/lv\/wp-json\/wp\/v2\/product"}],"about":[{"href":"https:\/\/skinstudio.ee\/lv\/wp-json\/wp\/v2\/types\/product"}],"version-history":[{"count":0,"href":"https:\/\/skinstudio.ee\/lv\/wp-json\/wp\/v2\/product\/60304\/revisions"}],"wp:featuredmedia":[{"embeddable":true,"href":"https:\/\/skinstudio.ee\/lv\/wp-json\/wp\/v2\/media\/62136"}],"wp:attachment":[{"href":"https:\/\/skinstudio.ee\/lv\/wp-json\/wp\/v2\/media?parent=60304"}],"wp:term":[{"taxonomy":"pwb-brand","embeddable":true,"href":"https:\/\/skinstudio.ee\/lv\/wp-json\/wp\/v2\/pwb-brand?post=60304"},{"taxonomy":"product_brand","embeddable":true,"href":"https:\/\/skinstudio.ee\/lv\/wp-json\/wp\/v2\/product_brand?post=60304"},{"taxonomy":"product_cat","embeddable":true,"href":"https:\/\/skinstudio.ee\/lv\/wp-json\/wp\/v2\/product_cat?post=60304"},{"taxonomy":"product_tag","embeddable":true,"href":"https:\/\/skinstudio.ee\/lv\/wp-json\/wp\/v2\/product_tag?post=60304"},{"taxonomy":"giftcard-category","embeddable":true,"href":"https:\/\/skinstudio.ee\/lv\/wp-json\/wp\/v2\/giftcard-category?post=60304"}],"curies":[{"name":"wp","href":"https:\/\/api.w.org\/{rel}","templated":true}]}}