{"id":60314,"date":"2024-06-17T13:07:37","date_gmt":"2024-06-17T13:07:37","guid":{"rendered":"https:\/\/skinstudio.ee\/?post_type=product&#038;p=60314"},"modified":"2025-12-29T09:56:25","modified_gmt":"2025-12-29T09:56:25","slug":"biome-smoothing-cloud-creme","status":"publish","type":"product","link":"https:\/\/skinstudio.ee\/lv\/catalog\/image-skincare\/biome-smoothing-cloud-creme\/","title":{"rendered":"BIOME+ Smoothing Cloud Cr\u00e8me"},"content":{"rendered":"<p data-start=\"245\" data-end=\"562\">BIOME+ Smoothing Cloud Cr\u00e8me ir intens\u012bvi mitrino\u0161s, gais\u012bgs kr\u0113ms, kas atjauno \u0101das mikrobiomu, stiprina aizsargbarjeru un nodro\u0161ina ilgsto\u0161u komfortu visiem \u0101das tipiem. T\u0101 viegl\u0101, \u201cm\u0101konim l\u012bdz\u012bg\u0101\u201d tekst\u016bra maigi ies\u016bcas \u0101d\u0101, samazina sausumu, uzlabo elast\u012bbu un padara \u0101du gludu un vienm\u0113r\u012bgu bez smaguma saj\u016btas.<\/p>\n<p data-start=\"564\" data-end=\"970\">Ferment\u0113t\u0101 cukurniedru skval\u0101ns pal\u012bdz uztur\u0113t l\u012bdzsvarotu mikrofloru un stiprina \u0101das barjeru, veicinot optim\u0101lu mitruma saglab\u0101\u0161anu. Sniega s\u0113nes un hialuronsk\u0101bes kombin\u0101cija nodro\u0161ina dzi\u013cu un ilgsto\u0161u mitrin\u0101\u0161anu, atst\u0101jot \u0101du maigu, elast\u012bgu un labi koptu. Lins\u0113klu, seleriju un saulespu\u0137u \u201csuper-s\u0113klu\u201d komplekss izl\u012bdzina \u0101das tekst\u016bru, samazina poru redzam\u012bbu un pie\u0161\u0137ir vesel\u012bgu, dab\u012bgu mirdzumu.<\/p>\n<p data-start=\"972\" data-end=\"1169\">Ar 98% dabiskas izcelsmes sast\u0101vda\u013cu un veg\u0101nisku formulu BIOME+ Smoothing Cloud Cr\u00e8me pied\u0101v\u0101 modernu, efekt\u012bvu un saudz\u012bgu ikdienas kop\u0161anu, kas apvieno \u0113rtumu, gludumu un dabisku \u0101das starojumu.<\/p>\n<p data-start=\"1171\" data-end=\"1188\"><strong data-start=\"1171\" data-end=\"1183\">Tilpums:<\/strong> 50 g<\/p>\n","protected":false},"excerpt":{"rendered":"<p data-start=\"1309\" data-end=\"1332\">Mitrino\u0161s gais\u012bgs kr\u0113ms<\/p>\n<h2 data-start=\"1334\" data-end=\"1392\"><strong data-start=\"1334\" data-end=\"1392\">\u012apa\u0161\u012bbas Image Skincare &#8211; BIOME+ Smoothing Cloud Cr\u00e8me<\/strong><\/h2>\n<p data-start=\"1394\" data-end=\"1587\">\u2714\ufe0f Intens\u012bvi mitrina un m\u012bkstina \u0101du<br data-start=\"1430\" data-end=\"1433\" \/>\u2714\ufe0f Izl\u012bdzina un padara tekst\u016bru gludu<br data-start=\"1470\" data-end=\"1473\" \/>\u2714\ufe0f Samazina poras un atsvaidzina toni<br data-start=\"1510\" data-end=\"1513\" \/>\u2714\ufe0f Stiprina barjeru un mikrobiomu<br data-start=\"1546\" data-end=\"1549\" \/>\u2714\ufe0f Pie\u0161\u0137ir dab\u012bgu, vesel\u012bgu mirdzumu<\/p>\n","protected":false},"featured_media":62126,"template":"","meta":[],"pwb-brand":[1134],"product_brand":[],"product_cat":[745,737,743,747],"product_tag":[],"giftcard-category":[],"class_list":{"0":"post-60314","1":"product","2":"type-product","3":"status-publish","4":"has-post-thumbnail","6":"pwb-brand-image-skincare","7":"product_cat-jutigai-adai","8":"product_cat-mitrinasana","9":"product_cat-paplasinatas-poras","10":"product_cat-taukainai-adai","12":"first","13":"instock","14":"taxable","15":"shipping-taxable","16":"purchasable","17":"product-type-simple"},"acf":[],"brands":[{"id":1134,"name":"Image Skincare","slug":"image-skincare"}],"_links":{"self":[{"href":"https:\/\/skinstudio.ee\/lv\/wp-json\/wp\/v2\/product\/60314","targetHints":{"allow":["GET"]}}],"collection":[{"href":"https:\/\/skinstudio.ee\/lv\/wp-json\/wp\/v2\/product"}],"about":[{"href":"https:\/\/skinstudio.ee\/lv\/wp-json\/wp\/v2\/types\/product"}],"version-history":[{"count":0,"href":"https:\/\/skinstudio.ee\/lv\/wp-json\/wp\/v2\/product\/60314\/revisions"}],"wp:featuredmedia":[{"embeddable":true,"href":"https:\/\/skinstudio.ee\/lv\/wp-json\/wp\/v2\/media\/62126"}],"wp:attachment":[{"href":"https:\/\/skinstudio.ee\/lv\/wp-json\/wp\/v2\/media?parent=60314"}],"wp:term":[{"taxonomy":"pwb-brand","embeddable":true,"href":"https:\/\/skinstudio.ee\/lv\/wp-json\/wp\/v2\/pwb-brand?post=60314"},{"taxonomy":"product_brand","embeddable":true,"href":"https:\/\/skinstudio.ee\/lv\/wp-json\/wp\/v2\/product_brand?post=60314"},{"taxonomy":"product_cat","embeddable":true,"href":"https:\/\/skinstudio.ee\/lv\/wp-json\/wp\/v2\/product_cat?post=60314"},{"taxonomy":"product_tag","embeddable":true,"href":"https:\/\/skinstudio.ee\/lv\/wp-json\/wp\/v2\/product_tag?post=60314"},{"taxonomy":"giftcard-category","embeddable":true,"href":"https:\/\/skinstudio.ee\/lv\/wp-json\/wp\/v2\/giftcard-category?post=60314"}],"curies":[{"name":"wp","href":"https:\/\/api.w.org\/{rel}","templated":true}]}}