{"id":60326,"date":"2024-06-17T13:48:43","date_gmt":"2024-06-17T13:48:43","guid":{"rendered":"https:\/\/skinstudio.ee\/?post_type=product&#038;p=60326"},"modified":"2025-12-29T09:56:25","modified_gmt":"2025-12-29T09:56:25","slug":"biome-cleansing-comfort-balm","status":"publish","type":"product","link":"https:\/\/skinstudio.ee\/lv\/catalog\/image-skincare\/biome-cleansing-comfort-balm\/","title":{"rendered":"BIOME+ Cleansing Comfort Balm"},"content":{"rendered":"<p data-start=\"285\" data-end=\"627\">BIOME+ Cleansing Comfort Balm ir barojo\u0161s att\u012bro\u0161ais balzams, kas apvieno kr\u0113mveida maigumu, r\u016bp\u012bgu att\u012br\u012b\u0161anu un intens\u012bvu mitrin\u0101\u0161anu. T\u0101 pies\u0101tin\u0101t\u0101, bet maig\u0101 tekst\u016bra saudz\u012bgi iz\u0161\u0137\u012bdina net\u012brumus, kosm\u0113tiku un lieko sebumu, nekairinot un nenodarot kait\u0113jumu \u0101das dabiskajam l\u012bdzsvaram. Piem\u0113rots visiem \u0101das tipiem, tostarp jut\u012bgai \u0101dai.<\/p>\n<p data-start=\"629\" data-end=\"906\">Ferment\u0113ta cukurniedru skval\u0101na iedarb\u012bba pal\u012bdz atjaunot \u0101das mikrobiomu un stiprina aizsargbarjeru, padarot \u0101du glud\u0101ku, stipr\u0101ku un iztur\u012bg\u0101ku pret \u0101r\u0113j\u0101s vides faktoriem. Piensk\u0101be maigi eksfoli\u0113 atmiru\u0161\u0101s \u0101das \u0161\u016bnas, izl\u012bdzinot \u0101das virsmu un atst\u0101jot to svaigu un m\u012bkstu.<\/p>\n<p data-start=\"908\" data-end=\"1239\">Augu e\u013c\u013cu mais\u012bjums nodro\u0161ina ilgsto\u0161u mitrin\u0101\u0161anu un komfortu, savuk\u0101rt kr\u0113m\u012bg\u0101, viegli e\u013c\u013cain\u0101 tekst\u016bra pie\u0161\u0137ir \u0101dai maigu un atsvaidzin\u0101tu saj\u016btu. Maiga greipfr\u016bta nots pie\u0161\u0137ir viegli uzmundrino\u0161u arom\u0101tu, padarot att\u012br\u012b\u0161anas ritu\u0101lu \u012bpa\u0161i pat\u012bkamu. Formula ir veg\u0101niska, nekomedog\u0113na un satur 95% dabiskas izcelsmes sast\u0101vda\u013cu.<\/p>\n<p data-start=\"1241\" data-end=\"1260\"><strong data-start=\"1241\" data-end=\"1253\">Tilpums:<\/strong> 118 ml<\/p>\n<p data-start=\"1262\" data-end=\"1399\">\n","protected":false},"excerpt":{"rendered":"<p data-start=\"1401\" data-end=\"1428\">Barojo\u0161s att\u012bro\u0161ais balzams<\/p>\n<h2 data-start=\"1430\" data-end=\"1489\"><strong data-start=\"1430\" data-end=\"1489\">\u012apa\u0161\u012bbas Image Skincare &#8211; BIOME+ Cleansing Comfort Balm<\/strong><\/h2>\n<p data-start=\"1491\" data-end=\"1713\">\u2714\ufe0f Saudz\u012bgi iz\u0161\u0137\u012bdina kosm\u0113tiku un net\u012brumus<br data-start=\"1535\" data-end=\"1538\" \/>\u2714\ufe0f Maigi eksfoli\u0113 un izl\u012bdzina \u0101du<br data-start=\"1572\" data-end=\"1575\" \/>\u2714\ufe0f Stiprina dabisko \u0101das aizsargbarjeru<br data-start=\"1614\" data-end=\"1617\" \/>\u2714\ufe0f Atbalsta vesel\u012bgu un l\u012bdzsvarotu mikrobiomu<br data-start=\"1663\" data-end=\"1666\" \/>\u2714\ufe0f Nodro\u0161ina ilgsto\u0161u mitrin\u0101\u0161anu un komfortu<\/p>\n","protected":false},"featured_media":62115,"template":"","meta":[],"pwb-brand":[1134],"product_brand":[],"product_cat":[715],"product_tag":[],"giftcard-category":[],"class_list":{"0":"post-60326","1":"product","2":"type-product","3":"status-publish","4":"has-post-thumbnail","6":"pwb-brand-image-skincare","7":"product_cat-attirisana","9":"first","10":"instock","11":"taxable","12":"shipping-taxable","13":"purchasable","14":"product-type-simple"},"acf":[],"brands":[{"id":1134,"name":"Image Skincare","slug":"image-skincare"}],"_links":{"self":[{"href":"https:\/\/skinstudio.ee\/lv\/wp-json\/wp\/v2\/product\/60326","targetHints":{"allow":["GET"]}}],"collection":[{"href":"https:\/\/skinstudio.ee\/lv\/wp-json\/wp\/v2\/product"}],"about":[{"href":"https:\/\/skinstudio.ee\/lv\/wp-json\/wp\/v2\/types\/product"}],"version-history":[{"count":0,"href":"https:\/\/skinstudio.ee\/lv\/wp-json\/wp\/v2\/product\/60326\/revisions"}],"wp:featuredmedia":[{"embeddable":true,"href":"https:\/\/skinstudio.ee\/lv\/wp-json\/wp\/v2\/media\/62115"}],"wp:attachment":[{"href":"https:\/\/skinstudio.ee\/lv\/wp-json\/wp\/v2\/media?parent=60326"}],"wp:term":[{"taxonomy":"pwb-brand","embeddable":true,"href":"https:\/\/skinstudio.ee\/lv\/wp-json\/wp\/v2\/pwb-brand?post=60326"},{"taxonomy":"product_brand","embeddable":true,"href":"https:\/\/skinstudio.ee\/lv\/wp-json\/wp\/v2\/product_brand?post=60326"},{"taxonomy":"product_cat","embeddable":true,"href":"https:\/\/skinstudio.ee\/lv\/wp-json\/wp\/v2\/product_cat?post=60326"},{"taxonomy":"product_tag","embeddable":true,"href":"https:\/\/skinstudio.ee\/lv\/wp-json\/wp\/v2\/product_tag?post=60326"},{"taxonomy":"giftcard-category","embeddable":true,"href":"https:\/\/skinstudio.ee\/lv\/wp-json\/wp\/v2\/giftcard-category?post=60326"}],"curies":[{"name":"wp","href":"https:\/\/api.w.org\/{rel}","templated":true}]}}