{"id":60336,"date":"2024-06-17T13:25:02","date_gmt":"2024-06-17T13:25:02","guid":{"rendered":"https:\/\/skinstudio.ee\/?post_type=product&#038;p=60336"},"modified":"2025-12-29T09:56:25","modified_gmt":"2025-12-29T09:56:25","slug":"biome-dew-bright-serum","status":"publish","type":"product","link":"https:\/\/skinstudio.ee\/lv\/catalog\/image-skincare\/biome-dew-bright-serum\/","title":{"rendered":"BIOME+ Dew Bright Serum"},"content":{"rendered":"<p data-start=\"293\" data-end=\"651\">BIOME+ Dew Bright Serum ir mitrino\u0161s un atsvaidzino\u0161s hibr\u012bdserums, kas apvieno \u016bden\u012b un e\u013c\u013c\u0101 \u0161\u0137\u012bsto\u0161u sast\u0101vda\u013cu lab\u0101k\u0101s \u012bpa\u0161\u012bbas. T\u0101 viegl\u0101, \u0101tri ies\u016bco\u0161\u0101 tekst\u016bra pie\u0161\u0137ir \u0101dai t\u016bl\u012bt\u0113ju mitrin\u0101\u0161anu, uzlabo elast\u012bbu un pie\u0161\u0137ir vesel\u012bgu, mitru mirdzumu. Piem\u0113rots visiem \u0101das tipiem, tostarp jut\u012bgai \u0101dai, nodro\u0161inot komfortablu un svaigu saj\u016btu bez smaguma.<\/p>\n<p data-start=\"653\" data-end=\"932\">Ferment\u0113ts cukurniedru skval\u0101ns pal\u012bdz uztur\u0113t sabalans\u0113tu mikrobiomu un stiprina dabisko \u0101das aizsargbarjeru, veicinot glud\u0101ku un iztur\u012bg\u0101ku \u0101du. Niaic\u012bnam\u012bda, saulespu\u0137u s\u0113klu ekstrakta un centellas tr\u012bsvien\u012bba vienm\u0113rina \u0101das toni, mazina bl\u0101vumu un atjauno vesel\u012bgu mirdzumu.<\/p>\n<p data-start=\"934\" data-end=\"1225\">Veg\u0101niska, \u0161\u0137\u0113rssavienota hialuronsk\u0101be nodro\u0161ina ilgsto\u0161u, dzi\u013cu mitrin\u0101\u0161anu, pal\u012bdzot saglab\u0101t \u0101das tvirtumu un elast\u012bbu visas dienas garum\u0101. Ar 92% dabiskas izcelsmes sast\u0101vda\u013cu BIOME+ Dew Bright Serum ir lieliski piem\u0113rots ikdienas lieto\u0161anai mirdzo\u0161as un labi mitrin\u0101tas \u0101das ieg\u016b\u0161anai.<\/p>\n<p data-start=\"1227\" data-end=\"1245\"><strong data-start=\"1227\" data-end=\"1239\">Tilpums:<\/strong> 30 ml<\/p>\n","protected":false},"excerpt":{"rendered":"<p data-start=\"1323\" data-end=\"1349\">Atsvaidzino\u0161s hibr\u012bdserums<\/p>\n<h2 data-start=\"1351\" data-end=\"1404\"><strong data-start=\"1351\" data-end=\"1404\">\u012apa\u0161\u012bbas Image Skincare &#8211; BIOME+ Dew Bright Serum<\/strong><\/h2>\n<p data-start=\"1406\" data-end=\"1603\">\u2714\ufe0f Nodro\u0161ina dzi\u013cu un ilgsto\u0161u mitrin\u0101\u0161anu<br data-start=\"1448\" data-end=\"1451\" \/>\u2714\ufe0f Vienm\u0113rina toni un pie\u0161\u0137ir mirdzumu<br data-start=\"1489\" data-end=\"1492\" \/>\u2714\ufe0f Stiprina \u0101das barjeru un mikrobiomu<br data-start=\"1530\" data-end=\"1533\" \/>\u2714\ufe0f M\u012bkstina un izl\u012bdzina tekst\u016bru<br data-start=\"1566\" data-end=\"1569\" \/>\u2714\ufe0f Pie\u0161\u0137ir svaigu, mitru izskatu<\/p>\n","protected":false},"featured_media":62121,"template":"","meta":[],"pwb-brand":[1134],"product_brand":[],"product_cat":[745,743,723,747],"product_tag":[],"giftcard-category":[],"class_list":{"0":"post-60336","1":"product","2":"type-product","3":"status-publish","4":"has-post-thumbnail","6":"pwb-brand-image-skincare","7":"product_cat-jutigai-adai","8":"product_cat-paplasinatas-poras","9":"product_cat-serumi","10":"product_cat-taukainai-adai","12":"first","13":"instock","14":"taxable","15":"shipping-taxable","16":"purchasable","17":"product-type-simple"},"acf":[],"brands":[{"id":1134,"name":"Image Skincare","slug":"image-skincare"}],"_links":{"self":[{"href":"https:\/\/skinstudio.ee\/lv\/wp-json\/wp\/v2\/product\/60336","targetHints":{"allow":["GET"]}}],"collection":[{"href":"https:\/\/skinstudio.ee\/lv\/wp-json\/wp\/v2\/product"}],"about":[{"href":"https:\/\/skinstudio.ee\/lv\/wp-json\/wp\/v2\/types\/product"}],"version-history":[{"count":0,"href":"https:\/\/skinstudio.ee\/lv\/wp-json\/wp\/v2\/product\/60336\/revisions"}],"wp:featuredmedia":[{"embeddable":true,"href":"https:\/\/skinstudio.ee\/lv\/wp-json\/wp\/v2\/media\/62121"}],"wp:attachment":[{"href":"https:\/\/skinstudio.ee\/lv\/wp-json\/wp\/v2\/media?parent=60336"}],"wp:term":[{"taxonomy":"pwb-brand","embeddable":true,"href":"https:\/\/skinstudio.ee\/lv\/wp-json\/wp\/v2\/pwb-brand?post=60336"},{"taxonomy":"product_brand","embeddable":true,"href":"https:\/\/skinstudio.ee\/lv\/wp-json\/wp\/v2\/product_brand?post=60336"},{"taxonomy":"product_cat","embeddable":true,"href":"https:\/\/skinstudio.ee\/lv\/wp-json\/wp\/v2\/product_cat?post=60336"},{"taxonomy":"product_tag","embeddable":true,"href":"https:\/\/skinstudio.ee\/lv\/wp-json\/wp\/v2\/product_tag?post=60336"},{"taxonomy":"giftcard-category","embeddable":true,"href":"https:\/\/skinstudio.ee\/lv\/wp-json\/wp\/v2\/giftcard-category?post=60336"}],"curies":[{"name":"wp","href":"https:\/\/api.w.org\/{rel}","templated":true}]}}