{"id":60351,"date":"2024-07-12T14:25:53","date_gmt":"2024-07-12T14:25:53","guid":{"rendered":"https:\/\/skinstudio.ee\/?post_type=product&#038;p=60351"},"modified":"2025-12-29T09:56:26","modified_gmt":"2025-12-29T09:56:26","slug":"daily-prevention-advanced-smartblend-mineral-moisturiser-spf-50","status":"publish","type":"product","link":"https:\/\/skinstudio.ee\/lv\/catalog\/image-skincare\/daily-prevention-advanced-smartblend-mineral-moisturiser-spf-50\/","title":{"rendered":"Daily Prevention Advanced Smartblend Mineral Moisturiser SPF 50"},"content":{"rendered":"<p data-start=\"313\" data-end=\"655\">DAILY PREVENTION Advanced Smartblend Mineral Moisturiser ir piln\u012bb\u0101 miner\u0101lais dienas kr\u0113ms, kas rad\u012bts jut\u012bgai un aps\u0101rtumam pak\u013cautai \u0101dai. Tas nodro\u0161ina dro\u0161u UV aizsardz\u012bbu, pal\u012bdz nov\u0113rst priek\u0161laic\u012bgu noveco\u0161anos un saglab\u0101 intens\u012bvu mitrin\u0101\u0161anu visas dienas garum\u0101. Viegl\u0101 tekst\u016bra lieliski uzs\u016bcas un ir piem\u0113rota ikdienas lieto\u0161anai.<\/p>\n<p data-start=\"657\" data-end=\"921\">Image Skincare XOSM\u2122 tehnolo\u0123ija pal\u012bdz nog\u0101d\u0101t mitrino\u0161\u0101s akt\u012bv\u0101s vielas dzi\u013c\u0101k \u0101das sl\u0101\u0146os, stiprina aizsargbarjeru, mazina kairin\u0101jumu un uztur \u0101du maigu, mier\u012bgu un l\u012bdzsvarotu. Kr\u0113ms pal\u012bdz samazin\u0101t aps\u0101rtumu un uzlabo jut\u012bgas \u0101das komfortu un izl\u012bdzin\u0101t\u012bbu.<\/p>\n<p data-start=\"923\" data-end=\"1238\">Neitr\u0101lais Smartblend tonis piel\u0101gojas \u0101das tonim, maigi kori\u0123\u0113jot aps\u0101rtumu un atsvaidzinot sejas kr\u0101su. Formula ir piem\u0113rota visiem \u0101das tipiem un ide\u0101li piem\u0113rota lieto\u0161anai zem kosm\u0113tikas, neatst\u0101jot baltu k\u0101rti\u0146u. Ieteicams ar\u012b p\u0113c proced\u016br\u0101m, kad \u0101dai nepiecie\u0161ama papildus aizsardz\u012bba un mitruma atjauno\u0161ana.<\/p>\n<p data-start=\"1240\" data-end=\"1257\"><strong data-start=\"1240\" data-end=\"1252\">Tilpums:<\/strong> 48 g<\/p>\n","protected":false},"excerpt":{"rendered":"<p data-start=\"1651\" data-end=\"1674\">Kori\u0123\u0113 toni un aizsarg\u0101<\/p>\n<h2 data-start=\"1676\" data-end=\"1762\"><strong data-start=\"1676\" data-end=\"1762\">\u012apa\u0161\u012bbas Image Skincare &#8211; Daily Prevention Advanced Smartblend Mineral Moisturiser<\/strong><\/h2>\n<p data-start=\"1764\" data-end=\"1952\">\u2714\ufe0f Kori\u0123\u0113 \u0101das toni un aps\u0101rtumu<br data-start=\"1796\" data-end=\"1799\" \/>\u2714\ufe0f Nomierina jut\u012bgu un rea\u0123\u0113jo\u0161u \u0101du<br data-start=\"1835\" data-end=\"1838\" \/>\u2714\ufe0f Aizsarg\u0101 no UV un zil\u0101s gaismas<br data-start=\"1872\" data-end=\"1875\" \/>\u2714\ufe0f Mitrina \u0101du visas dienas garum\u0101<br data-start=\"1909\" data-end=\"1912\" \/>\u2714\ufe0f Nodro\u0161ina gludu, dabisku p\u0101rkl\u0101jumu<\/p>\n","protected":false},"featured_media":62523,"template":"","meta":[],"pwb-brand":[1134],"product_brand":[],"product_cat":[731],"product_tag":[],"giftcard-category":[],"class_list":{"0":"post-60351","1":"product","2":"type-product","3":"status-publish","4":"has-post-thumbnail","6":"pwb-brand-image-skincare","7":"product_cat-spf-aizsardziba","9":"first","10":"instock","11":"taxable","12":"shipping-taxable","13":"purchasable","14":"product-type-simple"},"acf":[],"brands":[{"id":1134,"name":"Image Skincare","slug":"image-skincare"}],"_links":{"self":[{"href":"https:\/\/skinstudio.ee\/lv\/wp-json\/wp\/v2\/product\/60351","targetHints":{"allow":["GET"]}}],"collection":[{"href":"https:\/\/skinstudio.ee\/lv\/wp-json\/wp\/v2\/product"}],"about":[{"href":"https:\/\/skinstudio.ee\/lv\/wp-json\/wp\/v2\/types\/product"}],"version-history":[{"count":0,"href":"https:\/\/skinstudio.ee\/lv\/wp-json\/wp\/v2\/product\/60351\/revisions"}],"wp:featuredmedia":[{"embeddable":true,"href":"https:\/\/skinstudio.ee\/lv\/wp-json\/wp\/v2\/media\/62523"}],"wp:attachment":[{"href":"https:\/\/skinstudio.ee\/lv\/wp-json\/wp\/v2\/media?parent=60351"}],"wp:term":[{"taxonomy":"pwb-brand","embeddable":true,"href":"https:\/\/skinstudio.ee\/lv\/wp-json\/wp\/v2\/pwb-brand?post=60351"},{"taxonomy":"product_brand","embeddable":true,"href":"https:\/\/skinstudio.ee\/lv\/wp-json\/wp\/v2\/product_brand?post=60351"},{"taxonomy":"product_cat","embeddable":true,"href":"https:\/\/skinstudio.ee\/lv\/wp-json\/wp\/v2\/product_cat?post=60351"},{"taxonomy":"product_tag","embeddable":true,"href":"https:\/\/skinstudio.ee\/lv\/wp-json\/wp\/v2\/product_tag?post=60351"},{"taxonomy":"giftcard-category","embeddable":true,"href":"https:\/\/skinstudio.ee\/lv\/wp-json\/wp\/v2\/giftcard-category?post=60351"}],"curies":[{"name":"wp","href":"https:\/\/api.w.org\/{rel}","templated":true}]}}