{"id":60363,"date":"2024-07-13T09:37:22","date_gmt":"2024-07-13T09:37:22","guid":{"rendered":"https:\/\/skinstudio.ee\/?post_type=product&#038;p=60363"},"modified":"2026-02-24T15:46:25","modified_gmt":"2026-02-24T15:46:25","slug":"daily-prevention-pure-mineral-hydrating-moisturiser-spf-30","status":"publish","type":"product","link":"https:\/\/skinstudio.ee\/lv\/catalog\/image-skincare\/daily-prevention-pure-mineral-hydrating-moisturiser-spf-30\/","title":{"rendered":"Daily Prevention Pure Mineral Hydrating Moisturiser SPF 30"},"content":{"rendered":"<p data-start=\"223\" data-end=\"530\">Daily Prevention Pure Mineral Hydrating Moisturiser ir intens\u012bvi mitrino\u0161s dienas kr\u0113ms ar miner\u0101lo saules aizsardz\u012bbu. Tas ir ide\u0101li piem\u0113rots norm\u0101lai un sausai \u0101dai, k\u0101 ar\u012b akt\u012bva dz\u012bvesveida piekrit\u0113jiem. Viegl\u0101 tekst\u016bra \u0101tri ies\u016bcas un harmoniski sapl\u016bst ar jebkuru \u0101das toni, neatst\u0101jot baltu k\u0101rti\u0146u.<\/p>\n<p data-start=\"532\" data-end=\"785\">Papildus pla\u0161a spektra UV aizsardz\u012bbai kr\u0113ms pal\u012bdz pasarg\u0101t \u0101du no zil\u0101s gaismas un infrasarkan\u0101 starojuma, ko rada ekr\u0101ni un apk\u0101rt\u0113j\u0101s vides faktori. Tas vienm\u0113r\u012bgi kl\u0101jas, nodro\u0161inot \u0101dai komfortablu mitrin\u0101\u0161anu un lieliski kalpojot k\u0101 meikapa b\u0101ze.<\/p>\n<p data-start=\"787\" data-end=\"1011\">XOSM\u00ae tehnolo\u0123ija kop\u0101 ar hialuronsk\u0101bi un C vitam\u012bnu nodro\u0161ina bag\u0101t\u012bgu mitrin\u0101\u0161anu, stiprina \u0101das barjeru un pal\u012bdz saglab\u0101t m\u012bkstumu un elast\u012bbu visas dienas garum\u0101. Kr\u0113ms uztur \u0101das svaigumu, gludumu un vesel\u012bgu izskatu.<\/p>\n<p data-start=\"1013\" data-end=\"1030\"><strong data-start=\"1013\" data-end=\"1025\">Tilpums:<\/strong> <span class=\"s1\">28 g \/ 73 g\u00a0<\/span><\/p>\n","protected":false},"excerpt":{"rendered":"<p data-start=\"1328\" data-end=\"1354\">Mitrino\u0161s miner\u0101lais kr\u0113ms<\/p>\n<h2 data-start=\"1356\" data-end=\"1437\"><strong data-start=\"1356\" data-end=\"1437\">\u012apa\u0161\u012bbas Image Skincare &#8211; Daily Prevention Pure Mineral Hydrating Moisturiser<\/strong><\/h2>\n<p data-start=\"1439\" data-end=\"1617\">\u2714\ufe0f \u0100tri ies\u016bcas bez baltas k\u0101rtas<br data-start=\"1472\" data-end=\"1475\" \/>\u2714\ufe0f Dzi\u013ci mitrina un m\u012bkstina \u0101du<br data-start=\"1507\" data-end=\"1510\" \/>\u2714\ufe0f Aizsarg\u0101 no UV un zil\u0101s gaismas<br data-start=\"1544\" data-end=\"1547\" \/>\u2714\ufe0f Uzlabo komfortu un gludumu<br data-start=\"1576\" data-end=\"1579\" \/>\u2714\ufe0f Atbalsta elast\u012bbu un \u0101das barjeru<\/p>\n","protected":false},"featured_media":62468,"template":"","meta":[],"pwb-brand":[1134],"product_brand":[],"product_cat":[731,753],"product_tag":[],"giftcard-category":[],"class_list":{"0":"post-60363","1":"product","2":"type-product","3":"status-publish","4":"has-post-thumbnail","6":"pwb-brand-image-skincare","7":"product_cat-spf-aizsardziba","8":"product_cat-travel-size-lv","9":"pa_suurus-28g-lv","10":"pa_suurus-73g-lv","12":"first","13":"instock","14":"taxable","15":"shipping-taxable","16":"purchasable","17":"product-type-variable"},"acf":[],"brands":[{"id":1134,"name":"Image Skincare","slug":"image-skincare"}],"_links":{"self":[{"href":"https:\/\/skinstudio.ee\/lv\/wp-json\/wp\/v2\/product\/60363","targetHints":{"allow":["GET"]}}],"collection":[{"href":"https:\/\/skinstudio.ee\/lv\/wp-json\/wp\/v2\/product"}],"about":[{"href":"https:\/\/skinstudio.ee\/lv\/wp-json\/wp\/v2\/types\/product"}],"version-history":[{"count":1,"href":"https:\/\/skinstudio.ee\/lv\/wp-json\/wp\/v2\/product\/60363\/revisions"}],"predecessor-version":[{"id":83545,"href":"https:\/\/skinstudio.ee\/lv\/wp-json\/wp\/v2\/product\/60363\/revisions\/83545"}],"wp:featuredmedia":[{"embeddable":true,"href":"https:\/\/skinstudio.ee\/lv\/wp-json\/wp\/v2\/media\/62468"}],"wp:attachment":[{"href":"https:\/\/skinstudio.ee\/lv\/wp-json\/wp\/v2\/media?parent=60363"}],"wp:term":[{"taxonomy":"pwb-brand","embeddable":true,"href":"https:\/\/skinstudio.ee\/lv\/wp-json\/wp\/v2\/pwb-brand?post=60363"},{"taxonomy":"product_brand","embeddable":true,"href":"https:\/\/skinstudio.ee\/lv\/wp-json\/wp\/v2\/product_brand?post=60363"},{"taxonomy":"product_cat","embeddable":true,"href":"https:\/\/skinstudio.ee\/lv\/wp-json\/wp\/v2\/product_cat?post=60363"},{"taxonomy":"product_tag","embeddable":true,"href":"https:\/\/skinstudio.ee\/lv\/wp-json\/wp\/v2\/product_tag?post=60363"},{"taxonomy":"giftcard-category","embeddable":true,"href":"https:\/\/skinstudio.ee\/lv\/wp-json\/wp\/v2\/giftcard-category?post=60363"}],"curies":[{"name":"wp","href":"https:\/\/api.w.org\/{rel}","templated":true}]}}