{"id":60384,"date":"2024-07-13T10:08:03","date_gmt":"2024-07-13T10:08:03","guid":{"rendered":"https:\/\/skinstudio.ee\/?post_type=product&#038;p=60384"},"modified":"2025-12-29T09:56:29","modified_gmt":"2025-12-29T09:56:29","slug":"prevention-clear-solar-gel-spf-30","status":"publish","type":"product","link":"https:\/\/skinstudio.ee\/lv\/catalog\/image-skincare\/prevention-clear-solar-gel-spf-30\/","title":{"rendered":"Prevention+ Clear Solar Gel SPF 30"},"content":{"rendered":"<p data-start=\"391\" data-end=\"711\">Prevention+ Clear Solar Gel ir 100% caursp\u012bd\u012bgs saules aizsargg\u0113ls, kas uzreiz ies\u016bcas \u0101d\u0101, neatst\u0101jot redzamas p\u0113das, un nodro\u0161ina svaigu, vieglu mitrin\u0101\u0161anu. T\u0101 neman\u0101m\u0101 tekst\u016bra harmoniski piem\u0113rojas jebkuram \u0101das tonim, padarot to lieliski piem\u0113rotu ikdienas lieto\u0161anai, akt\u012bvam dz\u012bvesveidam vai k\u0101 b\u0101zi zem meikapa.<\/p>\n<p data-start=\"713\" data-end=\"927\">Formula bez \u016bdens nodro\u0161ina uzticamu UVA un UVB aizsardz\u012bbu, k\u0101 ar\u012b \u016bdensnotur\u012bbu l\u012bdz 80 min\u016bt\u0113m. T\u0101 pal\u012bdz pasarg\u0101t \u0101du no fotonoveco\u0161an\u0101s un apk\u0101rt\u0113j\u0101s vides rad\u012bt\u0101 stresa, vienlaikus saglab\u0101jot komforta saj\u016btu.<\/p>\n<p data-start=\"929\" data-end=\"1172\">Ferment\u0113tas cukurniedres augu skval\u0101ns nodro\u0161ina ilgsto\u0161u mitrin\u0101\u0161anu, savuk\u0101rt za\u013c\u0101s t\u0113jas ekstrakts un vitam\u012bni C un E sniedz antioksidantu aizsardz\u012bbu. Dab\u012bg\u0101 apels\u012bna mizas e\u013c\u013ca pie\u0161\u0137ir svaigu citrusaug\u013cu arom\u0101tu. Formula ir nekomeedog\u0113na.<\/p>\n<p data-start=\"1174\" data-end=\"1193\"><strong data-start=\"1174\" data-end=\"1186\">Tilpums:<\/strong> 42.5 g<\/p>\n","protected":false},"excerpt":{"rendered":"<p data-start=\"1478\" data-end=\"1498\">Caursp\u012bd\u012bgs SPF gels<\/p>\n<h2 data-start=\"1500\" data-end=\"1557\"><strong data-start=\"1500\" data-end=\"1557\">\u012apa\u0161\u012bbas Image Skincare &#8211; Prevention+ Clear Solar Gel<\/strong><\/h2>\n<p data-start=\"1559\" data-end=\"1748\">\u2714\ufe0f Nodro\u0161ina neman\u0101mu SPF 30 aizsardz\u012bbu<br data-start=\"1599\" data-end=\"1602\" \/>\u2714\ufe0f \u0100tri ies\u016bcas, neatst\u0101j baltu k\u0101rtu<br data-start=\"1639\" data-end=\"1642\" \/>\u2714\ufe0f Mitrina un m\u012bkstina \u0101du<br data-start=\"1668\" data-end=\"1671\" \/>\u2714\ufe0f Viegls, ikdienai piem\u0113rots sast\u0101vs<br data-start=\"1708\" data-end=\"1711\" \/>\u2714\ufe0f Lieliski piem\u0113rots meikapa b\u0101zei<\/p>\n","protected":false},"featured_media":62513,"template":"","meta":[],"pwb-brand":[1134],"product_brand":[],"product_cat":[731],"product_tag":[],"giftcard-category":[],"class_list":{"0":"post-60384","1":"product","2":"type-product","3":"status-publish","4":"has-post-thumbnail","6":"pwb-brand-image-skincare","7":"product_cat-spf-aizsardziba","9":"first","10":"instock","11":"sale","12":"taxable","13":"shipping-taxable","14":"purchasable","15":"product-type-simple"},"acf":[],"brands":[{"id":1134,"name":"Image Skincare","slug":"image-skincare"}],"_links":{"self":[{"href":"https:\/\/skinstudio.ee\/lv\/wp-json\/wp\/v2\/product\/60384","targetHints":{"allow":["GET"]}}],"collection":[{"href":"https:\/\/skinstudio.ee\/lv\/wp-json\/wp\/v2\/product"}],"about":[{"href":"https:\/\/skinstudio.ee\/lv\/wp-json\/wp\/v2\/types\/product"}],"version-history":[{"count":0,"href":"https:\/\/skinstudio.ee\/lv\/wp-json\/wp\/v2\/product\/60384\/revisions"}],"wp:featuredmedia":[{"embeddable":true,"href":"https:\/\/skinstudio.ee\/lv\/wp-json\/wp\/v2\/media\/62513"}],"wp:attachment":[{"href":"https:\/\/skinstudio.ee\/lv\/wp-json\/wp\/v2\/media?parent=60384"}],"wp:term":[{"taxonomy":"pwb-brand","embeddable":true,"href":"https:\/\/skinstudio.ee\/lv\/wp-json\/wp\/v2\/pwb-brand?post=60384"},{"taxonomy":"product_brand","embeddable":true,"href":"https:\/\/skinstudio.ee\/lv\/wp-json\/wp\/v2\/product_brand?post=60384"},{"taxonomy":"product_cat","embeddable":true,"href":"https:\/\/skinstudio.ee\/lv\/wp-json\/wp\/v2\/product_cat?post=60384"},{"taxonomy":"product_tag","embeddable":true,"href":"https:\/\/skinstudio.ee\/lv\/wp-json\/wp\/v2\/product_tag?post=60384"},{"taxonomy":"giftcard-category","embeddable":true,"href":"https:\/\/skinstudio.ee\/lv\/wp-json\/wp\/v2\/giftcard-category?post=60384"}],"curies":[{"name":"wp","href":"https:\/\/api.w.org\/{rel}","templated":true}]}}