{"id":60406,"date":"2024-11-23T12:15:30","date_gmt":"2024-11-23T12:15:30","guid":{"rendered":"https:\/\/skinstudio.ee\/?post_type=product&#038;p=60406"},"modified":"2025-12-29T09:56:27","modified_gmt":"2025-12-29T09:56:27","slug":"iluma-intense-brightening-eye-creme","status":"publish","type":"product","link":"https:\/\/skinstudio.ee\/lv\/catalog\/image-skincare\/iluma-intense-brightening-eye-creme\/","title":{"rendered":"Iluma Intense Brightening Eye Creme"},"content":{"rendered":"<p data-start=\"2457\" data-end=\"2700\">Iluma Intense Brightening Eye Creme ir rad\u012bts, lai kori\u0123\u0113tu un izl\u012bdzin\u0101tu \u0101das toni ap ac\u012bm, kur visbie\u017e\u0101k par\u0101d\u0101s noguruma un noveco\u0161an\u0101s paz\u012bmes. Viegl\u0101, bet barojo\u0161\u0101 tekst\u016bra pal\u012bdz mazin\u0101t bl\u0101vumu, svaidina skatienu un samazina piet\u016bkumu.<\/p>\n<p data-start=\"2702\" data-end=\"2994\">Augu cilmes \u0161\u016bnu ekstrakti, pept\u012bdi un izgaismojo\u0161\u0101s akt\u012bv\u0101s vielas maigi iedarbojas uz jut\u012bgo acu zonu, uzlabojot t\u0101s tvirtumu un gludumu. Kr\u0113ms pal\u012bdz samazin\u0101t tum\u0161os lokus, m\u012bkstina smalk\u0101s l\u012bnijas un veicina vienm\u0113r\u012bg\u0101ku, koptu izskatu. Tas \u0101tri ies\u016bcas un atst\u0101j \u0101du mitrin\u0101tu un maigu.<\/p>\n<p data-start=\"2996\" data-end=\"3092\">Regul\u0101ra lieto\u0161ana pal\u012bdz atjaunot \u0101das mirdzumu un padara acu zonu vizu\u0101li svaig\u0101ku un glud\u0101ku.<\/p>\n<p data-start=\"3094\" data-end=\"3112\"><strong data-start=\"3094\" data-end=\"3106\">Tilpums:<\/strong> 15 ml<\/p>\n","protected":false},"excerpt":{"rendered":"<p data-start=\"3152\" data-end=\"3180\">Acs zonas izgaismojo\u0161s kr\u0113ms<\/p>\n<h2 data-start=\"3182\" data-end=\"3247\"><strong data-start=\"3182\" data-end=\"3247\">\u012apa\u0161\u012bbas Image Skincare &#8211; Iluma Intense Brightening Eye Creme<\/strong><\/h2>\n<p data-start=\"3249\" data-end=\"3436\">\u2714\ufe0f Izgaismo un izl\u012bdzina \u0101das toni<br data-start=\"3283\" data-end=\"3286\" \/>\u2714\ufe0f Samazina tum\u0161os lokus un bl\u0101vumu<br data-start=\"3321\" data-end=\"3324\" \/>\u2714\ufe0f M\u012bkstina un izl\u012bdzina s\u012bkas l\u012bnijas<br data-start=\"3362\" data-end=\"3365\" \/>\u2714\ufe0f Mazina piet\u016bkumu un atsvaidzina<br data-start=\"3399\" data-end=\"3402\" \/>\u2714\ufe0f Atbalsta tvirtumu un elast\u012bbu<\/p>\n","protected":false},"featured_media":62105,"template":"","meta":[],"pwb-brand":[1134],"product_brand":[],"product_cat":[733],"product_tag":[],"giftcard-category":[],"class_list":{"0":"post-60406","1":"product","2":"type-product","3":"status-publish","4":"has-post-thumbnail","6":"pwb-brand-image-skincare","7":"product_cat-ada-ap-acim","9":"first","10":"instock","11":"taxable","12":"shipping-taxable","13":"purchasable","14":"product-type-simple"},"acf":[],"brands":[{"id":1134,"name":"Image Skincare","slug":"image-skincare"}],"_links":{"self":[{"href":"https:\/\/skinstudio.ee\/lv\/wp-json\/wp\/v2\/product\/60406","targetHints":{"allow":["GET"]}}],"collection":[{"href":"https:\/\/skinstudio.ee\/lv\/wp-json\/wp\/v2\/product"}],"about":[{"href":"https:\/\/skinstudio.ee\/lv\/wp-json\/wp\/v2\/types\/product"}],"version-history":[{"count":0,"href":"https:\/\/skinstudio.ee\/lv\/wp-json\/wp\/v2\/product\/60406\/revisions"}],"wp:featuredmedia":[{"embeddable":true,"href":"https:\/\/skinstudio.ee\/lv\/wp-json\/wp\/v2\/media\/62105"}],"wp:attachment":[{"href":"https:\/\/skinstudio.ee\/lv\/wp-json\/wp\/v2\/media?parent=60406"}],"wp:term":[{"taxonomy":"pwb-brand","embeddable":true,"href":"https:\/\/skinstudio.ee\/lv\/wp-json\/wp\/v2\/pwb-brand?post=60406"},{"taxonomy":"product_brand","embeddable":true,"href":"https:\/\/skinstudio.ee\/lv\/wp-json\/wp\/v2\/product_brand?post=60406"},{"taxonomy":"product_cat","embeddable":true,"href":"https:\/\/skinstudio.ee\/lv\/wp-json\/wp\/v2\/product_cat?post=60406"},{"taxonomy":"product_tag","embeddable":true,"href":"https:\/\/skinstudio.ee\/lv\/wp-json\/wp\/v2\/product_tag?post=60406"},{"taxonomy":"giftcard-category","embeddable":true,"href":"https:\/\/skinstudio.ee\/lv\/wp-json\/wp\/v2\/giftcard-category?post=60406"}],"curies":[{"name":"wp","href":"https:\/\/api.w.org\/{rel}","templated":true}]}}