{"id":60505,"date":"2024-11-23T12:25:43","date_gmt":"2024-11-23T12:25:43","guid":{"rendered":"https:\/\/skinstudio.ee\/?post_type=product&#038;p=60505"},"modified":"2025-12-29T09:56:27","modified_gmt":"2025-12-29T09:56:27","slug":"iluma-brightening-body-lotion","status":"publish","type":"product","link":"https:\/\/skinstudio.ee\/lv\/catalog\/image-skincare\/iluma-brightening-body-lotion\/","title":{"rendered":"Iluma Brightening Body Lotion"},"content":{"rendered":"<div class=\"woocommerce-product-details__short-description\">\n<p data-start=\"331\" data-end=\"612\">Iluma Brightening Body Lotion ir intens\u012bvs \u0137erme\u0146a \u0101das izgaismojo\u0161s l\u012bdzeklis, kas pal\u012bdz kori\u0123\u0113t nevienm\u0113r\u012bgu toni, pigment\u0101cijas plankumus un ar vecumu saist\u012btas kr\u0101sas izmai\u0146as. Viegl\u0101, bet efekt\u012bv\u0101 formula uzlabo \u0101das vizu\u0101lo skaidr\u012bbu un atjauno glud\u0101ku, starojo\u0161\u0101ku izskatu.<\/p>\n<p data-start=\"614\" data-end=\"975\">Sast\u0101v\u0101 eso\u0161ais DermaPep (dipept\u012bds-16) kop\u0101 ar lakricas, tuberozes, margrieti\u0146as, kurkumas un virzas ekstraktiem atbalsta izgaismojo\u0161o iedarb\u012bbu un uzlabo \u0101das kop\u0113jo izskatu. Vectorize tehnolo\u0123ija nodro\u0161ina akt\u012bvo vielu pak\u0101penisku izdal\u012b\u0161anos l\u012bdz pat 48 stund\u0101m, veicinot ilgsto\u0161u efektu.<br data-start=\"906\" data-end=\"909\" \/>Produkts paredz\u0113ts <strong data-start=\"928\" data-end=\"974\">tikai \u0137ermenim un nav piem\u0113rots sejas \u0101dai<\/strong>.<\/p>\n<p data-start=\"977\" data-end=\"995\"><strong data-start=\"977\" data-end=\"989\">Tilpums:<\/strong> 170 g<\/p>\n<\/div>\n","protected":false},"excerpt":{"rendered":"<p data-start=\"1094\" data-end=\"1122\">Izgaismojo\u0161s \u0137erme\u0146a losjons<\/p>\n<h2 data-start=\"1124\" data-end=\"1183\"><strong data-start=\"1124\" data-end=\"1183\">\u012apa\u0161\u012bbas Image Skincare &#8211; Iluma Brightening Body Lotion<\/strong><\/h2>\n<p data-start=\"1185\" data-end=\"1364\">\u2714\ufe0f Dzi\u013ci mitrina un m\u012bkstina \u0101du<br data-start=\"1217\" data-end=\"1220\" \/>\u2714\ufe0f Veicina vienm\u0113r\u012bg\u0101ku \u0137erme\u0146a toni<br data-start=\"1256\" data-end=\"1259\" \/>\u2714\ufe0f Samazina tum\u0161o plankumu redzam\u012bbu<br data-start=\"1295\" data-end=\"1298\" \/>\u2714\ufe0f Padara \u0101du gludu un starojo\u0161u<br data-start=\"1330\" data-end=\"1333\" \/>\u2714\ufe0f Uzlabo koptas \u0101das izskatu<\/p>\n","protected":false},"featured_media":62085,"template":"","meta":[],"pwb-brand":[1134],"product_brand":[],"product_cat":[757],"product_tag":[],"giftcard-category":[],"class_list":{"0":"post-60505","1":"product","2":"type-product","3":"status-publish","4":"has-post-thumbnail","6":"pwb-brand-image-skincare","7":"product_cat-kermena-kopsana","9":"first","10":"instock","11":"taxable","12":"shipping-taxable","13":"purchasable","14":"product-type-simple"},"acf":[],"brands":[{"id":1134,"name":"Image Skincare","slug":"image-skincare"}],"_links":{"self":[{"href":"https:\/\/skinstudio.ee\/lv\/wp-json\/wp\/v2\/product\/60505","targetHints":{"allow":["GET"]}}],"collection":[{"href":"https:\/\/skinstudio.ee\/lv\/wp-json\/wp\/v2\/product"}],"about":[{"href":"https:\/\/skinstudio.ee\/lv\/wp-json\/wp\/v2\/types\/product"}],"version-history":[{"count":0,"href":"https:\/\/skinstudio.ee\/lv\/wp-json\/wp\/v2\/product\/60505\/revisions"}],"wp:featuredmedia":[{"embeddable":true,"href":"https:\/\/skinstudio.ee\/lv\/wp-json\/wp\/v2\/media\/62085"}],"wp:attachment":[{"href":"https:\/\/skinstudio.ee\/lv\/wp-json\/wp\/v2\/media?parent=60505"}],"wp:term":[{"taxonomy":"pwb-brand","embeddable":true,"href":"https:\/\/skinstudio.ee\/lv\/wp-json\/wp\/v2\/pwb-brand?post=60505"},{"taxonomy":"product_brand","embeddable":true,"href":"https:\/\/skinstudio.ee\/lv\/wp-json\/wp\/v2\/product_brand?post=60505"},{"taxonomy":"product_cat","embeddable":true,"href":"https:\/\/skinstudio.ee\/lv\/wp-json\/wp\/v2\/product_cat?post=60505"},{"taxonomy":"product_tag","embeddable":true,"href":"https:\/\/skinstudio.ee\/lv\/wp-json\/wp\/v2\/product_tag?post=60505"},{"taxonomy":"giftcard-category","embeddable":true,"href":"https:\/\/skinstudio.ee\/lv\/wp-json\/wp\/v2\/giftcard-category?post=60505"}],"curies":[{"name":"wp","href":"https:\/\/api.w.org\/{rel}","templated":true}]}}