{"id":60516,"date":"2024-11-23T12:49:00","date_gmt":"2024-11-23T12:49:00","guid":{"rendered":"https:\/\/skinstudio.ee\/?post_type=product&#038;p=60516"},"modified":"2025-12-29T09:56:29","modified_gmt":"2025-12-29T09:56:29","slug":"md-restoring-eye-masks","status":"publish","type":"product","link":"https:\/\/skinstudio.ee\/lv\/catalog\/image-skincare\/md-restoring-eye-masks\/","title":{"rendered":"MD Restoring Eye Masks"},"content":{"rendered":"<p data-start=\"346\" data-end=\"671\">MD Restoring Eye Masks ir nomierino\u0161as un stiprino\u0161as acu zonas maskas, kas pal\u012bdz acumirkl\u012b atsvaidzin\u0101t un atjaunot jut\u012bgo \u0101du ap ac\u012bm. T\u0101s pal\u012bdz samazin\u0101t noguruma paz\u012bmes, uzlabot \u0101das elast\u012bbu un atgriezt skatienam svaigumu. Ide\u0101li piem\u0113rotas r\u012bta lieto\u0161anai, lai mazin\u0101tu piet\u016bkumu, vai vakaros pirms svar\u012bga notikuma.<\/p>\n<p data-start=\"673\" data-end=\"949\">Maskas stingri turas sav\u0101 viet\u0101 un nesl\u012bd, \u013caujot Jums br\u012bvi kust\u0113ties. To mitrino\u0161\u0101 un izl\u012bdzino\u0161\u0101 iedarb\u012bba pal\u012bdz samazin\u0101t piet\u016bkumu, m\u012bkstin\u0101t smalk\u0101s l\u012bnijas un uzlabot \u0101das gludumu. T\u0101s var izmantot ar\u012b apk\u0101rt mutei, lai pal\u012bdz\u0113tu nov\u0113rst m\u012bmikas l\u012bniju padzi\u013cin\u0101\u0161anos.<\/p>\n<p data-start=\"951\" data-end=\"971\"><strong data-start=\"951\" data-end=\"963\">Tilpums:<\/strong> 1 p\u0101ris<\/p>\n","protected":false},"excerpt":{"rendered":"<p data-start=\"1260\" data-end=\"1288\">Atsvaidzino\u0161as acu pl\u0101ksteri<\/p>\n<h2 data-start=\"1290\" data-end=\"1342\"><strong data-start=\"1290\" data-end=\"1342\">\u012apa\u0161\u012bbas Image Skincare &#8211; MD Restoring Eye Masks<\/strong><\/h2>\n<p data-start=\"1344\" data-end=\"1517\">\u2714\ufe0f Atsvaidzina un atdz\u012bvina \u0101du<br data-start=\"1375\" data-end=\"1378\" \/>\u2714\ufe0f Samazina piet\u016bkumu un nogurumu<br data-start=\"1411\" data-end=\"1414\" \/>\u2714\ufe0f M\u012bkstina un izl\u012bdzina l\u012bnijas<br data-start=\"1446\" data-end=\"1449\" \/>\u2714\ufe0f Mitrina un stiprina acu zonu<br data-start=\"1480\" data-end=\"1483\" \/>\u2714\ufe0f Nodro\u0161ina \u0101tru, koptu izskatu<\/p>\n","protected":false},"featured_media":62075,"template":"","meta":[],"pwb-brand":[1134],"product_brand":[],"product_cat":[733,725],"product_tag":[],"giftcard-category":[],"class_list":{"0":"post-60516","1":"product","2":"type-product","3":"status-publish","4":"has-post-thumbnail","6":"pwb-brand-image-skincare","7":"product_cat-ada-ap-acim","8":"product_cat-maskas","10":"first","11":"instock","12":"taxable","13":"shipping-taxable","14":"purchasable","15":"product-type-simple"},"acf":[],"brands":[{"id":1134,"name":"Image Skincare","slug":"image-skincare"}],"_links":{"self":[{"href":"https:\/\/skinstudio.ee\/lv\/wp-json\/wp\/v2\/product\/60516","targetHints":{"allow":["GET"]}}],"collection":[{"href":"https:\/\/skinstudio.ee\/lv\/wp-json\/wp\/v2\/product"}],"about":[{"href":"https:\/\/skinstudio.ee\/lv\/wp-json\/wp\/v2\/types\/product"}],"version-history":[{"count":0,"href":"https:\/\/skinstudio.ee\/lv\/wp-json\/wp\/v2\/product\/60516\/revisions"}],"wp:featuredmedia":[{"embeddable":true,"href":"https:\/\/skinstudio.ee\/lv\/wp-json\/wp\/v2\/media\/62075"}],"wp:attachment":[{"href":"https:\/\/skinstudio.ee\/lv\/wp-json\/wp\/v2\/media?parent=60516"}],"wp:term":[{"taxonomy":"pwb-brand","embeddable":true,"href":"https:\/\/skinstudio.ee\/lv\/wp-json\/wp\/v2\/pwb-brand?post=60516"},{"taxonomy":"product_brand","embeddable":true,"href":"https:\/\/skinstudio.ee\/lv\/wp-json\/wp\/v2\/product_brand?post=60516"},{"taxonomy":"product_cat","embeddable":true,"href":"https:\/\/skinstudio.ee\/lv\/wp-json\/wp\/v2\/product_cat?post=60516"},{"taxonomy":"product_tag","embeddable":true,"href":"https:\/\/skinstudio.ee\/lv\/wp-json\/wp\/v2\/product_tag?post=60516"},{"taxonomy":"giftcard-category","embeddable":true,"href":"https:\/\/skinstudio.ee\/lv\/wp-json\/wp\/v2\/giftcard-category?post=60516"}],"curies":[{"name":"wp","href":"https:\/\/api.w.org\/{rel}","templated":true}]}}