{"id":60529,"date":"2024-11-23T13:15:30","date_gmt":"2024-11-23T13:15:30","guid":{"rendered":"https:\/\/skinstudio.ee\/?post_type=product&#038;p=60529"},"modified":"2025-12-29T09:56:27","modified_gmt":"2025-12-29T09:56:27","slug":"iluma-intense-brightening-creme","status":"publish","type":"product","link":"https:\/\/skinstudio.ee\/lv\/catalog\/image-skincare\/iluma-intense-brightening-creme\/","title":{"rendered":"Iluma Intense Brightening Creme"},"content":{"rendered":"<p data-start=\"325\" data-end=\"712\">Iluma Intense Brightening Creme ir revolucion\u0101rs izgaismojo\u0161s kr\u0113ms, kas pal\u012bdz samazin\u0101t pigment\u0101cijas plankumus, noveco\u0161an\u0101s rad\u012bt\u0101s kr\u0101sas izmai\u0146as un nevienm\u0113r\u012bgu \u0101das toni. Saudz\u012bg\u0101, bet efekt\u012bv\u0101 formula iedarbojas uz pigment\u0101cijas procesiem, pal\u012bdzot atjaunot gai\u0161\u0101ku, vienm\u0113r\u012bg\u0101ku un starojo\u0161\u0101ku \u0101das izskatu. Piem\u0113rots ikdienas lieto\u0161anai, lai uztur\u0113tu svaigu un koptu \u0101das toni.<\/p>\n<p data-start=\"714\" data-end=\"1027\">Ekskluz\u012bvais fitokomplekss pal\u012bdz uzlabot \u0101das vizu\u0101lo skaidr\u012bbu un mirdzumu. Vectorize tehnolo\u0123ija nodro\u0161ina akt\u012bvo vielu pak\u0101penisku izdal\u012b\u0161anos l\u012bdz pat 48 stund\u0101m, pastiprinot kr\u0113ma efektivit\u0101ti un nodro\u0161inot ilgsto\u0161u iedarb\u012bbu. Kr\u0113mam ir pat\u012bkama tekst\u016bra, kas \u0101tri ies\u016bcas un piem\u0113rota da\u017e\u0101diem \u0101das tipiem.<\/p>\n<p data-start=\"1029\" data-end=\"1046\"><strong data-start=\"1029\" data-end=\"1041\">Tilpums:<\/strong> 48 g<\/p>\n","protected":false},"excerpt":{"rendered":"<p data-start=\"1092\" data-end=\"1120\">Intens\u012bvs izgaismojo\u0161s kr\u0113ms<\/p>\n<h2 data-start=\"1122\" data-end=\"1183\"><strong data-start=\"1122\" data-end=\"1183\">\u012apa\u0161\u012bbas Image Skincare &#8211; Iluma Intense Brightening Creme<\/strong><\/h2>\n<p data-start=\"1185\" data-end=\"1362\">\u2714\ufe0f Veicina vienm\u0113r\u012bg\u0101ku \u0101das toni<br data-start=\"1218\" data-end=\"1221\" \/>\u2714\ufe0f Samazina tum\u0161os plankumus<br data-start=\"1249\" data-end=\"1252\" \/>\u2714\ufe0f Uzlabo \u0101das gai\u0161umu un skaidr\u012bbu<br data-start=\"1287\" data-end=\"1290\" \/>\u2714\ufe0f Padara \u0101du gludu un maigu<br data-start=\"1318\" data-end=\"1321\" \/>\u2714\ufe0f Nodro\u0161ina starojo\u0161u un koptu izskatu<\/p>\n","protected":false},"featured_media":62070,"template":"","meta":[],"pwb-brand":[1134],"product_brand":[],"product_cat":[737,751],"product_tag":[],"giftcard-category":[],"class_list":{"0":"post-60529","1":"product","2":"type-product","3":"status-publish","4":"has-post-thumbnail","6":"pwb-brand-image-skincare","7":"product_cat-mitrinasana","8":"product_cat-pigmentacija-lv","10":"first","11":"instock","12":"sale","13":"taxable","14":"shipping-taxable","15":"purchasable","16":"product-type-simple"},"acf":[],"brands":[{"id":1134,"name":"Image Skincare","slug":"image-skincare"}],"_links":{"self":[{"href":"https:\/\/skinstudio.ee\/lv\/wp-json\/wp\/v2\/product\/60529","targetHints":{"allow":["GET"]}}],"collection":[{"href":"https:\/\/skinstudio.ee\/lv\/wp-json\/wp\/v2\/product"}],"about":[{"href":"https:\/\/skinstudio.ee\/lv\/wp-json\/wp\/v2\/types\/product"}],"version-history":[{"count":0,"href":"https:\/\/skinstudio.ee\/lv\/wp-json\/wp\/v2\/product\/60529\/revisions"}],"wp:featuredmedia":[{"embeddable":true,"href":"https:\/\/skinstudio.ee\/lv\/wp-json\/wp\/v2\/media\/62070"}],"wp:attachment":[{"href":"https:\/\/skinstudio.ee\/lv\/wp-json\/wp\/v2\/media?parent=60529"}],"wp:term":[{"taxonomy":"pwb-brand","embeddable":true,"href":"https:\/\/skinstudio.ee\/lv\/wp-json\/wp\/v2\/pwb-brand?post=60529"},{"taxonomy":"product_brand","embeddable":true,"href":"https:\/\/skinstudio.ee\/lv\/wp-json\/wp\/v2\/product_brand?post=60529"},{"taxonomy":"product_cat","embeddable":true,"href":"https:\/\/skinstudio.ee\/lv\/wp-json\/wp\/v2\/product_cat?post=60529"},{"taxonomy":"product_tag","embeddable":true,"href":"https:\/\/skinstudio.ee\/lv\/wp-json\/wp\/v2\/product_tag?post=60529"},{"taxonomy":"giftcard-category","embeddable":true,"href":"https:\/\/skinstudio.ee\/lv\/wp-json\/wp\/v2\/giftcard-category?post=60529"}],"curies":[{"name":"wp","href":"https:\/\/api.w.org\/{rel}","templated":true}]}}