{"id":60691,"date":"2024-11-25T14:04:40","date_gmt":"2024-11-25T14:04:40","guid":{"rendered":"https:\/\/skinstudio.ee\/?post_type=product&#038;p=60691"},"modified":"2025-12-29T09:56:27","modified_gmt":"2025-12-29T09:56:27","slug":"iluma-intense-brightening-serum","status":"publish","type":"product","link":"https:\/\/skinstudio.ee\/lv\/catalog\/image-skincare\/iluma-intense-brightening-serum\/","title":{"rendered":"Iluma Intense Brightening Serum"},"content":{"rendered":"<p data-start=\"218\" data-end=\"511\">Iluma Intense Brightening Serum ir \u012bpa\u0161i viegla, bez e\u013c\u013c\u0101m veidota formula, kas pal\u012bdz mazin\u0101t bl\u0101vumu, nomierin\u0101t \u0101du un pie\u0161\u0137irt tai gai\u0161\u0101ku, vienm\u0113r\u012bg\u0101ku toni. Z\u012bdain\u0101 tekst\u016bra maigi izkl\u0101jas pa \u0101du, \u0101tri ies\u016bcas un pal\u012bdz samazin\u0101t redzamu iekaisumu, vienlaikus pie\u0161\u0137irot svaig\u0101ku izskatu.<\/p>\n<p data-start=\"513\" data-end=\"883\">Seruma sast\u0101v\u0101 ir r\u016bp\u012bgi izv\u0113l\u0113ta izgaismojo\u0161u un antioksidantu vielu kombin\u0101cija, kas darbojas siner\u0123iski:<br data-start=\"620\" data-end=\"623\" \/>\u2022 <strong data-start=\"625\" data-end=\"639\">C vitam\u012bns<\/strong> pal\u012bdz izl\u012bdzin\u0101t \u0101das toni un pie\u0161\u0137irt tai vair\u0101k mirdzuma.<br data-start=\"700\" data-end=\"703\" \/>\u2022 <strong data-start=\"705\" data-end=\"733\">V\u012bnogu kauli\u0146u ekstrakts<\/strong> m\u012bkstina \u0101du un atbalsta vesel\u012bgu mirdzumu.<br data-start=\"777\" data-end=\"780\" \/>\u2022 <strong data-start=\"782\" data-end=\"816\">Maigi izgaismojo\u0161ie komponenti<\/strong> samazina tum\u0161o plankumu redzam\u012bbu un pal\u012bdz vienm\u0113r\u012bg\u0101kam tonim.<\/p>\n<p data-start=\"885\" data-end=\"1076\">Pateicoties vieglajai tekst\u016brai, serums ir piem\u0113rots ar\u012b jut\u012bgai \u0101dai, tostarp p\u0113c l\u0101zerproced\u016br\u0101m vai depil\u0101cijas. Regul\u0101ras lieto\u0161anas laik\u0101 \u0101da k\u013c\u016bst glud\u0101ka, gai\u0161\u0101ka un vizu\u0101li atjaunota.<\/p>\n<p data-start=\"1078\" data-end=\"1096\"><strong data-start=\"1078\" data-end=\"1090\">Tilpums:<\/strong> 30 ml<\/p>\n","protected":false},"excerpt":{"rendered":"<p data-start=\"1142\" data-end=\"1161\">Izgaismojo\u0161s serums<\/p>\n<h2 data-start=\"1163\" data-end=\"1224\"><strong data-start=\"1163\" data-end=\"1224\">\u012apa\u0161\u012bbas Image Skincare &#8211; Iluma Intense Brightening Serum<\/strong><\/h2>\n<p data-start=\"1226\" data-end=\"1417\">\u2714\ufe0f Izgaismo \u0101du un mazina bl\u0101vumu<br data-start=\"1259\" data-end=\"1262\" \/>\u2714\ufe0f Veicina vienm\u0113r\u012bg\u0101ku un svaig\u0101ku toni<br data-start=\"1302\" data-end=\"1305\" \/>\u2714\ufe0f Samazina tum\u0161o plankumu redzam\u012bbu<br data-start=\"1341\" data-end=\"1344\" \/>\u2714\ufe0f \u0100tri ies\u016bcas un m\u012bkstina \u0101du<br data-start=\"1375\" data-end=\"1378\" \/>\u2714\ufe0f Pie\u0161\u0137ir dabisku, vesel\u012bgu mirdzumu<\/p>\n","protected":false},"featured_media":62060,"template":"","meta":[],"pwb-brand":[1134],"product_brand":[],"product_cat":[751,723],"product_tag":[],"giftcard-category":[],"class_list":{"0":"post-60691","1":"product","2":"type-product","3":"status-publish","4":"has-post-thumbnail","6":"pwb-brand-image-skincare","7":"product_cat-pigmentacija-lv","8":"product_cat-serumi","10":"first","11":"instock","12":"taxable","13":"shipping-taxable","14":"purchasable","15":"product-type-simple"},"acf":[],"brands":[{"id":1134,"name":"Image Skincare","slug":"image-skincare"}],"_links":{"self":[{"href":"https:\/\/skinstudio.ee\/lv\/wp-json\/wp\/v2\/product\/60691","targetHints":{"allow":["GET"]}}],"collection":[{"href":"https:\/\/skinstudio.ee\/lv\/wp-json\/wp\/v2\/product"}],"about":[{"href":"https:\/\/skinstudio.ee\/lv\/wp-json\/wp\/v2\/types\/product"}],"version-history":[{"count":0,"href":"https:\/\/skinstudio.ee\/lv\/wp-json\/wp\/v2\/product\/60691\/revisions"}],"wp:featuredmedia":[{"embeddable":true,"href":"https:\/\/skinstudio.ee\/lv\/wp-json\/wp\/v2\/media\/62060"}],"wp:attachment":[{"href":"https:\/\/skinstudio.ee\/lv\/wp-json\/wp\/v2\/media?parent=60691"}],"wp:term":[{"taxonomy":"pwb-brand","embeddable":true,"href":"https:\/\/skinstudio.ee\/lv\/wp-json\/wp\/v2\/pwb-brand?post=60691"},{"taxonomy":"product_brand","embeddable":true,"href":"https:\/\/skinstudio.ee\/lv\/wp-json\/wp\/v2\/product_brand?post=60691"},{"taxonomy":"product_cat","embeddable":true,"href":"https:\/\/skinstudio.ee\/lv\/wp-json\/wp\/v2\/product_cat?post=60691"},{"taxonomy":"product_tag","embeddable":true,"href":"https:\/\/skinstudio.ee\/lv\/wp-json\/wp\/v2\/product_tag?post=60691"},{"taxonomy":"giftcard-category","embeddable":true,"href":"https:\/\/skinstudio.ee\/lv\/wp-json\/wp\/v2\/giftcard-category?post=60691"}],"curies":[{"name":"wp","href":"https:\/\/api.w.org\/{rel}","templated":true}]}}