{"id":60704,"date":"2025-06-05T10:09:01","date_gmt":"2025-06-05T10:09:01","guid":{"rendered":"https:\/\/skinstudio.ee\/?post_type=product&#038;p=60704"},"modified":"2026-02-24T15:52:05","modified_gmt":"2026-02-24T15:52:05","slug":"ageless-retinol-cream-03","status":"publish","type":"product","link":"https:\/\/skinstudio.ee\/lv\/catalog\/image-skincare\/ageless-retinol-cream-03\/","title":{"rendered":"Ageless+ Retinol Cream 0,3%"},"content":{"rendered":"<p data-start=\"217\" data-end=\"485\">Ageless+ Retinol Cream ir koncentr\u0113ts nakts kr\u0113ms ar 0,3% retinolu, rad\u012bts \u0101dai, kurai nepiecie\u0161ama atjauno\u0161ana, glud\u0101ka tekst\u016bra un uzlabota elast\u012bba. Kr\u0113ms darbojas nakts atjauno\u0161an\u0101s cikla laik\u0101, pal\u012bdzot samazin\u0101t noveco\u0161an\u0101s paz\u012bmes, bl\u0101vumu un nevienm\u0113r\u012bgu toni.<\/p>\n<p data-start=\"487\" data-end=\"824\">Retinola, glikolsk\u0101bes un piensk\u0101bes siner\u0123iska kombin\u0101cija pastiprina kr\u0113ma efektivit\u0101ti:<br data-start=\"577\" data-end=\"580\" \/>\u2022 <strong data-start=\"582\" data-end=\"599\">0,3% retinols<\/strong> pa\u0101trina \u0161\u016bnu atjauno\u0161anos, m\u012bkstina smalk\u0101s l\u012bnijas un uzlabo tekst\u016bru.<br data-start=\"672\" data-end=\"675\" \/>\u2022 <strong data-start=\"677\" data-end=\"692\">Glikolsk\u0101be<\/strong> izl\u012bdzina nel\u012bdzenumus un veicina skaidr\u0101ku \u0101das virsmu.<br data-start=\"749\" data-end=\"752\" \/>\u2022 <strong data-start=\"754\" data-end=\"767\">Piensk\u0101be<\/strong> nodro\u0161ina maigu izgaismo\u0161anu un pie\u0161\u0137ir \u0101dai svaigumu.<\/p>\n<p data-start=\"826\" data-end=\"976\">Jau p\u0113c da\u017e\u0101m lieto\u0161anas reiz\u0113m \u0101da k\u013c\u016bst glud\u0101ka, stingr\u0101ka un vienm\u0113r\u012bg\u0101ka. Regul\u0101ra lieto\u0161ana uzlabo \u0101das toni un pie\u0161\u0137ir tai jaunekl\u012bg\u0101ku izskatu.<\/p>\n<p data-start=\"978\" data-end=\"996\"><strong data-start=\"978\" data-end=\"990\">Tilpums:<\/strong> 14,2 g \/ 50 g<\/p>\n","protected":false},"excerpt":{"rendered":"<p data-start=\"1039\" data-end=\"1058\">Retinols 0,3% kr\u0113ms<\/p>\n<h2 data-start=\"1060\" data-end=\"1112\"><strong data-start=\"1060\" data-end=\"1112\">\u012apa\u0161\u012bbas Image Skincare &#8211; Ageless+ Retinol Cream<\/strong><\/h2>\n<p data-start=\"1114\" data-end=\"1297\">\u2714\ufe0f Stimul\u0113 \u0101das \u0161\u016bnu atjauno\u0161anos<br data-start=\"1147\" data-end=\"1150\" \/>\u2714\ufe0f Samazina grumbas un pigment\u0101ciju<br data-start=\"1185\" data-end=\"1188\" \/>\u2714\ufe0f Uzlabo toni un tekst\u016bru<br data-start=\"1214\" data-end=\"1217\" \/>\u2714\ufe0f Veicina \u0101das stingr\u012bbu un bl\u012bvumu<br data-start=\"1253\" data-end=\"1256\" \/>\u2714\ufe0f Pie\u0161\u0137ir svaig\u0101ku un mirdzo\u0161u izskatu<\/p>\n","protected":false},"featured_media":62605,"template":"","meta":[],"pwb-brand":[1134],"product_brand":[],"product_cat":[727,749,751,753],"product_tag":[],"giftcard-category":[],"class_list":{"0":"post-60704","1":"product","2":"type-product","3":"status-publish","4":"has-post-thumbnail","6":"pwb-brand-image-skincare","7":"product_cat-a-vitamins-retinols","8":"product_cat-novecojosa-ada","9":"product_cat-pigmentacija-lv","10":"product_cat-travel-size-lv","11":"pa_suurus-14-2g-lv","12":"pa_suurus-50g-lv","14":"first","15":"instock","16":"taxable","17":"shipping-taxable","18":"purchasable","19":"product-type-variable"},"acf":[],"brands":[{"id":1134,"name":"Image Skincare","slug":"image-skincare"}],"_links":{"self":[{"href":"https:\/\/skinstudio.ee\/lv\/wp-json\/wp\/v2\/product\/60704","targetHints":{"allow":["GET"]}}],"collection":[{"href":"https:\/\/skinstudio.ee\/lv\/wp-json\/wp\/v2\/product"}],"about":[{"href":"https:\/\/skinstudio.ee\/lv\/wp-json\/wp\/v2\/types\/product"}],"version-history":[{"count":2,"href":"https:\/\/skinstudio.ee\/lv\/wp-json\/wp\/v2\/product\/60704\/revisions"}],"predecessor-version":[{"id":83554,"href":"https:\/\/skinstudio.ee\/lv\/wp-json\/wp\/v2\/product\/60704\/revisions\/83554"}],"wp:featuredmedia":[{"embeddable":true,"href":"https:\/\/skinstudio.ee\/lv\/wp-json\/wp\/v2\/media\/62605"}],"wp:attachment":[{"href":"https:\/\/skinstudio.ee\/lv\/wp-json\/wp\/v2\/media?parent=60704"}],"wp:term":[{"taxonomy":"pwb-brand","embeddable":true,"href":"https:\/\/skinstudio.ee\/lv\/wp-json\/wp\/v2\/pwb-brand?post=60704"},{"taxonomy":"product_brand","embeddable":true,"href":"https:\/\/skinstudio.ee\/lv\/wp-json\/wp\/v2\/product_brand?post=60704"},{"taxonomy":"product_cat","embeddable":true,"href":"https:\/\/skinstudio.ee\/lv\/wp-json\/wp\/v2\/product_cat?post=60704"},{"taxonomy":"product_tag","embeddable":true,"href":"https:\/\/skinstudio.ee\/lv\/wp-json\/wp\/v2\/product_tag?post=60704"},{"taxonomy":"giftcard-category","embeddable":true,"href":"https:\/\/skinstudio.ee\/lv\/wp-json\/wp\/v2\/giftcard-category?post=60704"}],"curies":[{"name":"wp","href":"https:\/\/api.w.org\/{rel}","templated":true}]}}