{"id":60798,"date":"2025-06-05T10:51:40","date_gmt":"2025-06-05T10:51:40","guid":{"rendered":"https:\/\/skinstudio.ee\/?post_type=product&#038;p=60798"},"modified":"2026-02-24T15:49:34","modified_gmt":"2026-02-24T15:49:34","slug":"ageless-night-mask-05","status":"publish","type":"product","link":"https:\/\/skinstudio.ee\/lv\/catalog\/image-skincare\/ageless-night-mask-05\/","title":{"rendered":"Ageless+ Night Mask 0,5%"},"content":{"rendered":"<p data-start=\"223\" data-end=\"604\">Ageless+ Night Mask ir intens\u012bva nakts maska ar 0,5% retinolu, rad\u012bta \u0101dai ar noveco\u0161an\u0101s paz\u012bm\u0113m, nevienm\u0113r\u012bgu toni, bl\u0101vumu un samazin\u0101tu elast\u012bbu. Kam\u0113r j\u016bs gu\u013cat, formula aktiviz\u0113 dabiskos atjauno\u0161an\u0101s procesus, pal\u012bdzot izl\u012bdzin\u0101t tekst\u016bru, samazin\u0101t grumbas un atjaunot stingr\u0101ku, svaig\u0101ku un vesel\u012bg\u0101ku izskatu. No r\u012bta \u0101da izskat\u0101s iev\u0113rojami glud\u0101ka, svaig\u0101ka un tvirt\u0101ka.<\/p>\n<p data-start=\"606\" data-end=\"929\">Formula darbojas siner\u0123ij\u0101 \u0101das nakts re\u0123ener\u0101cijas laik\u0101:<br data-start=\"664\" data-end=\"667\" \/>\u2022 <strong data-start=\"669\" data-end=\"686\">0,5% retinols<\/strong> pa\u0101trina \u0161\u016bnu atjauno\u0161anos, m\u012bkstina smalk\u0101s l\u012bnijas un uzlabo tekst\u016bru.<br data-start=\"759\" data-end=\"762\" \/>\u2022 <strong data-start=\"764\" data-end=\"779\">Niacinam\u012bds<\/strong> stiprina \u0101das barjeru, uzlabo toni un mazina noguruma paz\u012bmes.<br data-start=\"842\" data-end=\"845\" \/>\u2022 <strong data-start=\"847\" data-end=\"858\">Pept\u012bdi<\/strong> veicina \u0101das elast\u012bbu un pal\u012bdz uztur\u0113t bl\u012bv\u0101ku, tvirt\u0101ku strukt\u016bru.<\/p>\n<p data-start=\"931\" data-end=\"1039\">Regul\u0101ras lieto\u0161anas laik\u0101 maska uzlabo \u0101das kvalit\u0101ti, elast\u012bbu un veicina jaunekl\u012bg\u0101ku, atjaunotu izskatu.<\/p>\n<p data-start=\"1041\" data-end=\"1059\"><strong data-start=\"1041\" data-end=\"1053\">Tilpums:<\/strong> 14,2 g \/ 50 g<\/p>\n","protected":false},"excerpt":{"rendered":"<p data-start=\"1128\" data-end=\"1147\">Retinols 0,5% maska<\/p>\n<h2 data-start=\"1149\" data-end=\"1198\"><strong data-start=\"1149\" data-end=\"1198\">\u012apa\u0161\u012bbas Image Skincare &#8211; Ageless+ Night Mask<\/strong><\/h2>\n<p data-start=\"1200\" data-end=\"1366\">\u2714\ufe0f Stimul\u0113 \u0101das atjauno\u0161anos<br data-start=\"1228\" data-end=\"1231\" \/>\u2714\ufe0f Samazina grumbu redzam\u012bbu<br data-start=\"1259\" data-end=\"1262\" \/>\u2714\ufe0f Izl\u012bdzina toni un tekst\u016bru<br data-start=\"1291\" data-end=\"1294\" \/>\u2714\ufe0f Uzlabo elast\u012bbu un tvirtumu<br data-start=\"1324\" data-end=\"1327\" \/>\u2714\ufe0f Nomierina un stiprina \u0101das barjeru<\/p>\n","protected":false},"featured_media":62600,"template":"","meta":[],"pwb-brand":[1134],"product_brand":[],"product_cat":[727,725,749,751,753],"product_tag":[],"giftcard-category":[],"class_list":{"0":"post-60798","1":"product","2":"type-product","3":"status-publish","4":"has-post-thumbnail","6":"pwb-brand-image-skincare","7":"product_cat-a-vitamins-retinols","8":"product_cat-maskas","9":"product_cat-novecojosa-ada","10":"product_cat-pigmentacija-lv","11":"product_cat-travel-size-lv","12":"pa_suurus-14-2g-lv","13":"pa_suurus-50g-lv","15":"first","16":"instock","17":"taxable","18":"shipping-taxable","19":"purchasable","20":"product-type-variable"},"acf":[],"brands":[{"id":1134,"name":"Image Skincare","slug":"image-skincare"}],"_links":{"self":[{"href":"https:\/\/skinstudio.ee\/lv\/wp-json\/wp\/v2\/product\/60798","targetHints":{"allow":["GET"]}}],"collection":[{"href":"https:\/\/skinstudio.ee\/lv\/wp-json\/wp\/v2\/product"}],"about":[{"href":"https:\/\/skinstudio.ee\/lv\/wp-json\/wp\/v2\/types\/product"}],"version-history":[{"count":2,"href":"https:\/\/skinstudio.ee\/lv\/wp-json\/wp\/v2\/product\/60798\/revisions"}],"predecessor-version":[{"id":83549,"href":"https:\/\/skinstudio.ee\/lv\/wp-json\/wp\/v2\/product\/60798\/revisions\/83549"}],"wp:featuredmedia":[{"embeddable":true,"href":"https:\/\/skinstudio.ee\/lv\/wp-json\/wp\/v2\/media\/62600"}],"wp:attachment":[{"href":"https:\/\/skinstudio.ee\/lv\/wp-json\/wp\/v2\/media?parent=60798"}],"wp:term":[{"taxonomy":"pwb-brand","embeddable":true,"href":"https:\/\/skinstudio.ee\/lv\/wp-json\/wp\/v2\/pwb-brand?post=60798"},{"taxonomy":"product_brand","embeddable":true,"href":"https:\/\/skinstudio.ee\/lv\/wp-json\/wp\/v2\/product_brand?post=60798"},{"taxonomy":"product_cat","embeddable":true,"href":"https:\/\/skinstudio.ee\/lv\/wp-json\/wp\/v2\/product_cat?post=60798"},{"taxonomy":"product_tag","embeddable":true,"href":"https:\/\/skinstudio.ee\/lv\/wp-json\/wp\/v2\/product_tag?post=60798"},{"taxonomy":"giftcard-category","embeddable":true,"href":"https:\/\/skinstudio.ee\/lv\/wp-json\/wp\/v2\/giftcard-category?post=60798"}],"curies":[{"name":"wp","href":"https:\/\/api.w.org\/{rel}","templated":true}]}}