{"id":60822,"date":"2025-06-05T11:38:42","date_gmt":"2025-06-05T11:38:42","guid":{"rendered":"https:\/\/skinstudio.ee\/?post_type=product&#038;p=60822"},"modified":"2026-02-24T14:36:10","modified_gmt":"2026-02-24T14:36:10","slug":"ageless-retinol-creme-12","status":"publish","type":"product","link":"https:\/\/skinstudio.ee\/lv\/catalog\/image-skincare\/ageless-retinol-creme-12\/","title":{"rendered":"Ageless+ Retinol Cream 1,2%"},"content":{"rendered":"<p data-start=\"238\" data-end=\"584\">Ageless+ Retinol Creme 1.2% ir intens\u012bvs nakts kr\u0113ms, rad\u012bts nobriedu\u0161ai, bl\u012bvai \u0101dai ar izteikt\u0101m noveco\u0161an\u0101s paz\u012bm\u0113m un nevienm\u0113r\u012bgu tekst\u016bru. Augstas koncentr\u0101cijas retinols darbojas nakts atjauno\u0161an\u0101s cikla laik\u0101, veicinot dzi\u013c\u0101ku \u0101das atjauno\u0161anos, uzlabojot elast\u012bbu un izl\u012bdzinot virsmu, lai pie\u0161\u0137irtu \u0101dai jaunekl\u012bg\u0101ku un glud\u0101ku izskatu.<\/p>\n<p data-start=\"586\" data-end=\"916\">Formula darbojas siner\u0123iski nakts re\u0123ener\u0101cijas laik\u0101:<br data-start=\"640\" data-end=\"643\" \/>\u2022 <strong data-start=\"645\" data-end=\"662\">1,2% retinols<\/strong> sp\u0113c\u012bgi stimul\u0113 \u0161\u016bnu atjauno\u0161anos un kolag\u0113na sint\u0113zi, pal\u012bdzot samazin\u0101t grumbu dzi\u013cumu.<br data-start=\"752\" data-end=\"755\" \/>\u2022 <strong data-start=\"757\" data-end=\"774\">Antioksidanti<\/strong> aizsarg\u0101 \u0101du un veicina vienm\u0113r\u012bg\u0101ku toni.<br data-start=\"817\" data-end=\"820\" \/>\u2022 <strong data-start=\"822\" data-end=\"840\">Augu ekstrakti<\/strong> m\u012bkstina retino\u012bda intensit\u0101ti, stiprina \u0101das barjeru un uzlabo komfortu.<\/p>\n<p data-start=\"918\" data-end=\"1036\">Jau p\u0113c neilga lieto\u0161anas laika \u0101da k\u013c\u016bst stingr\u0101ka, glud\u0101ka un vizu\u0101li atjaunota, uzlabojot t\u0101s bl\u012bvumu un kvalit\u0101ti.<\/p>\n<p data-start=\"1038\" data-end=\"1056\"><strong data-start=\"1038\" data-end=\"1050\">Tilpums:<\/strong> 28.5g<\/p>\n","protected":false},"excerpt":{"rendered":"<p data-start=\"1099\" data-end=\"1118\">Retinols 1,2% kr\u0113ms<\/p>\n<h2 data-start=\"1120\" data-end=\"1172\"><strong data-start=\"1120\" data-end=\"1172\">\u012apa\u0161\u012bbas Image Skincare &#8211; Ageless+ Retinol Creme<\/strong><\/h2>\n<p data-start=\"1174\" data-end=\"1355\">\u2714\ufe0f Sp\u0113c\u012bgi stimul\u0113 \u0101das atjauno\u0161anos<br data-start=\"1210\" data-end=\"1213\" \/>\u2714\ufe0f Izl\u012bdzina grumbas un tekst\u016bru<br data-start=\"1245\" data-end=\"1248\" \/>\u2714\ufe0f Samazina pigment\u0101ciju<br data-start=\"1272\" data-end=\"1275\" \/>\u2714\ufe0f Uzlabo \u0101das tvirtumu un elast\u012bbu<br data-start=\"1310\" data-end=\"1313\" \/>\u2714\ufe0f Pie\u0161\u0137ir vienm\u0113r\u012bg\u0101ku toni un mirdzumu<\/p>\n<p data-start=\"1357\" data-end=\"1411\"><span style=\"text-decoration: underline; color: #0000ff;\"><a style=\"color: #0000ff; text-decoration: underline;\" href=\"https:\/\/skinstudio.ee\/lv\/toode\/image-skincare\/discovery-ageless-retinol-creme-12\/\">Pieejams Ageless+ Retinol Creme 1.2% Travel-Size 14.2g<\/a><\/span><\/p>\n<p>&nbsp;<\/p>\n","protected":false},"featured_media":62595,"template":"","meta":[],"pwb-brand":[1134],"product_brand":[],"product_cat":[727,749,751],"product_tag":[],"giftcard-category":[],"class_list":{"0":"post-60822","1":"product","2":"type-product","3":"status-publish","4":"has-post-thumbnail","6":"pwb-brand-image-skincare","7":"product_cat-a-vitamins-retinols","8":"product_cat-novecojosa-ada","9":"product_cat-pigmentacija-lv","11":"first","12":"outofstock","13":"taxable","14":"shipping-taxable","15":"purchasable","16":"product-type-simple"},"acf":[],"brands":[{"id":1134,"name":"Image Skincare","slug":"image-skincare"}],"_links":{"self":[{"href":"https:\/\/skinstudio.ee\/lv\/wp-json\/wp\/v2\/product\/60822","targetHints":{"allow":["GET"]}}],"collection":[{"href":"https:\/\/skinstudio.ee\/lv\/wp-json\/wp\/v2\/product"}],"about":[{"href":"https:\/\/skinstudio.ee\/lv\/wp-json\/wp\/v2\/types\/product"}],"version-history":[{"count":1,"href":"https:\/\/skinstudio.ee\/lv\/wp-json\/wp\/v2\/product\/60822\/revisions"}],"predecessor-version":[{"id":78011,"href":"https:\/\/skinstudio.ee\/lv\/wp-json\/wp\/v2\/product\/60822\/revisions\/78011"}],"wp:featuredmedia":[{"embeddable":true,"href":"https:\/\/skinstudio.ee\/lv\/wp-json\/wp\/v2\/media\/62595"}],"wp:attachment":[{"href":"https:\/\/skinstudio.ee\/lv\/wp-json\/wp\/v2\/media?parent=60822"}],"wp:term":[{"taxonomy":"pwb-brand","embeddable":true,"href":"https:\/\/skinstudio.ee\/lv\/wp-json\/wp\/v2\/pwb-brand?post=60822"},{"taxonomy":"product_brand","embeddable":true,"href":"https:\/\/skinstudio.ee\/lv\/wp-json\/wp\/v2\/product_brand?post=60822"},{"taxonomy":"product_cat","embeddable":true,"href":"https:\/\/skinstudio.ee\/lv\/wp-json\/wp\/v2\/product_cat?post=60822"},{"taxonomy":"product_tag","embeddable":true,"href":"https:\/\/skinstudio.ee\/lv\/wp-json\/wp\/v2\/product_tag?post=60822"},{"taxonomy":"giftcard-category","embeddable":true,"href":"https:\/\/skinstudio.ee\/lv\/wp-json\/wp\/v2\/giftcard-category?post=60822"}],"curies":[{"name":"wp","href":"https:\/\/api.w.org\/{rel}","templated":true}]}}