{"id":60873,"date":"2025-06-30T13:17:09","date_gmt":"2025-06-30T13:17:09","guid":{"rendered":"https:\/\/skinstudio.ee\/?post_type=product&#038;p=60873"},"modified":"2026-02-24T15:25:36","modified_gmt":"2026-02-24T15:25:36","slug":"ageless-pure-liquid-retinol-01","status":"publish","type":"product","link":"https:\/\/skinstudio.ee\/lv\/catalog\/image-skincare\/ageless-pure-liquid-retinol-01\/","title":{"rendered":"Ageless+ Pure Liquid Retinol 0,1%"},"content":{"rendered":"<p data-start=\"282\" data-end=\"584\">Ageless+ Pure Liquid Retinol ir maigs, bet \u013coti efekt\u012bvs serums, kas ide\u0101li piem\u0113rots tiem, kuri retinolu lieto pirmo reizi, k\u0101 ar\u012b jut\u012bgai \u0101dai. \u0160o serumu var dro\u0161i lietot visu gadu &#8211; tas pal\u012bdz izl\u012bdzin\u0101t toni, m\u012bkstin\u0101t tekst\u016bru un atjaunot \u0101das dabisko mirdzumu, neizraisot sausumu vai kairin\u0101jumu.<\/p>\n<p data-start=\"586\" data-end=\"923\">Formula apvieno t\u012bru retinolu ar septi\u0146u augu e\u013c\u013cu nomierino\u0161u kompleksu:<br data-start=\"659\" data-end=\"662\" \/>\u2022 <strong data-start=\"664\" data-end=\"681\">T\u012brs retinols<\/strong> uzlabo tekst\u016bru, samazina smalk\u0101s l\u012bnijas un veicina vienm\u0113r\u012bg\u0101ku \u0101das izskatu.<br data-start=\"761\" data-end=\"764\" \/>\u2022 <strong data-start=\"766\" data-end=\"803\">Augu e\u013c\u013cu mais\u012bjums un bisabolols<\/strong> baro, nomierina \u0101du un stiprina aizsargbarjeru.<br data-start=\"851\" data-end=\"854\" \/>\u2022 <strong data-start=\"856\" data-end=\"877\">Ingvera ekstrakts<\/strong> pie\u0161\u0137ir \u0101dai svaig\u0101ku, vesel\u012bg\u0101ku mirdzumu.<\/p>\n<p data-start=\"925\" data-end=\"1093\">Z\u012bdain\u0101 tekst\u016bra \u0101tri ies\u016bcas, un maig\u0101 vani\u013cas nots padara kop\u0161anas ritu\u0101lu \u012bpa\u0161i pat\u012bkamu. Regul\u0101ras lieto\u0161anas laik\u0101 \u0101da k\u013c\u016bst glud\u0101ka, mier\u012bg\u0101ka un dab\u012bgi mirdzo\u0161a.<\/p>\n<p data-start=\"1095\" data-end=\"1113\"><strong data-start=\"1095\" data-end=\"1107\">Tilpums:<\/strong> 15 ml \/ 30 ml<\/p>\n","protected":false},"excerpt":{"rendered":"<p data-start=\"1298\" data-end=\"1338\">Uzs\u016bco\u0161s retinola serums jaunaj\u0101 paaudz\u0113<\/p>\n<h2 data-start=\"1340\" data-end=\"1398\"><strong data-start=\"1340\" data-end=\"1398\">\u012apa\u0161\u012bbas Image Skincare &#8211; Ageless+ Pure Liquid Retinol<\/strong><\/h2>\n<p data-start=\"1400\" data-end=\"1553\">\u2714\ufe0f Maigi izl\u012bdzina \u0101das toni<br data-start=\"1428\" data-end=\"1431\" \/>\u2714\ufe0f M\u012bkstina smalk\u0101s l\u012bnijas<br data-start=\"1458\" data-end=\"1461\" \/>\u2714\ufe0f Veicina glud\u0101ku un svaig\u0101ku \u0101du<br data-start=\"1495\" data-end=\"1498\" \/>\u2714\ufe0f Nomierina jut\u012bgu \u0101du<br data-start=\"1521\" data-end=\"1524\" \/>\u2714\ufe0f Pie\u0161\u0137ir dabisku mirdzumu<\/p>\n","protected":false},"featured_media":62580,"template":"","meta":[],"pwb-brand":[1134],"product_brand":[],"product_cat":[727,753],"product_tag":[],"giftcard-category":[],"class_list":{"0":"post-60873","1":"product","2":"type-product","3":"status-publish","4":"has-post-thumbnail","6":"pwb-brand-image-skincare","7":"product_cat-a-vitamins-retinols","8":"product_cat-travel-size-lv","9":"pa_suurus-15ml-lv","10":"pa_suurus-30ml-lv","12":"first","13":"instock","14":"taxable","15":"shipping-taxable","16":"purchasable","17":"product-type-variable"},"acf":[],"brands":[{"id":1134,"name":"Image Skincare","slug":"image-skincare"}],"_links":{"self":[{"href":"https:\/\/skinstudio.ee\/lv\/wp-json\/wp\/v2\/product\/60873","targetHints":{"allow":["GET"]}}],"collection":[{"href":"https:\/\/skinstudio.ee\/lv\/wp-json\/wp\/v2\/product"}],"about":[{"href":"https:\/\/skinstudio.ee\/lv\/wp-json\/wp\/v2\/types\/product"}],"version-history":[{"count":1,"href":"https:\/\/skinstudio.ee\/lv\/wp-json\/wp\/v2\/product\/60873\/revisions"}],"predecessor-version":[{"id":83440,"href":"https:\/\/skinstudio.ee\/lv\/wp-json\/wp\/v2\/product\/60873\/revisions\/83440"}],"wp:featuredmedia":[{"embeddable":true,"href":"https:\/\/skinstudio.ee\/lv\/wp-json\/wp\/v2\/media\/62580"}],"wp:attachment":[{"href":"https:\/\/skinstudio.ee\/lv\/wp-json\/wp\/v2\/media?parent=60873"}],"wp:term":[{"taxonomy":"pwb-brand","embeddable":true,"href":"https:\/\/skinstudio.ee\/lv\/wp-json\/wp\/v2\/pwb-brand?post=60873"},{"taxonomy":"product_brand","embeddable":true,"href":"https:\/\/skinstudio.ee\/lv\/wp-json\/wp\/v2\/product_brand?post=60873"},{"taxonomy":"product_cat","embeddable":true,"href":"https:\/\/skinstudio.ee\/lv\/wp-json\/wp\/v2\/product_cat?post=60873"},{"taxonomy":"product_tag","embeddable":true,"href":"https:\/\/skinstudio.ee\/lv\/wp-json\/wp\/v2\/product_tag?post=60873"},{"taxonomy":"giftcard-category","embeddable":true,"href":"https:\/\/skinstudio.ee\/lv\/wp-json\/wp\/v2\/giftcard-category?post=60873"}],"curies":[{"name":"wp","href":"https:\/\/api.w.org\/{rel}","templated":true}]}}