{"id":60902,"date":"2025-06-30T14:10:22","date_gmt":"2025-06-30T14:10:22","guid":{"rendered":"https:\/\/skinstudio.ee\/?post_type=product&#038;p=60902"},"modified":"2026-02-24T14:52:35","modified_gmt":"2026-02-24T14:52:35","slug":"ageless-pure-liquid-retinol-03","status":"publish","type":"product","link":"https:\/\/skinstudio.ee\/lv\/catalog\/image-skincare\/ageless-pure-liquid-retinol-03\/","title":{"rendered":"Ageless+ Pure Liquid Retinol 0,3%"},"content":{"rendered":"<p data-start=\"238\" data-end=\"495\">Ageless+ Pure Liquid Retinol 0.3% ir uzlabots ikdienas retinola serums, kas pal\u012bdz uzlabot \u0101das kvalit\u0101ti, atjaunot mirdzumu un samazin\u0101t redzam\u0101s noguruma paz\u012bmes. Formula ir piem\u0113rota tiem, kas v\u0113las izteikt\u0101kus rezult\u0101tus, saglab\u0101jot maigumu un komfortu.<\/p>\n<p data-start=\"497\" data-end=\"851\">Septi\u0146u augu e\u013c\u013cu mais\u012bjums, bisabolols un ingvera ekstrakts baro, m\u012bkstina un nomierina bl\u0101vu, noguru\u0161u \u0101du.<br data-start=\"606\" data-end=\"609\" \/>\u2022 <strong data-start=\"611\" data-end=\"633\">T\u012brs retinols 0,3%<\/strong> uzlabo tekst\u016bru, m\u012bkstina l\u012bnijas un pal\u012bdz ieg\u016bt glud\u0101ku \u0101das virsmu.<br data-start=\"704\" data-end=\"707\" \/>\u2022 <strong data-start=\"709\" data-end=\"723\">C vitam\u012bns<\/strong> pal\u012bdz mazin\u0101t bl\u0101vumu un izl\u012bdzin\u0101t toni.<br data-start=\"766\" data-end=\"769\" \/>\u2022 <strong data-start=\"771\" data-end=\"788\">Antioksidanti<\/strong> stiprina \u0101das aizsargbarjeru un mazina stresa rad\u012bt\u0101s p\u0113das.<\/p>\n<p data-start=\"853\" data-end=\"1018\">Z\u012bdain\u0101 tekst\u016bra \u0101tri ies\u016bcas, un maigais vani\u013cas arom\u0101ts padara vakara kop\u0161anu \u012bpa\u0161i pat\u012bkamu. Regul\u0101ri lietojot, \u0101da k\u013c\u016bst glud\u0101ka, stingr\u0101ka un redzami atjaunota.<\/p>\n<p data-start=\"1020\" data-end=\"1038\"><strong data-start=\"1020\" data-end=\"1032\">Tilpums:<\/strong> 15 ml \/ 30 ml<\/p>\n","protected":false},"excerpt":{"rendered":"<p data-start=\"1213\" data-end=\"1248\">Retinola serums ikdienas lieto\u0161anai<\/p>\n<h2 data-start=\"1250\" data-end=\"1313\"><strong data-start=\"1250\" data-end=\"1313\">\u012apa\u0161\u012bbas Image Skincare &#8211; Ageless+ Pure Liquid Retinol 0.3%<\/strong><\/h2>\n<p data-start=\"1315\" data-end=\"1510\">\u2714\ufe0f Veicina vienm\u0113r\u012bg\u0101ku un mirdzo\u0161\u0101ku toni<br data-start=\"1357\" data-end=\"1360\" \/>\u2714\ufe0f Uzlabo \u0101das tekst\u016bru un maigumu<br data-start=\"1394\" data-end=\"1397\" \/>\u2714\ufe0f Redzami nostiprina un sabl\u012bv\u0113 \u0101du<br data-start=\"1433\" data-end=\"1436\" \/>\u2714\ufe0f Pal\u012bdz samazin\u0101t pigment\u0101ciju<br data-start=\"1468\" data-end=\"1471\" \/>\u2714\ufe0f M\u012bkstina un nomierina noguru\u0161u \u0101du<\/p>\n","protected":false},"featured_media":62585,"template":"","meta":[],"pwb-brand":[1134],"product_brand":[],"product_cat":[727,753],"product_tag":[],"giftcard-category":[],"class_list":{"0":"post-60902","1":"product","2":"type-product","3":"status-publish","4":"has-post-thumbnail","6":"pwb-brand-image-skincare","7":"product_cat-a-vitamins-retinols","8":"product_cat-travel-size","9":"pa_suurus-15ml-lv","10":"pa_suurus-30ml-lv","12":"first","13":"instock","14":"taxable","15":"shipping-taxable","16":"purchasable","17":"product-type-variable"},"acf":[],"brands":[{"id":1134,"name":"Image Skincare","slug":"image-skincare"}],"_links":{"self":[{"href":"https:\/\/skinstudio.ee\/lv\/wp-json\/wp\/v2\/product\/60902","targetHints":{"allow":["GET"]}}],"collection":[{"href":"https:\/\/skinstudio.ee\/lv\/wp-json\/wp\/v2\/product"}],"about":[{"href":"https:\/\/skinstudio.ee\/lv\/wp-json\/wp\/v2\/types\/product"}],"version-history":[{"count":1,"href":"https:\/\/skinstudio.ee\/lv\/wp-json\/wp\/v2\/product\/60902\/revisions"}],"predecessor-version":[{"id":83310,"href":"https:\/\/skinstudio.ee\/lv\/wp-json\/wp\/v2\/product\/60902\/revisions\/83310"}],"wp:featuredmedia":[{"embeddable":true,"href":"https:\/\/skinstudio.ee\/lv\/wp-json\/wp\/v2\/media\/62585"}],"wp:attachment":[{"href":"https:\/\/skinstudio.ee\/lv\/wp-json\/wp\/v2\/media?parent=60902"}],"wp:term":[{"taxonomy":"pwb-brand","embeddable":true,"href":"https:\/\/skinstudio.ee\/lv\/wp-json\/wp\/v2\/pwb-brand?post=60902"},{"taxonomy":"product_brand","embeddable":true,"href":"https:\/\/skinstudio.ee\/lv\/wp-json\/wp\/v2\/product_brand?post=60902"},{"taxonomy":"product_cat","embeddable":true,"href":"https:\/\/skinstudio.ee\/lv\/wp-json\/wp\/v2\/product_cat?post=60902"},{"taxonomy":"product_tag","embeddable":true,"href":"https:\/\/skinstudio.ee\/lv\/wp-json\/wp\/v2\/product_tag?post=60902"},{"taxonomy":"giftcard-category","embeddable":true,"href":"https:\/\/skinstudio.ee\/lv\/wp-json\/wp\/v2\/giftcard-category?post=60902"}],"curies":[{"name":"wp","href":"https:\/\/api.w.org\/{rel}","templated":true}]}}