{"id":60946,"date":"2025-06-30T14:24:05","date_gmt":"2025-06-30T14:24:05","guid":{"rendered":"https:\/\/skinstudio.ee\/?post_type=product&#038;p=60946"},"modified":"2026-02-24T14:56:59","modified_gmt":"2026-02-24T14:56:59","slug":"ageless-pure-liquid-retinol-075","status":"publish","type":"product","link":"https:\/\/skinstudio.ee\/lv\/catalog\/image-skincare\/ageless-pure-liquid-retinol-075\/","title":{"rendered":"Ageless+ Pure Liquid Retinol 0,75%"},"content":{"rendered":"<p class=\"p1\">Ageless+ Pure Liquid Retinol 0.75% ir vissp\u0113c\u012bg\u0101kais t\u012br\u0101 retinola serums kolekcij\u0101, rad\u012bts pieredz\u0113ju\u0161iem retinola lietot\u0101jiem, kuri sagaida maksim\u0101lu efektu. Pateicoties septi\u0146u augu e\u013c\u013cu mais\u012bjumam, bisabololam un ingvera ekstraktam, retinola iedarb\u012bba k\u013c\u016bst \u012bpa\u0161i intens\u012bva, vienlaikus saglab\u0101jot maigu, nekairino\u0161u ietekmi uz \u0101du.<\/p>\n<p class=\"p1\">E\u013c\u013cu komplekss nomierina aps\u0101rtumu, stiprina \u0101das barjeru un uzlabo komfortu, savuk\u0101rt augstas koncentr\u0101cijas retinols uzlabo \u0101das bl\u012bvumu, tekst\u016bru un vienm\u0113r\u012bbu. Serums samazina izteiktus nel\u012bdzenumus, m\u012bkstina raupjus apgabalus un atjauno vesel\u012bgu, dabisku mirdzumu.<\/p>\n<p class=\"p1\">Z\u012bdain\u0101 tekst\u016bra un vieglais vani\u013cas arom\u0101ts padara produktu par \u012bstu ikvakara kop\u0161anas ritu\u0101lu. Serums \u0101tri ies\u016bcas, acumirkl\u012b padarot \u0101du maig\u0101ku, glud\u0101ku un dzi\u013ci mitrin\u0101tu.<\/p>\n<p class=\"p1\">Neskatoties uz augsto koncentr\u0101ciju, pieredz\u0113ju\u0161i lietot\u0101ji var izmantot serumu katru vakaru visu gadu.<\/p>\n<p class=\"p3\"><b>Tilpums:<\/b><span class=\"s1\"> 15 ml \/ 30 ml\u00a0<\/span><\/p>\n","protected":false},"excerpt":{"rendered":"<p class=\"p1\">Serums ar visaugst\u0101ko t\u012br\u0101 retinola koncentr\u0101ciju<\/p>\n<h2 class=\"p3\"><b>\u012apa\u0161\u012bbas Image Skincare &#8211; Ageless+ Pure Liquid Retinol 0.75%<\/b><b><\/b><\/h2>\n<p class=\"p1\">\u2714\ufe0f Samazina izteiktas noveco\u0161an\u0101s paz\u012bmes<br \/>\n\u2714\ufe0f Izl\u012bdzina \u0101das nel\u012bdzenumus<br \/>\n\u2714\ufe0f Mazina aps\u0101rtumu un kairin\u0101jumu<br \/>\n\u2714\ufe0f Uzlabo \u0101das tvirtumu un elast\u012bbu<br \/>\n\u2714\ufe0f Atjauno vesel\u012bgu, dabisku mirdzumu<\/p>\n","protected":false},"featured_media":62590,"template":"","meta":[],"pwb-brand":[1134],"product_brand":[],"product_cat":[727,753],"product_tag":[],"giftcard-category":[],"class_list":{"0":"post-60946","1":"product","2":"type-product","3":"status-publish","4":"has-post-thumbnail","6":"pwb-brand-image-skincare","7":"product_cat-a-vitamins-retinols","8":"product_cat-travel-size-lv","9":"pa_suurus-15ml-lv","10":"pa_suurus-30ml-lv","12":"first","13":"instock","14":"taxable","15":"shipping-taxable","16":"purchasable","17":"product-type-variable"},"acf":[],"brands":[{"id":1134,"name":"Image Skincare","slug":"image-skincare"}],"_links":{"self":[{"href":"https:\/\/skinstudio.ee\/lv\/wp-json\/wp\/v2\/product\/60946","targetHints":{"allow":["GET"]}}],"collection":[{"href":"https:\/\/skinstudio.ee\/lv\/wp-json\/wp\/v2\/product"}],"about":[{"href":"https:\/\/skinstudio.ee\/lv\/wp-json\/wp\/v2\/types\/product"}],"version-history":[{"count":1,"href":"https:\/\/skinstudio.ee\/lv\/wp-json\/wp\/v2\/product\/60946\/revisions"}],"predecessor-version":[{"id":83331,"href":"https:\/\/skinstudio.ee\/lv\/wp-json\/wp\/v2\/product\/60946\/revisions\/83331"}],"wp:featuredmedia":[{"embeddable":true,"href":"https:\/\/skinstudio.ee\/lv\/wp-json\/wp\/v2\/media\/62590"}],"wp:attachment":[{"href":"https:\/\/skinstudio.ee\/lv\/wp-json\/wp\/v2\/media?parent=60946"}],"wp:term":[{"taxonomy":"pwb-brand","embeddable":true,"href":"https:\/\/skinstudio.ee\/lv\/wp-json\/wp\/v2\/pwb-brand?post=60946"},{"taxonomy":"product_brand","embeddable":true,"href":"https:\/\/skinstudio.ee\/lv\/wp-json\/wp\/v2\/product_brand?post=60946"},{"taxonomy":"product_cat","embeddable":true,"href":"https:\/\/skinstudio.ee\/lv\/wp-json\/wp\/v2\/product_cat?post=60946"},{"taxonomy":"product_tag","embeddable":true,"href":"https:\/\/skinstudio.ee\/lv\/wp-json\/wp\/v2\/product_tag?post=60946"},{"taxonomy":"giftcard-category","embeddable":true,"href":"https:\/\/skinstudio.ee\/lv\/wp-json\/wp\/v2\/giftcard-category?post=60946"}],"curies":[{"name":"wp","href":"https:\/\/api.w.org\/{rel}","templated":true}]}}