{"id":60962,"date":"2025-08-27T12:47:41","date_gmt":"2025-08-27T12:47:41","guid":{"rendered":"https:\/\/skinstudio.ee\/?post_type=product&#038;p=60962"},"modified":"2026-02-24T15:42:38","modified_gmt":"2026-02-24T15:42:38","slug":"daily-prevention-pure-mineral-tinted-moisturizer-spf-30","status":"publish","type":"product","link":"https:\/\/skinstudio.ee\/lv\/catalog\/image-skincare\/daily-prevention-pure-mineral-tinted-moisturizer-spf-30\/","title":{"rendered":"Daily Prevention Pure Mineral Tinted Moisturizer SPF 30"},"content":{"rendered":"<p class=\"p1\">Daily Prevention Pure Mineral Tinted Moisturizer SPF 30 ir \u0101tri uzs\u016bco\u0161s ton\u0113ts dienas kr\u0113ms ar miner\u0101lo aizsardz\u012bbu, kas izl\u012bdzina \u0101das toni un pie\u0161\u0137ir tai dabisku, svaigu mirdzumu. Tas var aizst\u0101t BB kr\u0113mu vai kalpot k\u0101 b\u0101ze vienm\u0113r\u012bg\u0101kam grimumam, radot maigu, gandr\u012bz neman\u0101mu p\u0101rkl\u0101jumu bez sv\u012btr\u0101m un nos\u0113dumiem.<\/p>\n<p class=\"p1\">Formula apvieno jaud\u012bgu, pla\u0161a spektra miner\u0101lo aizsardz\u012bbu ar moderniem zil\u0101s gaismas filtriem, pal\u012bdzot pasarg\u0101t \u0101du ne tikai no UV starojuma, bet ar\u012b ekr\u0101nu gaismas un apk\u0101rt\u0113j\u0101s vides stresa faktoriem. Viegl\u0101 tekst\u016bra izkl\u0101jas vienm\u0113r\u012bgi, nep\u0101rslogo \u0101du un neaizsprosto poras.<\/p>\n<p class=\"p1\">Patente\u0304ta\u0304 XOSM\u00ae tehnolog\u0327ija kop\u0101 ar mitrino\u0161\u0101m sast\u0101vda\u013c\u0101m nodro\u0161ina ilgsto\u0161u mitrin\u0101\u0161anu un pal\u012bdz nov\u0113rst priek\u0161laic\u012bgas noveco\u0161an\u0101s paz\u012bmes. Kr\u0113ms atst\u0101j \u0101du gludu, koptu un vizu\u0101li vienm\u0113r\u012bg\u0101ku visas dienas garum\u0101.<\/p>\n<p class=\"p3\"><b>Tilpums:<\/b><span class=\"s1\"> 28 g \/ 73 g\u00a0<\/span><\/p>\n","protected":false},"excerpt":{"rendered":"<p class=\"p1\">Ton\u0113ts dienas kr\u0113ms<\/p>\n<h2 class=\"p3\"><b>\u012apa\u0161\u012bbas Image Skincare &#8211; Pure Mineral Tinted Moisturizer SPF 30<\/b><b><\/b><\/h2>\n<p class=\"p1\">\u2714\ufe0f Pie\u0161\u0137ir \u0101dai dabisku mirdzumu<br \/>\n\u2714\ufe0f Izl\u012bdzina \u0101das toni<br \/>\n\u2714\ufe0f \u0100tri ies\u016bcas un nodro\u0161ina vieglu p\u0101rkl\u0101jumu<br \/>\n\u2714\ufe0f Aizsarg\u0101 no UV stariem, ekr\u0101na gaismas un apk\u0101rt\u0113j\u0101s vides stresa faktoriem<br \/>\n\u2714\ufe0f Uzlabo \u0101das komfortu un gludumu<\/p>\n","protected":false},"featured_media":62478,"template":"","meta":[],"pwb-brand":[1134],"product_brand":[],"product_cat":[770,739,731,753],"product_tag":[],"giftcard-category":[],"class_list":{"0":"post-60962","1":"product","2":"type-product","3":"status-publish","4":"has-post-thumbnail","6":"pwb-brand-image-skincare","7":"product_cat-grims","8":"product_cat-sausai-adai","9":"product_cat-spf-aizsardziba","10":"product_cat-travel-size-lv","11":"pa_suurus-28g-lv","12":"pa_suurus-73g-lv","14":"first","15":"instock","16":"taxable","17":"shipping-taxable","18":"purchasable","19":"product-type-variable"},"acf":[],"brands":[{"id":1134,"name":"Image Skincare","slug":"image-skincare"}],"_links":{"self":[{"href":"https:\/\/skinstudio.ee\/lv\/wp-json\/wp\/v2\/product\/60962","targetHints":{"allow":["GET"]}}],"collection":[{"href":"https:\/\/skinstudio.ee\/lv\/wp-json\/wp\/v2\/product"}],"about":[{"href":"https:\/\/skinstudio.ee\/lv\/wp-json\/wp\/v2\/types\/product"}],"version-history":[{"count":1,"href":"https:\/\/skinstudio.ee\/lv\/wp-json\/wp\/v2\/product\/60962\/revisions"}],"predecessor-version":[{"id":83523,"href":"https:\/\/skinstudio.ee\/lv\/wp-json\/wp\/v2\/product\/60962\/revisions\/83523"}],"wp:featuredmedia":[{"embeddable":true,"href":"https:\/\/skinstudio.ee\/lv\/wp-json\/wp\/v2\/media\/62478"}],"wp:attachment":[{"href":"https:\/\/skinstudio.ee\/lv\/wp-json\/wp\/v2\/media?parent=60962"}],"wp:term":[{"taxonomy":"pwb-brand","embeddable":true,"href":"https:\/\/skinstudio.ee\/lv\/wp-json\/wp\/v2\/pwb-brand?post=60962"},{"taxonomy":"product_brand","embeddable":true,"href":"https:\/\/skinstudio.ee\/lv\/wp-json\/wp\/v2\/product_brand?post=60962"},{"taxonomy":"product_cat","embeddable":true,"href":"https:\/\/skinstudio.ee\/lv\/wp-json\/wp\/v2\/product_cat?post=60962"},{"taxonomy":"product_tag","embeddable":true,"href":"https:\/\/skinstudio.ee\/lv\/wp-json\/wp\/v2\/product_tag?post=60962"},{"taxonomy":"giftcard-category","embeddable":true,"href":"https:\/\/skinstudio.ee\/lv\/wp-json\/wp\/v2\/giftcard-category?post=60962"}],"curies":[{"name":"wp","href":"https:\/\/api.w.org\/{rel}","templated":true}]}}