{"id":61070,"date":"2025-10-02T15:01:47","date_gmt":"2025-10-02T15:01:47","guid":{"rendered":"https:\/\/skinstudio.ee\/?post_type=product&#038;p=61070"},"modified":"2025-12-29T09:56:29","modified_gmt":"2025-12-29T09:56:29","slug":"the-gold-standard","status":"publish","type":"product","link":"https:\/\/skinstudio.ee\/lv\/catalog\/image-skincare\/the-gold-standard\/","title":{"rendered":"The Gold Standard"},"content":{"rendered":"<p data-start=\"404\" data-end=\"647\">D\u0101vanu komplekts \u0113rt\u0101 ce\u013cojuma form\u0101t\u0101, kur\u0101 ietilpst att\u012bro\u0161ais gels, serums un nakts kr\u0113ms. Formula ar C vitam\u012bnu un augu ekstraktiem dzi\u013ci mitrina, izl\u012bdzina \u0101das toni un sniedz svaiguma un komforta saj\u016btu jau no pirmaj\u0101m lieto\u0161anas reiz\u0113m.<\/p>\n<p data-start=\"649\" data-end=\"877\">\u0160is komplekts ir rad\u012bts tiem, kas v\u0113las pilnv\u0113rt\u012bgu \u0101das kop\u0161anu ar\u012b ce\u013c\u0101. Produkti efekt\u012bvi mazina noguruma paz\u012bmes, atjauno \u0101das mirdzumu un maigumu, stiprina aizsargbarjeru un pal\u012bdz pretoties ikdienas vides stresa faktoriem.<\/p>\n<p data-start=\"879\" data-end=\"1015\">Elegantais, kompaktais iepakojums padara Gold Standard Set par praktisku ce\u013cabiedru, k\u0101 ar\u012b stil\u012bgu d\u0101vanu, kas izce\u013c r\u016bpes un uzman\u012bbu.<\/p>\n<p data-start=\"1017\" data-end=\"1117\"><strong>The Gold Standard<\/strong> Set ir univers\u0101la kop\u0161ana un invest\u012bcija vesel\u012bg\u0101, skaist\u0101 \u0101d\u0101 jebkur\u0101 viet\u0101 un laik\u0101.<\/p>\n","protected":false},"excerpt":{"rendered":"<p data-start=\"1363\" data-end=\"1427\">Kompakts komplekts svaigam tonim, mitrin\u0101\u0161anai un \u0101das komfortam<\/p>\n<h2 data-start=\"1429\" data-end=\"1478\"><strong data-start=\"1429\" data-end=\"1478\">Image Skincare &#8211; The Gold Standard komplekts ietver:<\/strong><\/h2>\n<p data-start=\"1480\" data-end=\"1663\">\u2714\ufe0f ORMEDIC balans\u0113jo\u0161s att\u012bro\u0161ais gels &#8211; 50 ml<br data-start=\"1526\" data-end=\"1529\" \/>\u2714\ufe0f ILUMA \u0101das toni izl\u012bdzino\u0161s serums &#8211; 15 ml<br data-start=\"1574\" data-end=\"1577\" \/>\u2714\ufe0f VITAL C mitrino\u0161s un atjaunojo\u0161s nakts kr\u0113ms &#8211; 28 g<br data-start=\"1631\" data-end=\"1634\" \/>\u2714\ufe0f Eleganta kosm\u0113tikas soma<\/p>\n","protected":false},"featured_media":62000,"template":"","meta":[],"pwb-brand":[1134],"product_brand":[],"product_cat":[764,755],"product_tag":[],"giftcard-category":[],"class_list":{"0":"post-61070","1":"product","2":"type-product","3":"status-publish","4":"has-post-thumbnail","6":"pwb-brand-image-skincare","7":"product_cat-davanu-ideja","8":"product_cat-komplekti","10":"first","11":"instock","12":"sale","13":"taxable","14":"shipping-taxable","15":"purchasable","16":"product-type-simple"},"acf":[],"brands":[{"id":1134,"name":"Image Skincare","slug":"image-skincare"}],"_links":{"self":[{"href":"https:\/\/skinstudio.ee\/lv\/wp-json\/wp\/v2\/product\/61070","targetHints":{"allow":["GET"]}}],"collection":[{"href":"https:\/\/skinstudio.ee\/lv\/wp-json\/wp\/v2\/product"}],"about":[{"href":"https:\/\/skinstudio.ee\/lv\/wp-json\/wp\/v2\/types\/product"}],"version-history":[{"count":0,"href":"https:\/\/skinstudio.ee\/lv\/wp-json\/wp\/v2\/product\/61070\/revisions"}],"wp:featuredmedia":[{"embeddable":true,"href":"https:\/\/skinstudio.ee\/lv\/wp-json\/wp\/v2\/media\/62000"}],"wp:attachment":[{"href":"https:\/\/skinstudio.ee\/lv\/wp-json\/wp\/v2\/media?parent=61070"}],"wp:term":[{"taxonomy":"pwb-brand","embeddable":true,"href":"https:\/\/skinstudio.ee\/lv\/wp-json\/wp\/v2\/pwb-brand?post=61070"},{"taxonomy":"product_brand","embeddable":true,"href":"https:\/\/skinstudio.ee\/lv\/wp-json\/wp\/v2\/product_brand?post=61070"},{"taxonomy":"product_cat","embeddable":true,"href":"https:\/\/skinstudio.ee\/lv\/wp-json\/wp\/v2\/product_cat?post=61070"},{"taxonomy":"product_tag","embeddable":true,"href":"https:\/\/skinstudio.ee\/lv\/wp-json\/wp\/v2\/product_tag?post=61070"},{"taxonomy":"giftcard-category","embeddable":true,"href":"https:\/\/skinstudio.ee\/lv\/wp-json\/wp\/v2\/giftcard-category?post=61070"}],"curies":[{"name":"wp","href":"https:\/\/api.w.org\/{rel}","templated":true}]}}