{"id":61078,"date":"2025-10-02T15:12:54","date_gmt":"2025-10-02T15:12:54","guid":{"rendered":"https:\/\/skinstudio.ee\/?post_type=product&#038;p=61078"},"modified":"2025-12-29T09:56:30","modified_gmt":"2025-12-29T09:56:30","slug":"unwrap-radiance","status":"publish","type":"product","link":"https:\/\/skinstudio.ee\/lv\/catalog\/image-skincare\/unwrap-radiance\/","title":{"rendered":"Unwrap Radiance"},"content":{"rendered":"<p data-start=\"353\" data-end=\"568\">Greznais sv\u0113tku duets apvieno divus ICONISKUS IMAGE Skincare produktus &#8211; ORMEDIC mitrino\u0161o l\u016bpu balzamu un IMAGE MD acu maskas. \u0160is komplekts ir rad\u012bts, lai sniegtu \u0101dai t\u016bl\u012bt\u0113ju komfortu, mirdzumu un koptu izskatu.<\/p>\n<p data-start=\"570\" data-end=\"806\">ORMEDIC l\u016bpu balzams intens\u012bvi baro un m\u012bkstina l\u016bpas, atst\u0101jot t\u0101s gludas un mitrin\u0101tas visas dienas garum\u0101. Savuk\u0101rt IMAGE MD acu maskas r\u016bp\u0113jas par delik\u0101to acu zonu: mazina piet\u016bkumu, izl\u012bdzina smalk\u0101s krunci\u0146as un atgrie\u017e svaigumu.<\/p>\n<p data-start=\"808\" data-end=\"1068\">Komplekts ir ievietots elegant\u0101 d\u0101vanu kast\u012bt\u0113 ar dekorat\u012bvu lent\u012bti, padarot to ne tikai par kop\u0161anas l\u012bdzek\u013cu komplektu, bet ar\u012b par stil\u012bgu sv\u0113tku aksesu\u0101ru. To var piek\u0101rt egl\u012bt\u0113 k\u0101 rot\u0101jumu vai pasniegt k\u0101 izsmalcin\u0101tu d\u0101vanu, kas izce\u013c r\u016bpes un uzman\u012bbu.<\/p>\n<p data-start=\"1070\" data-end=\"1176\"><strong>Unwrap Radiance<\/strong> ir skaistuma un kop\u0161anas simbols, kas lieliski piem\u0113rots \u012bpa\u0161as sv\u0113tku noska\u0146as rad\u012b\u0161anai.<\/p>\n","protected":false},"excerpt":{"rendered":"<div id=\"product-16872\" class=\"product type-product post-16872 status-publish first instock product_cat-image-skincare-ru product_cat-isc-ru product_cat-566 product_cat-622 has-post-thumbnail shipping-taxable purchasable product-type-simple ct-default-gallery ct-ajax-add-to-cart thumbs-bottom sticky-gallery sticky-summary\">\n<div class=\"woocommerce-tabs wc-tabs-wrapper\" data-type=\"type-1:center\">\n<article>\n<div id=\"tab-sizetab\" class=\"woocommerce-Tabs-panel woocommerce-Tabs-panel--sizetab panel entry-content wc-tab is-layout-constrained\" role=\"tabpanel\" aria-labelledby=\"tab-title-sizetab\">\n<p data-start=\"1332\" data-end=\"1380\">Duets \u0101das mitrin\u0101\u0161anai un svaiguma pie\u0161\u0137ir\u0161anai<\/p>\n<h2 data-start=\"1382\" data-end=\"1435\"><strong data-start=\"1382\" data-end=\"1435\">Image Skincare &#8211; Unwrap Radiance komplekts ietver:<\/strong><\/h2>\n<p data-start=\"1437\" data-end=\"1513\">\u2714\ufe0f ORMEDIC mitrino\u0161s l\u016bpu balzams &#8211; 7 g<br data-start=\"1476\" data-end=\"1479\" \/>\u2714\ufe0f IMAGE MD acu maskas &#8211; 1 p\u0101ris<\/p>\n<\/div>\n<\/article>\n<\/div>\n<\/div>\n","protected":false},"featured_media":61995,"template":"","meta":[],"pwb-brand":[1134],"product_brand":[],"product_cat":[764,755],"product_tag":[],"giftcard-category":[],"class_list":{"0":"post-61078","1":"product","2":"type-product","3":"status-publish","4":"has-post-thumbnail","6":"pwb-brand-image-skincare","7":"product_cat-davanu-ideja","8":"product_cat-komplekts","10":"first","11":"instock","12":"sale","13":"taxable","14":"shipping-taxable","15":"purchasable","16":"product-type-simple"},"acf":[],"brands":[{"id":1134,"name":"Image Skincare","slug":"image-skincare"}],"_links":{"self":[{"href":"https:\/\/skinstudio.ee\/lv\/wp-json\/wp\/v2\/product\/61078","targetHints":{"allow":["GET"]}}],"collection":[{"href":"https:\/\/skinstudio.ee\/lv\/wp-json\/wp\/v2\/product"}],"about":[{"href":"https:\/\/skinstudio.ee\/lv\/wp-json\/wp\/v2\/types\/product"}],"version-history":[{"count":0,"href":"https:\/\/skinstudio.ee\/lv\/wp-json\/wp\/v2\/product\/61078\/revisions"}],"wp:featuredmedia":[{"embeddable":true,"href":"https:\/\/skinstudio.ee\/lv\/wp-json\/wp\/v2\/media\/61995"}],"wp:attachment":[{"href":"https:\/\/skinstudio.ee\/lv\/wp-json\/wp\/v2\/media?parent=61078"}],"wp:term":[{"taxonomy":"pwb-brand","embeddable":true,"href":"https:\/\/skinstudio.ee\/lv\/wp-json\/wp\/v2\/pwb-brand?post=61078"},{"taxonomy":"product_brand","embeddable":true,"href":"https:\/\/skinstudio.ee\/lv\/wp-json\/wp\/v2\/product_brand?post=61078"},{"taxonomy":"product_cat","embeddable":true,"href":"https:\/\/skinstudio.ee\/lv\/wp-json\/wp\/v2\/product_cat?post=61078"},{"taxonomy":"product_tag","embeddable":true,"href":"https:\/\/skinstudio.ee\/lv\/wp-json\/wp\/v2\/product_tag?post=61078"},{"taxonomy":"giftcard-category","embeddable":true,"href":"https:\/\/skinstudio.ee\/lv\/wp-json\/wp\/v2\/giftcard-category?post=61078"}],"curies":[{"name":"wp","href":"https:\/\/api.w.org\/{rel}","templated":true}]}}