{"id":61089,"date":"2025-06-12T15:43:25","date_gmt":"2025-06-12T15:43:25","guid":{"rendered":"https:\/\/skinstudio.ee\/?post_type=product&#038;p=61089"},"modified":"2025-12-29T09:56:29","modified_gmt":"2025-12-29T09:56:29","slug":"post-treatment-trial-kit","status":"publish","type":"product","link":"https:\/\/skinstudio.ee\/lv\/catalog\/image-skincare\/post-treatment-trial-kit\/","title":{"rendered":"Post-Treatment Trial Kit"},"content":{"rendered":"<p data-start=\"365\" data-end=\"724\">Post-Treatment Trial Kit ir profesion\u0101li izstr\u0101d\u0101ts \u0101das atjauno\u0161anas komplekts, kas pal\u012bdz nomierin\u0101t un atbalst\u012bt \u0101du p\u0113c kosm\u0113tiskaj\u0101m proced\u016br\u0101m. Tas samazina jut\u012bgumu, sausumu un diskomfortu, pa\u0101trina re\u0123ener\u0101ciju un stiprina \u0101das aizsargbarjeru. Produkti darbojas siner\u0123ij\u0101 &#8211; tie maigi att\u012bra, nomierina, dzi\u013ci mitrina un pal\u012bdz atjaunot \u0101das l\u012bdzsvaru.<\/p>\n<p data-start=\"726\" data-end=\"1092\">Komplekts ir \u012bpa\u0161i piem\u0113rots p\u0113c p\u012blingiem, l\u0101zerproced\u016br\u0101m, atjaunojo\u0161\u0101m metod\u0113m, intens\u012bvas eksfoli\u0101cijas un cit\u0101m profesion\u0101l\u0101m proced\u016br\u0101m. Dab\u012bgie ekstrakti, vitam\u012bni un mitrino\u0161ie komponenti pal\u012bdz mazin\u0101t kairin\u0101jumu, atjaunot mikrobiomu un uzlabot \u0101das komfortu. Regul\u0101ra lieto\u0161ana nodro\u0161ina maig\u0101ku, glud\u0101ku un vesel\u012bg\u0101ku \u0101du visa atjauno\u0161an\u0101s procesa laik\u0101.<\/p>\n<p data-start=\"1094\" data-end=\"1265\">POST TREATMENT komplekta produkti j\u0101lieto l\u012bdz to piln\u012bgai izlieto\u0161anai vai saska\u0146\u0101 ar speci\u0101lista ieteikumiem, nodro\u0161inot pak\u0101penisku un dro\u0161u p\u0101reju uz ikdienas kop\u0161anu.<\/p>\n","protected":false},"excerpt":{"rendered":"<p data-start=\"1797\" data-end=\"1828\">P\u0113capstr\u0101des kop\u0161anas komplekts<\/p>\n<h2 data-start=\"1830\" data-end=\"1882\"><strong data-start=\"1830\" data-end=\"1882\">Image Skincare &#8211; Post-Treatment Trial Kit ietver<\/strong><\/h2>\n<p data-start=\"1884\" data-end=\"2095\">\u2714\ufe0f ORMEDIC\u00ae Balancing Facial Cleanser 7.4 ml<br data-start=\"1927\" data-end=\"1930\" \/>\u2714\ufe0f ILUMA\u00ae Intense Brightening Serum 7.4 ml<br data-start=\"1971\" data-end=\"1974\" \/>\u2714\ufe0f PREVENTION+\u00ae Daily Hydrating Moisturizer SPF 30 7 g<br data-start=\"2028\" data-end=\"2031\" \/>\u2714\ufe0f the MAX\u2122 Cr\u00e8me 7 g<br data-start=\"2052\" data-end=\"2055\" \/>\u2714\ufe0f VITAL C Hydrating Enzyme Masque 7 g<\/p>\n","protected":false},"featured_media":62030,"template":"","meta":[],"pwb-brand":[1134],"product_brand":[],"product_cat":[753],"product_tag":[],"giftcard-category":[],"class_list":{"0":"post-61089","1":"product","2":"type-product","3":"status-publish","4":"has-post-thumbnail","6":"pwb-brand-image-skincare","7":"product_cat-travel-size-lv","9":"first","10":"instock","11":"taxable","12":"shipping-taxable","13":"purchasable","14":"product-type-simple"},"acf":[],"brands":[{"id":1134,"name":"Image Skincare","slug":"image-skincare"}],"_links":{"self":[{"href":"https:\/\/skinstudio.ee\/lv\/wp-json\/wp\/v2\/product\/61089","targetHints":{"allow":["GET"]}}],"collection":[{"href":"https:\/\/skinstudio.ee\/lv\/wp-json\/wp\/v2\/product"}],"about":[{"href":"https:\/\/skinstudio.ee\/lv\/wp-json\/wp\/v2\/types\/product"}],"version-history":[{"count":0,"href":"https:\/\/skinstudio.ee\/lv\/wp-json\/wp\/v2\/product\/61089\/revisions"}],"wp:featuredmedia":[{"embeddable":true,"href":"https:\/\/skinstudio.ee\/lv\/wp-json\/wp\/v2\/media\/62030"}],"wp:attachment":[{"href":"https:\/\/skinstudio.ee\/lv\/wp-json\/wp\/v2\/media?parent=61089"}],"wp:term":[{"taxonomy":"pwb-brand","embeddable":true,"href":"https:\/\/skinstudio.ee\/lv\/wp-json\/wp\/v2\/pwb-brand?post=61089"},{"taxonomy":"product_brand","embeddable":true,"href":"https:\/\/skinstudio.ee\/lv\/wp-json\/wp\/v2\/product_brand?post=61089"},{"taxonomy":"product_cat","embeddable":true,"href":"https:\/\/skinstudio.ee\/lv\/wp-json\/wp\/v2\/product_cat?post=61089"},{"taxonomy":"product_tag","embeddable":true,"href":"https:\/\/skinstudio.ee\/lv\/wp-json\/wp\/v2\/product_tag?post=61089"},{"taxonomy":"giftcard-category","embeddable":true,"href":"https:\/\/skinstudio.ee\/lv\/wp-json\/wp\/v2\/giftcard-category?post=61089"}],"curies":[{"name":"wp","href":"https:\/\/api.w.org\/{rel}","templated":true}]}}