{"id":61096,"date":"2025-04-25T14:32:12","date_gmt":"2025-04-25T14:32:12","guid":{"rendered":"https:\/\/skinstudio.ee\/?post_type=product&#038;p=61096"},"modified":"2026-02-19T15:47:34","modified_gmt":"2026-02-19T15:47:34","slug":"ageless-retinol-trial-kit","status":"publish","type":"product","link":"https:\/\/skinstudio.ee\/lv\/catalog\/image-skincare\/ageless-retinol-trial-kit\/","title":{"rendered":"Ageless Retinol Trial Kit"},"content":{"rendered":"<p data-start=\"316\" data-end=\"612\">Ageless Retinol Trial Kit ir ide\u0101ls veids, k\u0101 uzs\u0101kt iepaz\u012b\u0161anos ar retinolu un atrast savai \u0101dai piem\u0113rot\u0101ko koncentr\u0101ciju. Komplekt\u0101 ir \u010detri AGELESS+ produkti, kas pal\u012bdz samazin\u0101t krunci\u0146as, pigment\u0101ciju un nevienm\u0113r\u012bgu tekst\u016bru, vienlaikus nomierinot \u0101du un nodro\u0161inot tai dzi\u013cu mitrin\u0101\u0161anu.<\/p>\n<p data-start=\"614\" data-end=\"835\">Katram produktam ir at\u0161\u0137ir\u012bgs retinola stiprums, kas \u013cauj \u0101dai pak\u0101peniski pierast un dro\u0161i palielin\u0101t intensit\u0101ti. \u0160\u0101da pak\u0101peniska pieeja pal\u012bdz izvair\u012bties no kairin\u0101juma un nodro\u0161ina efekt\u012bvus, kontrol\u0113tus rezult\u0101tus.<\/p>\n<p data-start=\"837\" data-end=\"1064\">Retinols ir vakara kop\u0161anas sast\u0101vda\u013ca. Izm\u0113\u0123iniet katru produktu atsevi\u0161\u0137i un izv\u0113lieties piem\u0113rot\u0101ko savas \u0101das vajadz\u012bb\u0101m.<br data-start=\"962\" data-end=\"965\" \/>Lab\u0101kam rezult\u0101tam lietojiet izv\u0113l\u0113to produktu <strong data-start=\"1012\" data-end=\"1028\">katru vakaru<\/strong>, bet no r\u012bta vienm\u0113r lietojiet SPF.<\/p>\n","protected":false},"excerpt":{"rendered":"<p data-start=\"1314\" data-end=\"1344\">Retinola iepaz\u012b\u0161an\u0101s komplekts<\/p>\n<h2 data-start=\"1346\" data-end=\"1399\"><strong data-start=\"1346\" data-end=\"1399\">Image Skincare &#8211; Ageless Retinol Trial Kit ietver<\/strong><\/h2>\n<p data-start=\"1401\" data-end=\"1592\">\u2714\ufe0f AGELESS+ Pure Liquid Retinol 0.1% Serum &#8211; 4 ml<br data-start=\"1450\" data-end=\"1453\" \/>\u2714\ufe0f AGELESS+ Pure Liquid Retinol 0.3% Serum &#8211; 4 ml<br data-start=\"1502\" data-end=\"1505\" \/>\u2714\ufe0f AGELESS+ Retinol 0.3% Cr\u00e8me &#8211; 6 g<br data-start=\"1541\" data-end=\"1544\" \/>\u2714\ufe0f AGELESS+ Night Mask with Retinol 0.5% &#8211; 6 g<\/p>\n","protected":false},"featured_media":62035,"template":"","meta":[],"pwb-brand":[1134],"product_brand":[],"product_cat":[727,755,753],"product_tag":[],"giftcard-category":[],"class_list":{"0":"post-61096","1":"product","2":"type-product","3":"status-publish","4":"has-post-thumbnail","6":"pwb-brand-image-skincare","7":"product_cat-a-vitamins-retinols","8":"product_cat-komplekti","9":"product_cat-travel-size","11":"first","12":"instock","13":"sale","14":"taxable","15":"shipping-taxable","16":"purchasable","17":"product-type-simple"},"acf":[],"brands":[{"id":1134,"name":"Image Skincare","slug":"image-skincare"}],"_links":{"self":[{"href":"https:\/\/skinstudio.ee\/lv\/wp-json\/wp\/v2\/product\/61096","targetHints":{"allow":["GET"]}}],"collection":[{"href":"https:\/\/skinstudio.ee\/lv\/wp-json\/wp\/v2\/product"}],"about":[{"href":"https:\/\/skinstudio.ee\/lv\/wp-json\/wp\/v2\/types\/product"}],"version-history":[{"count":1,"href":"https:\/\/skinstudio.ee\/lv\/wp-json\/wp\/v2\/product\/61096\/revisions"}],"predecessor-version":[{"id":82779,"href":"https:\/\/skinstudio.ee\/lv\/wp-json\/wp\/v2\/product\/61096\/revisions\/82779"}],"wp:featuredmedia":[{"embeddable":true,"href":"https:\/\/skinstudio.ee\/lv\/wp-json\/wp\/v2\/media\/62035"}],"wp:attachment":[{"href":"https:\/\/skinstudio.ee\/lv\/wp-json\/wp\/v2\/media?parent=61096"}],"wp:term":[{"taxonomy":"pwb-brand","embeddable":true,"href":"https:\/\/skinstudio.ee\/lv\/wp-json\/wp\/v2\/pwb-brand?post=61096"},{"taxonomy":"product_brand","embeddable":true,"href":"https:\/\/skinstudio.ee\/lv\/wp-json\/wp\/v2\/product_brand?post=61096"},{"taxonomy":"product_cat","embeddable":true,"href":"https:\/\/skinstudio.ee\/lv\/wp-json\/wp\/v2\/product_cat?post=61096"},{"taxonomy":"product_tag","embeddable":true,"href":"https:\/\/skinstudio.ee\/lv\/wp-json\/wp\/v2\/product_tag?post=61096"},{"taxonomy":"giftcard-category","embeddable":true,"href":"https:\/\/skinstudio.ee\/lv\/wp-json\/wp\/v2\/giftcard-category?post=61096"}],"curies":[{"name":"wp","href":"https:\/\/api.w.org\/{rel}","templated":true}]}}