{"id":61104,"date":"2025-03-21T16:49:26","date_gmt":"2025-03-21T16:49:26","guid":{"rendered":"https:\/\/skinstudio.ee\/?post_type=product&#038;p=61104"},"modified":"2025-12-29T09:56:26","modified_gmt":"2025-12-29T09:56:26","slug":"daily-prevention-trial-kit","status":"publish","type":"product","link":"https:\/\/skinstudio.ee\/lv\/catalog\/image-skincare\/daily-prevention-trial-kit\/","title":{"rendered":"Daily Prevention Trial Kit"},"content":{"rendered":"<p data-start=\"359\" data-end=\"658\">Daily Prevention Trial Kit ir r\u016bp\u012bgi izveidots starta komplekts ikdienas \u0101das mitrin\u0101\u0161anai, aizsardz\u012bbai un atbalstam pret apk\u0101rt\u0113j\u0101s vides stresa faktoriem. Formulas pal\u012bdz stiprin\u0101t \u0101das aizsargbarjeru, pie\u0161\u0137irt mirdzumu un nodro\u0161in\u0101t uzticamu aizsardz\u012bbu pret priek\u0161laic\u012bgas noveco\u0161an\u0101s c\u0113lo\u0146iem.<\/p>\n<p data-start=\"660\" data-end=\"982\">Ingvera ekstrakts, mikroa\u013c\u0123es un C vitam\u012bns pal\u012bdz atdz\u012bvin\u0101t \u0101das toni, uzlabot t\u0101s vienm\u0113r\u012bgumu un uztur\u0113t elast\u012bbu. Uzlabotie miner\u0101lie un kombin\u0113tie SPF filtri aizsarg\u0101 ne tikai no UVA\/UVB stariem, bet ar\u012b no infrasarkan\u0101 starojuma un zil\u0101s gaismas, ko izstaro ekr\u0101ni \u2014 viena no galvenaj\u0101m fotonoveco\u0161an\u0101s sast\u0101vda\u013c\u0101m.<\/p>\n<p data-start=\"984\" data-end=\"1128\">Komplekt\u0101 iek\u013cauti pieci DAILY PREVENTION\u2122 dienas kr\u0113mi da\u017e\u0101diem \u0101das tipiem, kas \u013cauj piemekl\u0113t sev vispiem\u0113rot\u0101ko formulu ikdienas lieto\u0161anai.<\/p>\n","protected":false},"excerpt":{"rendered":"<p data-start=\"1415\" data-end=\"1462\">Ikdienas aizsardz\u012bbas un mitrin\u0101\u0161anas komplekts<\/p>\n<h2 data-start=\"1464\" data-end=\"1518\"><strong data-start=\"1464\" data-end=\"1518\">Image Skincare &#8211; Daily Prevention Trial Kit ietver<\/strong><\/h2>\n<p data-start=\"1520\" data-end=\"1746\">\u2714\ufe0f Smartblend Moisturiser SPF 50+ &#8211; 7 g<br data-start=\"1559\" data-end=\"1562\" \/>\u2714\ufe0f Pure Mineral Hydrating Moisturiser SPF 30 &#8211; 7 g<br data-start=\"1612\" data-end=\"1615\" \/>\u2714\ufe0f Sheer Matte Moisturiser SPF 30 &#8211; 7 g<br data-start=\"1654\" data-end=\"1657\" \/>\u2714\ufe0f Hydrating Moisturiser SPF 50 &#8211; 7 g<br data-start=\"1694\" data-end=\"1697\" \/>\u2714\ufe0f Pure Mineral Tinted Moisturizer SPF 30 &#8211; 7 g<\/p>\n","protected":false},"featured_media":62045,"template":"","meta":[],"pwb-brand":[1134],"product_brand":[],"product_cat":[755,731,753],"product_tag":[],"giftcard-category":[],"class_list":{"0":"post-61104","1":"product","2":"type-product","3":"status-publish","4":"has-post-thumbnail","6":"pwb-brand-image-skincare","7":"product_cat-komplekts","8":"product_cat-spf-aizsardziba","9":"product_cat-travel-size-lv","11":"first","12":"instock","13":"taxable","14":"shipping-taxable","15":"purchasable","16":"product-type-simple"},"acf":[],"brands":[{"id":1134,"name":"Image Skincare","slug":"image-skincare"}],"_links":{"self":[{"href":"https:\/\/skinstudio.ee\/lv\/wp-json\/wp\/v2\/product\/61104","targetHints":{"allow":["GET"]}}],"collection":[{"href":"https:\/\/skinstudio.ee\/lv\/wp-json\/wp\/v2\/product"}],"about":[{"href":"https:\/\/skinstudio.ee\/lv\/wp-json\/wp\/v2\/types\/product"}],"version-history":[{"count":0,"href":"https:\/\/skinstudio.ee\/lv\/wp-json\/wp\/v2\/product\/61104\/revisions"}],"wp:featuredmedia":[{"embeddable":true,"href":"https:\/\/skinstudio.ee\/lv\/wp-json\/wp\/v2\/media\/62045"}],"wp:attachment":[{"href":"https:\/\/skinstudio.ee\/lv\/wp-json\/wp\/v2\/media?parent=61104"}],"wp:term":[{"taxonomy":"pwb-brand","embeddable":true,"href":"https:\/\/skinstudio.ee\/lv\/wp-json\/wp\/v2\/pwb-brand?post=61104"},{"taxonomy":"product_brand","embeddable":true,"href":"https:\/\/skinstudio.ee\/lv\/wp-json\/wp\/v2\/product_brand?post=61104"},{"taxonomy":"product_cat","embeddable":true,"href":"https:\/\/skinstudio.ee\/lv\/wp-json\/wp\/v2\/product_cat?post=61104"},{"taxonomy":"product_tag","embeddable":true,"href":"https:\/\/skinstudio.ee\/lv\/wp-json\/wp\/v2\/product_tag?post=61104"},{"taxonomy":"giftcard-category","embeddable":true,"href":"https:\/\/skinstudio.ee\/lv\/wp-json\/wp\/v2\/giftcard-category?post=61104"}],"curies":[{"name":"wp","href":"https:\/\/api.w.org\/{rel}","templated":true}]}}