{"id":61112,"date":"2024-06-15T08:21:02","date_gmt":"2024-06-15T08:21:02","guid":{"rendered":"https:\/\/skinstudio.ee\/?post_type=product&#038;p=61112"},"modified":"2025-12-29T09:56:29","modified_gmt":"2025-12-29T09:56:29","slug":"ormedic-trial-kit","status":"publish","type":"product","link":"https:\/\/skinstudio.ee\/lv\/catalog\/image-skincare\/ormedic-trial-kit\/","title":{"rendered":"Ormedic Trial Kit"},"content":{"rendered":"<p data-start=\"370\" data-end=\"669\">Ormedic Trial Kit ir r\u016bp\u012bgi izveidots iepaz\u012b\u0161an\u0101s komplekts, kas \u013cauj piln\u012bb\u0101 izprast ORMEDIC l\u012bnijas filozofiju un t\u0101s maigo, sabalans\u0113to pieeju \u0101das kop\u0161anai. Visa l\u012bnija ir rad\u012bta tiem, kas nov\u0113rt\u0113 dabiskas izcelsmes sast\u0101vda\u013cas, t\u012bras formulas un maigumu, kas ir piem\u0113rots pat \u013coti jut\u012bgai \u0101dai.<\/p>\n<p data-start=\"671\" data-end=\"994\">Komplekts ir ide\u0101li piem\u0113rots jut\u012bgai \u0101dai, k\u0101 ar\u012b pusaud\u017eiem, kuri s\u0101k savu pirmo IMAGE Skincare \u0101das kop\u0161anas rut\u012bnu. Augu ekstrakti, antioksidanti un bioadapt\u012bv\u0101s sast\u0101vda\u013cas pal\u012bdz atjaunot \u0101das l\u012bdzsvaru, mazin\u0101t jut\u012bgumu un stiprin\u0101t aizsargbarjeru. Komplekt\u0101 eso\u0161o produktu pietiek 7\u201310 dien\u0101m pilnv\u0113rt\u012bgai kop\u0161anai.<\/p>\n","protected":false},"excerpt":{"rendered":"<p data-start=\"1523\" data-end=\"1565\">Sabalans\u0113tas bot\u0101nisk\u0101s kop\u0161anas komplekts<\/p>\n<h2 data-start=\"1567\" data-end=\"1612\"><strong data-start=\"1567\" data-end=\"1612\">Image Skincare &#8211; Ormedic Trial Kit ietver<\/strong><\/h2>\n<p data-start=\"1614\" data-end=\"1790\">\u2714\ufe0f ORMEDIC Balancing Facial Cleanser &#8211; 7.4 ml<br data-start=\"1659\" data-end=\"1662\" \/>\u2714\ufe0f ORMEDIC Balancing Antioxidant Serum &#8211; 7.4 ml<br data-start=\"1709\" data-end=\"1712\" \/>\u2714\ufe0f ORMEDIC Soothing Gel Masque &#8211; 7.4 ml<br data-start=\"1751\" data-end=\"1754\" \/>\u2714\ufe0f ORMEDIC Bio-Peptide Cr\u00e8me &#8211; 7 g<\/p>\n","protected":false},"featured_media":61113,"template":"","meta":[],"pwb-brand":[1134],"product_brand":[],"product_cat":[755,753],"product_tag":[],"giftcard-category":[],"class_list":{"0":"post-61112","1":"product","2":"type-product","3":"status-publish","4":"has-post-thumbnail","6":"pwb-brand-image-skincare","7":"product_cat-komplekts","8":"product_cat-travel-size-lv","10":"first","11":"instock","12":"taxable","13":"shipping-taxable","14":"purchasable","15":"product-type-simple"},"acf":[],"brands":[{"id":1134,"name":"Image Skincare","slug":"image-skincare"}],"_links":{"self":[{"href":"https:\/\/skinstudio.ee\/lv\/wp-json\/wp\/v2\/product\/61112","targetHints":{"allow":["GET"]}}],"collection":[{"href":"https:\/\/skinstudio.ee\/lv\/wp-json\/wp\/v2\/product"}],"about":[{"href":"https:\/\/skinstudio.ee\/lv\/wp-json\/wp\/v2\/types\/product"}],"version-history":[{"count":0,"href":"https:\/\/skinstudio.ee\/lv\/wp-json\/wp\/v2\/product\/61112\/revisions"}],"wp:featuredmedia":[{"embeddable":true,"href":"https:\/\/skinstudio.ee\/lv\/wp-json\/wp\/v2\/media\/61113"}],"wp:attachment":[{"href":"https:\/\/skinstudio.ee\/lv\/wp-json\/wp\/v2\/media?parent=61112"}],"wp:term":[{"taxonomy":"pwb-brand","embeddable":true,"href":"https:\/\/skinstudio.ee\/lv\/wp-json\/wp\/v2\/pwb-brand?post=61112"},{"taxonomy":"product_brand","embeddable":true,"href":"https:\/\/skinstudio.ee\/lv\/wp-json\/wp\/v2\/product_brand?post=61112"},{"taxonomy":"product_cat","embeddable":true,"href":"https:\/\/skinstudio.ee\/lv\/wp-json\/wp\/v2\/product_cat?post=61112"},{"taxonomy":"product_tag","embeddable":true,"href":"https:\/\/skinstudio.ee\/lv\/wp-json\/wp\/v2\/product_tag?post=61112"},{"taxonomy":"giftcard-category","embeddable":true,"href":"https:\/\/skinstudio.ee\/lv\/wp-json\/wp\/v2\/giftcard-category?post=61112"}],"curies":[{"name":"wp","href":"https:\/\/api.w.org\/{rel}","templated":true}]}}