{"id":61124,"date":"2024-06-18T09:27:31","date_gmt":"2024-06-18T09:27:31","guid":{"rendered":"https:\/\/skinstudio.ee\/?post_type=product&#038;p=61124"},"modified":"2026-01-22T15:03:24","modified_gmt":"2026-01-22T15:03:24","slug":"ultra-b2-micellar-solution","status":"publish","type":"product","link":"https:\/\/skinstudio.ee\/lv\/catalog\/ultraceuticals\/ultra-b2-micellar-solution\/","title":{"rendered":"Ultra B2 Micellar Solution"},"content":{"rendered":"<p data-start=\"281\" data-end=\"641\">Ultra B2 Micellar Solution ir maigs, bet \u013coti efekt\u012bvs micel\u0101rais \u016bdens, kas att\u012bra \u0101du bez kairin\u0101juma un sausuma. Micellas darbojas k\u0101 magn\u0113ti, pievelkot meikapu, net\u012brumus un lieko sebumu, vienlaikus saglab\u0101jot \u0101das dabisko l\u012bdzsvaru. Viegl\u0101, \u016bde\u0146aina tekst\u016bra sniedz atsvaidzino\u0161u saj\u016btu un ir ide\u0101li piem\u0113rota k\u0101 pirmais solis ikdienas att\u012br\u012b\u0161anas rut\u012bn\u0101.<\/p>\n<p data-start=\"643\" data-end=\"828\">Formula ir izstr\u0101d\u0101ta t\u0101, lai nodro\u0161in\u0101tu maksim\u0101lu komfortu pat jut\u012bgai \u0101dai. T\u0101 att\u012bra r\u016bp\u012bgi, neboj\u0101jot \u0101das aizsargbarjeru, un pal\u012bdz uztur\u0113t \u0101du m\u012bkstu un mitrin\u0101tu p\u0113c lieto\u0161anas.<\/p>\n<p data-start=\"830\" data-end=\"1023\"><strong data-start=\"830\" data-end=\"853\">Akt\u012bv\u0101s sast\u0101vda\u013cas<\/strong><\/p>\n<ul>\n<li data-start=\"830\" data-end=\"1023\">Pantenols nomierina un m\u012bkstina \u0101du.<\/li>\n<li data-start=\"830\" data-end=\"1023\">B vitam\u012bnu komplekss dzi\u013ci mitrina un pal\u012bdz uztur\u0113t mitruma barjeru.<\/li>\n<li data-start=\"830\" data-end=\"1023\">Alanto\u012bns pal\u012bdz saglab\u0101t mitrumu un padara \u0101du glud\u0101ku.<\/li>\n<\/ul>\n<p data-start=\"1025\" data-end=\"1147\">Regul\u0101ras lieto\u0161anas rezult\u0101t\u0101 \u0101da k\u013c\u016bst t\u012br\u0101ka, maig\u0101ka un l\u012bdzsvarot\u0101ka, lieliski sagatavota n\u0101kamajiem kop\u0161anas so\u013ciem.<\/p>\n<p data-start=\"1149\" data-end=\"1165\"><strong data-start=\"1149\" data-end=\"1165\">Tilpums: 200 ml<\/strong><\/p>\n","protected":false},"excerpt":{"rendered":"<p data-start=\"1283\" data-end=\"1668\"><span style=\"color: #ff0000;\">NB! \u0160is produkts satur lielu daudzumu akt\u012bvo sast\u0101vda\u013cu. Pirms lieto\u0161anas iesak\u0101m konsult\u0113ties ar m\u016bsu speci\u0101listu. M\u0113s gaid\u0101m j\u016bsu zvanus pa t\u0101lruni <a style=\"color: #ff0000;\" href=\"http:\/\/+37258500171\">+37258500171<\/a> no pirmdienas l\u012bdz piektdienai 10:00\u201319:00, k\u0101 ar\u012b sestdien\u0101s un sv\u0113tdien\u0101s 11:00\u201315:00. J\u016bs varat ar\u012b atst\u0101t savu t\u0101lru\u0146a numuru, rakstot uz <a class=\"decorated-link cursor-pointer\" style=\"color: #ff0000;\" href=\"mailto:info@skinstudio.ee\" rel=\"noopener\" data-start=\"1591\" data-end=\"1609\">info@skinstudio.ee<\/a>, un m\u016bsu speci\u0101lists sazin\u0101sies ar jums 24 stundu laik\u0101.<\/span><\/p>\n<p data-start=\"1670\" data-end=\"1701\">Micel\u0101rais \u016bdens ar B2 vitam\u012bnu<\/p>\n<h2 data-start=\"1703\" data-end=\"2002\"><strong data-start=\"1703\" data-end=\"1759\">\u012apa\u0161\u012bbas ULTRACEUTICALS &#8211; Ultra B2 Micellar Solution<\/strong><\/h2>\n<p data-start=\"1703\" data-end=\"2002\">\u2714\ufe0f Maigi no\u0146em meikapu, tostarp \u016bdensnotur\u012bgos produktus<br data-start=\"1818\" data-end=\"1821\" \/>\u2714\ufe0f Att\u012bra \u0101du bez sausuma vai savilkuma saj\u016btas<br data-start=\"1868\" data-end=\"1871\" \/>\u2714\ufe0f Uztur \u0101das mitruma balansu<br data-start=\"1900\" data-end=\"1903\" \/>\u2714\ufe0f Nomierina un m\u012bkstina pat jut\u012bgu \u0101du<br data-start=\"1942\" data-end=\"1945\" \/>\u2714\ufe0f Ide\u0101li piem\u0113rots k\u0101 pirmais solis att\u012br\u012b\u0161anas rut\u012bn\u0101<\/p>\n","protected":false},"featured_media":61125,"template":"","meta":[],"pwb-brand":[785],"product_brand":[],"product_cat":[733,715,745],"product_tag":[],"giftcard-category":[],"class_list":{"0":"post-61124","1":"product","2":"type-product","3":"status-publish","4":"has-post-thumbnail","6":"pwb-brand-ultraceuticals","7":"product_cat-ada-ap-acim","8":"product_cat-attirisana","9":"product_cat-jutigai-adai","11":"first","12":"instock","13":"taxable","14":"shipping-taxable","15":"purchasable","16":"product-type-simple"},"acf":[],"brands":[{"id":785,"name":"Ultraceuticals","slug":"ultraceuticals"}],"_links":{"self":[{"href":"https:\/\/skinstudio.ee\/lv\/wp-json\/wp\/v2\/product\/61124","targetHints":{"allow":["GET"]}}],"collection":[{"href":"https:\/\/skinstudio.ee\/lv\/wp-json\/wp\/v2\/product"}],"about":[{"href":"https:\/\/skinstudio.ee\/lv\/wp-json\/wp\/v2\/types\/product"}],"version-history":[{"count":0,"href":"https:\/\/skinstudio.ee\/lv\/wp-json\/wp\/v2\/product\/61124\/revisions"}],"wp:featuredmedia":[{"embeddable":true,"href":"https:\/\/skinstudio.ee\/lv\/wp-json\/wp\/v2\/media\/61125"}],"wp:attachment":[{"href":"https:\/\/skinstudio.ee\/lv\/wp-json\/wp\/v2\/media?parent=61124"}],"wp:term":[{"taxonomy":"pwb-brand","embeddable":true,"href":"https:\/\/skinstudio.ee\/lv\/wp-json\/wp\/v2\/pwb-brand?post=61124"},{"taxonomy":"product_brand","embeddable":true,"href":"https:\/\/skinstudio.ee\/lv\/wp-json\/wp\/v2\/product_brand?post=61124"},{"taxonomy":"product_cat","embeddable":true,"href":"https:\/\/skinstudio.ee\/lv\/wp-json\/wp\/v2\/product_cat?post=61124"},{"taxonomy":"product_tag","embeddable":true,"href":"https:\/\/skinstudio.ee\/lv\/wp-json\/wp\/v2\/product_tag?post=61124"},{"taxonomy":"giftcard-category","embeddable":true,"href":"https:\/\/skinstudio.ee\/lv\/wp-json\/wp\/v2\/giftcard-category?post=61124"}],"curies":[{"name":"wp","href":"https:\/\/api.w.org\/{rel}","templated":true}]}}