{"id":61136,"date":"2024-07-16T09:58:25","date_gmt":"2024-07-16T09:58:25","guid":{"rendered":"https:\/\/skinstudio.ee\/?post_type=product&#038;p=61136"},"modified":"2026-01-22T15:03:24","modified_gmt":"2026-01-22T15:03:24","slug":"ultra-balancing-gel-cleanser","status":"publish","type":"product","link":"https:\/\/skinstudio.ee\/lv\/catalog\/ultraceuticals\/ultra-balancing-gel-cleanser\/","title":{"rendered":"Ultra Balancing Gel Cleanser"},"content":{"rendered":"<p data-start=\"410\" data-end=\"727\">Ultra Balancing Gel Cleanser ir vieglas tekst\u016bras putojo\u0161s gels, kas r\u016bp\u012bgi att\u012bra \u0101du, nesaboj\u0101jot t\u0101s dabisko mitruma l\u012bdzsvaru. Tas efekt\u012bvi no\u0146em net\u012brumus, meikapu un lieko sebumu, atst\u0101jot \u0101du t\u012bru, m\u012bkstu un komfortablu. Gels ir piem\u0113rots ikdienas lieto\u0161anai un lieliski iek\u013caujas jebkur\u0101 \u0101das kop\u0161anas rut\u012bn\u0101.<\/p>\n<p data-start=\"729\" data-end=\"949\">Aloe vera, gur\u0137a un auzu ekstraktu mais\u012bjums baro \u0101du un pal\u012bdz uztur\u0113t t\u0101s mitrin\u0101\u0161anu, uzlabojot \u0101das gludumu un komfortu p\u0113c mazg\u0101\u0161anas. Gels atsvaidzina \u0101du, pal\u012bdz vienm\u0113r\u012bg\u0101kai tekst\u016brai un rada koptas \u0101das saj\u016btu.<\/p>\n<p data-start=\"951\" data-end=\"1140\"><strong data-start=\"951\" data-end=\"974\">Akt\u012bv\u0101s sast\u0101vda\u013cas<\/strong><br data-start=\"974\" data-end=\"977\" \/>Piensk\u0101be nodro\u0161ina maigu eksfoli\u0101ciju un veicina dabisku \u0161\u016bnu atjauno\u0161anos.<br data-start=\"1053\" data-end=\"1056\" \/>E vitam\u012bns un za\u013c\u0101s t\u0113jas ekstrakts nomierina \u0101du un pal\u012bdz tai \u0101tr\u0101k atjaunoties.<\/p>\n<p data-start=\"1142\" data-end=\"1223\">Regul\u0101ras lieto\u0161anas rezult\u0101t\u0101 \u0101da k\u013c\u016bst t\u012br\u0101ka, glud\u0101ka un vizu\u0101li vienm\u0113r\u012bg\u0101ka.<\/p>\n<p data-start=\"1225\" data-end=\"1244\"><strong data-start=\"1225\" data-end=\"1244\">Tilpums: 200 ml<\/strong><\/p>\n","protected":false},"excerpt":{"rendered":"<p data-start=\"1437\" data-end=\"1822\"><span style=\"color: #ff0000;\">NB! \u0160is produkts satur lielu daudzumu akt\u012bvo sast\u0101vda\u013cu. Pirms lieto\u0161anas iesak\u0101m konsult\u0113ties ar m\u016bsu speci\u0101listu. M\u0113s gaid\u0101m j\u016bsu zvanus pa t\u0101lruni +372 58500171 no pirmdienas l\u012bdz piektdienai 10:00\u201319:00, k\u0101 ar\u012b sestdien\u0101s un sv\u0113tdien\u0101s 11:00\u201315:00. J\u016bs varat ar\u012b atst\u0101t savu t\u0101lru\u0146a numuru, rakstot uz <a class=\"decorated-link cursor-pointer\" style=\"color: #ff0000;\" href=\"mailto:info@skinstudio.ee\" rel=\"noopener\" data-start=\"1745\" data-end=\"1763\">info@skinstudio.ee<\/a>, un m\u016bsu speci\u0101lists sazin\u0101sies ar jums 24 stundu laik\u0101.<\/span><\/p>\n<p data-start=\"1824\" data-end=\"1839\">Att\u012bro\u0161ais gels<\/p>\n<h2 data-start=\"1841\" data-end=\"2088\"><strong data-start=\"1841\" data-end=\"1899\">\u012apa\u0161\u012bbas ULTRACEUTICALS &#8211; Ultra Balancing Gel Cleanser<\/strong><\/h2>\n<p data-start=\"1841\" data-end=\"2088\">\u2714\ufe0f Dzi\u013ci att\u012bra \u0101du un no\u0146em meikapu<br data-start=\"1938\" data-end=\"1941\" \/>\u2714\ufe0f Uztur dabisko mitruma balansu<br data-start=\"1973\" data-end=\"1976\" \/>\u2714\ufe0f Nesavelk \u0101du un piem\u0113rots jut\u012bg\u0101m zon\u0101m<br data-start=\"2018\" data-end=\"2021\" \/>\u2714\ufe0f Uzlabo \u0101das gludumu un toni<br data-start=\"2051\" data-end=\"2054\" \/>\u2714\ufe0f Piem\u0113rots ikdienas lieto\u0161anai<\/p>\n","protected":false},"featured_media":66000,"template":"","meta":[],"pwb-brand":[785],"product_brand":[],"product_cat":[715,747],"product_tag":[],"giftcard-category":[],"class_list":{"0":"post-61136","1":"product","2":"type-product","3":"status-publish","4":"has-post-thumbnail","6":"pwb-brand-ultraceuticals","7":"product_cat-attirisana","8":"product_cat-taukainai-adai","10":"first","11":"instock","12":"taxable","13":"shipping-taxable","14":"purchasable","15":"product-type-simple"},"acf":[],"brands":[{"id":785,"name":"Ultraceuticals","slug":"ultraceuticals"}],"_links":{"self":[{"href":"https:\/\/skinstudio.ee\/lv\/wp-json\/wp\/v2\/product\/61136","targetHints":{"allow":["GET"]}}],"collection":[{"href":"https:\/\/skinstudio.ee\/lv\/wp-json\/wp\/v2\/product"}],"about":[{"href":"https:\/\/skinstudio.ee\/lv\/wp-json\/wp\/v2\/types\/product"}],"version-history":[{"count":0,"href":"https:\/\/skinstudio.ee\/lv\/wp-json\/wp\/v2\/product\/61136\/revisions"}],"wp:featuredmedia":[{"embeddable":true,"href":"https:\/\/skinstudio.ee\/lv\/wp-json\/wp\/v2\/media\/66000"}],"wp:attachment":[{"href":"https:\/\/skinstudio.ee\/lv\/wp-json\/wp\/v2\/media?parent=61136"}],"wp:term":[{"taxonomy":"pwb-brand","embeddable":true,"href":"https:\/\/skinstudio.ee\/lv\/wp-json\/wp\/v2\/pwb-brand?post=61136"},{"taxonomy":"product_brand","embeddable":true,"href":"https:\/\/skinstudio.ee\/lv\/wp-json\/wp\/v2\/product_brand?post=61136"},{"taxonomy":"product_cat","embeddable":true,"href":"https:\/\/skinstudio.ee\/lv\/wp-json\/wp\/v2\/product_cat?post=61136"},{"taxonomy":"product_tag","embeddable":true,"href":"https:\/\/skinstudio.ee\/lv\/wp-json\/wp\/v2\/product_tag?post=61136"},{"taxonomy":"giftcard-category","embeddable":true,"href":"https:\/\/skinstudio.ee\/lv\/wp-json\/wp\/v2\/giftcard-category?post=61136"}],"curies":[{"name":"wp","href":"https:\/\/api.w.org\/{rel}","templated":true}]}}