{"id":61145,"date":"2024-07-16T10:07:37","date_gmt":"2024-07-16T10:07:37","guid":{"rendered":"https:\/\/skinstudio.ee\/?post_type=product&#038;p=61145"},"modified":"2026-01-22T15:03:25","modified_gmt":"2026-01-22T15:03:25","slug":"ultra-hydrating-milk-cleanser","status":"publish","type":"product","link":"https:\/\/skinstudio.ee\/lv\/catalog\/ultraceuticals\/ultra-hydrating-milk-cleanser\/","title":{"rendered":"Ultra Hydrating Milk Cleanser"},"content":{"rendered":"<p data-start=\"233\" data-end=\"507\">Ultra Hydrating Milk Cleanser ir maiga, kr\u0113m\u012bga att\u012bro\u0161\u0101 emulsija, kas saudz\u012bgi no\u0146em visus net\u012brumus un meikapu, vienlaikus saglab\u0101jot \u0101du mitrin\u0101tu un nomierin\u0101tu. Tekst\u016bra att\u012bra bez savilkuma vai sausuma saj\u016btas, t\u0101p\u0113c produkts ir \u012bpa\u0161i piem\u0113rots sausai un jut\u012bgai \u0101dai.<\/p>\n<p data-start=\"509\" data-end=\"764\">Formula apvieno nomierino\u0161as, mitrino\u0161as un atjaunojo\u0161as sast\u0101vda\u013cas, kas pal\u012bdz uztur\u0113t \u0101das komfortu un vesel\u012bgu izskatu. Pateicoties maigai antioksidantu iedarb\u012bbai, emulsija pal\u012bdz uzlabot \u0101das toni un padara to vienm\u0113r\u012bg\u0101ku ar katru lieto\u0161anas reizi.<\/p>\n<p data-start=\"766\" data-end=\"993\"><strong data-start=\"766\" data-end=\"789\">Akt\u012bv\u0101s sast\u0101vda\u013cas<\/strong><br data-start=\"789\" data-end=\"792\" \/>Sojas ekstrakts &#8211; dzi\u013ci mitrina un m\u012bkstina \u0101du.<br data-start=\"840\" data-end=\"843\" \/>Pantenols un bisabolols &#8211; nomierina, atjauno un stiprina \u0101das barjeru.<br data-start=\"913\" data-end=\"916\" \/>Piensk\u0101be &#8211; maigi izl\u012bdzina \u0101das toni un veicina dabisku \u0161\u016bnu atjauno\u0161anos.<\/p>\n<p data-start=\"995\" data-end=\"1078\">Regul\u0101ras lieto\u0161anas rezult\u0101t\u0101 \u0101da k\u013c\u016bst t\u012br\u0101ka, mier\u012bg\u0101ka un vizu\u0101li vienm\u0113r\u012bg\u0101ka.<\/p>\n<p data-start=\"1080\" data-end=\"1099\"><strong data-start=\"1080\" data-end=\"1099\">Tilpums: 200 ml<\/strong><\/p>\n","protected":false},"excerpt":{"rendered":"<p data-start=\"1271\" data-end=\"1652\"><span style=\"color: #ff0000;\"><strong>NB!<\/strong> \u0160is produkts satur lielu daudzumu akt\u012bvo sast\u0101vda\u013cu. Pirms lieto\u0161anas iesak\u0101m konsult\u0113ties ar m\u016bsu speci\u0101listu. M\u0113s gaid\u0101m j\u016bsu zvanus pa t\u0101lruni +372 58500171 no pirmdienas l\u012bdz piektdienai 10:00\u201319:00, k\u0101 ar\u012b sestdien\u0101s un sv\u0113tdien\u0101s 11:00\u201315:00. J\u016bs varat ar\u012b atst\u0101t savu t\u0101lru\u0146a numuru, rakstot uz <a class=\"decorated-link cursor-pointer\" style=\"color: #ff0000;\" href=\"mailto:info@skinstudio.ee\" rel=\"noopener\" data-start=\"1577\" data-end=\"1595\">info@skinstudio.ee<\/a>, un m\u016bsu speci\u0101lists sazin\u0101sies ar jums 24 stundu laik\u0101.<\/span><\/p>\n<p data-start=\"1654\" data-end=\"1671\">Att\u012bro\u0161\u0101 emulsija<\/p>\n<h2 data-start=\"1673\" data-end=\"1922\"><strong data-start=\"1673\" data-end=\"1732\">\u012apa\u0161\u012bbas ULTRACEUTICALS &#8211; Ultra Hydrating Milk Cleanser<\/strong><\/h2>\n<p data-start=\"1673\" data-end=\"1922\">\u2714\ufe0f Nomierina \u0101du un nodro\u0161ina baro\u0161anu<br data-start=\"1773\" data-end=\"1776\" \/>\u2714\ufe0f No\u0146em ar\u012b notur\u012bgus net\u012brumus<br data-start=\"1808\" data-end=\"1811\" \/>\u2714\ufe0f Mazina virspus\u0113jos iekaisumus<br data-start=\"1843\" data-end=\"1846\" \/>\u2714\ufe0f Uzlabo un izl\u012bdzina \u0101das toni<br data-start=\"1878\" data-end=\"1881\" \/>\u2714\ufe0f Aizsarg\u0101 \u0101du no br\u012bvajiem radik\u0101\u013ciem<\/p>\n","protected":false},"featured_media":65995,"template":"","meta":[],"pwb-brand":[785],"product_brand":[],"product_cat":[715,745,739],"product_tag":[],"giftcard-category":[],"class_list":{"0":"post-61145","1":"product","2":"type-product","3":"status-publish","4":"has-post-thumbnail","6":"pwb-brand-ultraceuticals","7":"product_cat-attirisana","8":"product_cat-jutigai-adai","9":"product_cat-sausai-adai","11":"first","12":"instock","13":"taxable","14":"shipping-taxable","15":"purchasable","16":"product-type-simple"},"acf":[],"brands":[{"id":785,"name":"Ultraceuticals","slug":"ultraceuticals"}],"_links":{"self":[{"href":"https:\/\/skinstudio.ee\/lv\/wp-json\/wp\/v2\/product\/61145","targetHints":{"allow":["GET"]}}],"collection":[{"href":"https:\/\/skinstudio.ee\/lv\/wp-json\/wp\/v2\/product"}],"about":[{"href":"https:\/\/skinstudio.ee\/lv\/wp-json\/wp\/v2\/types\/product"}],"version-history":[{"count":0,"href":"https:\/\/skinstudio.ee\/lv\/wp-json\/wp\/v2\/product\/61145\/revisions"}],"wp:featuredmedia":[{"embeddable":true,"href":"https:\/\/skinstudio.ee\/lv\/wp-json\/wp\/v2\/media\/65995"}],"wp:attachment":[{"href":"https:\/\/skinstudio.ee\/lv\/wp-json\/wp\/v2\/media?parent=61145"}],"wp:term":[{"taxonomy":"pwb-brand","embeddable":true,"href":"https:\/\/skinstudio.ee\/lv\/wp-json\/wp\/v2\/pwb-brand?post=61145"},{"taxonomy":"product_brand","embeddable":true,"href":"https:\/\/skinstudio.ee\/lv\/wp-json\/wp\/v2\/product_brand?post=61145"},{"taxonomy":"product_cat","embeddable":true,"href":"https:\/\/skinstudio.ee\/lv\/wp-json\/wp\/v2\/product_cat?post=61145"},{"taxonomy":"product_tag","embeddable":true,"href":"https:\/\/skinstudio.ee\/lv\/wp-json\/wp\/v2\/product_tag?post=61145"},{"taxonomy":"giftcard-category","embeddable":true,"href":"https:\/\/skinstudio.ee\/lv\/wp-json\/wp\/v2\/giftcard-category?post=61145"}],"curies":[{"name":"wp","href":"https:\/\/api.w.org\/{rel}","templated":true}]}}