{"id":61154,"date":"2024-07-16T10:30:42","date_gmt":"2024-07-16T10:30:42","guid":{"rendered":"https:\/\/skinstudio.ee\/?post_type=product&#038;p=61154"},"modified":"2026-01-22T15:03:24","modified_gmt":"2026-01-22T15:03:24","slug":"ultra-brightening-foaming-cleanser","status":"publish","type":"product","link":"https:\/\/skinstudio.ee\/lv\/catalog\/ultraceuticals\/ultra-brightening-foaming-cleanser\/","title":{"rendered":"Ultra Brightening Foaming Cleanser"},"content":{"rendered":"<p data-start=\"342\" data-end=\"609\">Ultra Brightening Foaming Cleanser ir z\u012bdainas tekst\u016bras putojo\u0161s att\u012bro\u0161ais l\u012bdzeklis, kas maigi no\u0146em meikapu, net\u012brumus un uzkr\u0101ju\u0161os nogulsnes, padarot \u0101du gai\u0161\u0101ku, svaig\u0101ku un mirdzo\u0161\u0101ku. Viegl\u0101 putas formula pie\u0161\u0137ir \u0101dai mundrumu un pal\u012bdz izl\u012bdzin\u0101t \u0101das toni.<\/p>\n<p data-start=\"611\" data-end=\"908\">Sast\u0101vs apvieno atsvaidzino\u0161as, mitrino\u0161as un izgaismojo\u0161as sast\u0101vda\u013cas, kas atbalsta \u0101das mitruma balansu un uzlabo \u0101das strukt\u016bru. Gur\u0137a ekstrakts nodro\u0161ina pat\u012bkamu dzes\u0113jo\u0161u saj\u016btu un padara produktu piem\u0113rotu pat \u013coti jut\u012bgai \u0101dai. L\u012bdzeklis nesausina \u0101du un pal\u012bdz mazin\u0101t postaknes paz\u012bmes.<\/p>\n<p data-start=\"910\" data-end=\"1180\"><strong data-start=\"910\" data-end=\"933\">Akt\u012bv\u0101s sast\u0101vda\u013cas<\/strong><br data-start=\"933\" data-end=\"936\" \/>B3 vitam\u012bns un Provitam\u012bns B5 mitrina \u0101du un pal\u012bdz izl\u012bdzin\u0101t \u0101das toni.<br data-start=\"1009\" data-end=\"1012\" \/>Izgaismojo\u0161as sast\u0101vda\u013cas pal\u012bdz nov\u0113rst pigment\u0101cijas veido\u0161anos un pa\u0101trina postaknes p\u0113du izzu\u0161anu.<br data-start=\"1114\" data-end=\"1117\" \/>Gur\u0137a ekstrakts m\u012bkstina \u0101du un padara att\u012br\u012b\u0161anu pat\u012bkam\u0101ku.<\/p>\n<p data-start=\"1182\" data-end=\"1261\">Regul\u0101ras lieto\u0161anas rezult\u0101t\u0101 \u0101da k\u013c\u016bst t\u012br\u0101ka, glud\u0101ka un redzami mirdzo\u0161\u0101ka.<\/p>\n<p data-start=\"1263\" data-end=\"1282\"><strong data-start=\"1263\" data-end=\"1282\">Tilpums: 150 ml<\/strong><\/p>\n","protected":false},"excerpt":{"rendered":"<p data-start=\"1508\" data-end=\"1893\"><span style=\"color: #ff0000;\"><strong data-start=\"1508\" data-end=\"1515\">NB!<\/strong> \u0160is produkts satur lielu daudzumu akt\u012bvo sast\u0101vda\u013cu. Pirms lieto\u0161anas iesak\u0101m konsult\u0113ties ar m\u016bsu speci\u0101listu. M\u0113s gaid\u0101m j\u016bsu zvanus pa t\u0101lruni +372 58500171 no pirmdienas l\u012bdz piektdienai 10:00\u201319:00, k\u0101 ar\u012b sestdien\u0101s un sv\u0113tdien\u0101s 11:00\u201315:00. J\u016bs varat ar\u012b atst\u0101t savu t\u0101lru\u0146a numuru, rakstot uz <a class=\"decorated-link cursor-pointer\" style=\"color: #ff0000;\" href=\"mailto:info@skinstudio.ee\" rel=\"noopener\" data-start=\"1818\" data-end=\"1836\">info@skinstudio.ee<\/a>, un m\u016bsu speci\u0101lists sazin\u0101sies ar jums 24 stundu laik\u0101.<\/span><\/p>\n<p data-start=\"1895\" data-end=\"1910\">Balino\u0161\u0101s putas<\/p>\n<h2 data-start=\"1912\" data-end=\"2180\"><strong data-start=\"1912\" data-end=\"1976\">\u012apa\u0161\u012bbas ULTRACEUTICALS &#8211; Ultra Brightening Foaming Cleanser<\/strong><\/h2>\n<p data-start=\"1912\" data-end=\"2180\">\u2714\ufe0f No\u0146em net\u012brumus un meikapu<br data-start=\"2008\" data-end=\"2011\" \/>\u2714\ufe0f Sa\u0161aurina poras un kontrol\u0113 sebuma izdal\u012b\u0161anos<br data-start=\"2060\" data-end=\"2063\" \/>\u2714\ufe0f Pie\u0161\u0137ir \u0101dai svaiguma saj\u016btu<br data-start=\"2094\" data-end=\"2097\" \/>\u2714\ufe0f Izl\u012bdzina \u0101das toni un pie\u0161\u0137ir mirdzumu<br data-start=\"2139\" data-end=\"2142\" \/>\u2714\ufe0f Samazina postaknes p\u0113du redzam\u012bbu<\/p>\n","protected":false},"featured_media":66005,"template":"","meta":[],"pwb-brand":[785],"product_brand":[],"product_cat":[715,745,751,739,747],"product_tag":[],"giftcard-category":[],"class_list":{"0":"post-61154","1":"product","2":"type-product","3":"status-publish","4":"has-post-thumbnail","6":"pwb-brand-ultraceuticals","7":"product_cat-attirisana","8":"product_cat-jutiga-ada","9":"product_cat-pigmentacija","10":"product_cat-sausa-ada","11":"product_cat-taukaina-ada","13":"first","14":"instock","15":"sale","16":"taxable","17":"shipping-taxable","18":"purchasable","19":"product-type-simple"},"acf":[],"brands":[{"id":785,"name":"Ultraceuticals","slug":"ultraceuticals"}],"_links":{"self":[{"href":"https:\/\/skinstudio.ee\/lv\/wp-json\/wp\/v2\/product\/61154","targetHints":{"allow":["GET"]}}],"collection":[{"href":"https:\/\/skinstudio.ee\/lv\/wp-json\/wp\/v2\/product"}],"about":[{"href":"https:\/\/skinstudio.ee\/lv\/wp-json\/wp\/v2\/types\/product"}],"version-history":[{"count":0,"href":"https:\/\/skinstudio.ee\/lv\/wp-json\/wp\/v2\/product\/61154\/revisions"}],"wp:featuredmedia":[{"embeddable":true,"href":"https:\/\/skinstudio.ee\/lv\/wp-json\/wp\/v2\/media\/66005"}],"wp:attachment":[{"href":"https:\/\/skinstudio.ee\/lv\/wp-json\/wp\/v2\/media?parent=61154"}],"wp:term":[{"taxonomy":"pwb-brand","embeddable":true,"href":"https:\/\/skinstudio.ee\/lv\/wp-json\/wp\/v2\/pwb-brand?post=61154"},{"taxonomy":"product_brand","embeddable":true,"href":"https:\/\/skinstudio.ee\/lv\/wp-json\/wp\/v2\/product_brand?post=61154"},{"taxonomy":"product_cat","embeddable":true,"href":"https:\/\/skinstudio.ee\/lv\/wp-json\/wp\/v2\/product_cat?post=61154"},{"taxonomy":"product_tag","embeddable":true,"href":"https:\/\/skinstudio.ee\/lv\/wp-json\/wp\/v2\/product_tag?post=61154"},{"taxonomy":"giftcard-category","embeddable":true,"href":"https:\/\/skinstudio.ee\/lv\/wp-json\/wp\/v2\/giftcard-category?post=61154"}],"curies":[{"name":"wp","href":"https:\/\/api.w.org\/{rel}","templated":true}]}}