{"id":61163,"date":"2024-07-16T10:33:52","date_gmt":"2024-07-16T10:33:52","guid":{"rendered":"https:\/\/skinstudio.ee\/?post_type=product&#038;p=61163"},"modified":"2026-01-22T15:03:25","modified_gmt":"2026-01-22T15:03:25","slug":"ultra-gentle-exfoliating-gel","status":"publish","type":"product","link":"https:\/\/skinstudio.ee\/lv\/catalog\/ultraceuticals\/ultra-gentle-exfoliating-gel\/","title":{"rendered":"Ultra Gentle Exfoliating Gel"},"content":{"rendered":"<p data-start=\"350\" data-end=\"664\">Ultra Gentle Exfoliating Gel ir maigs, divk\u0101r\u0161as darb\u012bbas eksfoli\u0113jo\u0161s gels, kas apvieno jojobas esterus ar AHA (piensk\u0101bes) un BHA (salicilsk\u0101bes) kompleksu, lai saudz\u012bgi att\u012br\u012btu \u0101du, nep\u0101rsusinot to. Tas pal\u012bdz mazin\u0101t piet\u016bkumu, no\u0146emt virspus\u0113jos net\u012brumus un uzlabot \u0101das tekst\u016bru, saglab\u0101jot mitruma l\u012bmeni.<\/p>\n<p data-start=\"666\" data-end=\"901\">Formula l\u012bdzsvaro att\u012br\u012b\u0161anu un kop\u0161anu: nomierino\u0161as sast\u0101vda\u013cas mazina kairin\u0101jumu, savuk\u0101rt maigas virsmakt\u012bv\u0101s vielas efekt\u012bvi att\u012bra poras. Augu e\u013c\u013cas baro un m\u012bkstina \u0101du, bet glicer\u012bns pal\u012bdz uztur\u0113t mitrumu ilgsto\u0161am komfortam.<\/p>\n<p data-start=\"903\" data-end=\"1127\"><strong data-start=\"903\" data-end=\"926\">Akt\u012bv\u0101s sast\u0101vda\u013cas<\/strong><br data-start=\"926\" data-end=\"929\" \/>Piensk\u0101be un salicilsk\u0101be veicina \u0161\u016bnu atjauno\u0161anos, samazina poru redzam\u012bbu un pal\u012bdz iz\u017e\u0101v\u0113t iekaisumus.<br data-start=\"1035\" data-end=\"1038\" \/>Augu e\u013c\u013cas baro un m\u012bkstina \u0101du.<br data-start=\"1070\" data-end=\"1073\" \/>Glicer\u012bns pal\u012bdz saglab\u0101t mitrumu un nov\u0113r\u0161 sausumu.<\/p>\n<p data-start=\"1129\" data-end=\"1204\">Regul\u0101ras lieto\u0161anas rezult\u0101t\u0101 \u0101da k\u013c\u016bst glud\u0101ka, maig\u0101ka un vizu\u0101li kopta.<\/p>\n<p data-start=\"1206\" data-end=\"1225\"><strong data-start=\"1206\" data-end=\"1225\">Tilpums: 200 ml<\/strong><\/p>\n","protected":false},"excerpt":{"rendered":"<p data-start=\"1453\" data-end=\"1838\"><span style=\"color: #ff0000;\"><strong data-start=\"1453\" data-end=\"1460\">NB!<\/strong> \u0160is produkts satur lielu daudzumu akt\u012bvo sast\u0101vda\u013cu. Pirms lieto\u0161anas iesak\u0101m konsult\u0113ties ar m\u016bsu speci\u0101listu. M\u0113s gaid\u0101m j\u016bsu zvanus pa t\u0101lruni +372 58500171 no pirmdienas l\u012bdz piektdienai 10:00\u201319:00, k\u0101 ar\u012b sestdien\u0101s un sv\u0113tdien\u0101s 11:00\u201315:00. J\u016bs varat ar\u012b atst\u0101t savu t\u0101lru\u0146a numuru, rakstot uz <a class=\"decorated-link cursor-pointer\" style=\"color: #ff0000;\" href=\"mailto:info@skinstudio.ee\" rel=\"noopener\" data-start=\"1763\" data-end=\"1781\">info@skinstudio.ee<\/a>, un m\u016bsu speci\u0101lists sazin\u0101sies ar jums 24 stundu laik\u0101.<\/span><\/p>\n<p data-start=\"1840\" data-end=\"1865\">Maigs eksfoli\u0113jo\u0161ais gels<\/p>\n<h2 data-start=\"1867\" data-end=\"2102\"><strong data-start=\"1867\" data-end=\"1925\">\u012apa\u0161\u012bbas ULTRACEUTICALS &#8211; Ultra Gentle Exfoliating Gel<\/strong><\/h2>\n<p data-start=\"1867\" data-end=\"2102\">\u2714\ufe0f Veicina \u0101tru \u0161\u016bnu atjauno\u0161anos<br data-start=\"1961\" data-end=\"1964\" \/>\u2714\ufe0f Padara \u0101du maigu un koptu<br data-start=\"1992\" data-end=\"1995\" \/>\u2714\ufe0f Nomierina un mazina kairin\u0101jumu<br data-start=\"2029\" data-end=\"2032\" \/>\u2714\ufe0f Pa\u0101trina \u0101das atjauno\u0161anos<br data-start=\"2061\" data-end=\"2064\" \/>\u2714\ufe0f Uzlabo tekst\u016bru un izl\u012bdzina toni<\/p>\n","protected":false},"featured_media":65990,"template":"","meta":[],"pwb-brand":[785],"product_brand":[],"product_cat":[719],"product_tag":[],"giftcard-category":[],"class_list":{"0":"post-61163","1":"product","2":"type-product","3":"status-publish","4":"has-post-thumbnail","6":"pwb-brand-ultraceuticals","7":"product_cat-skrubji-un-pilingi","9":"first","10":"instock","11":"taxable","12":"shipping-taxable","13":"purchasable","14":"product-type-simple"},"acf":[],"brands":[{"id":785,"name":"Ultraceuticals","slug":"ultraceuticals"}],"_links":{"self":[{"href":"https:\/\/skinstudio.ee\/lv\/wp-json\/wp\/v2\/product\/61163","targetHints":{"allow":["GET"]}}],"collection":[{"href":"https:\/\/skinstudio.ee\/lv\/wp-json\/wp\/v2\/product"}],"about":[{"href":"https:\/\/skinstudio.ee\/lv\/wp-json\/wp\/v2\/types\/product"}],"version-history":[{"count":0,"href":"https:\/\/skinstudio.ee\/lv\/wp-json\/wp\/v2\/product\/61163\/revisions"}],"wp:featuredmedia":[{"embeddable":true,"href":"https:\/\/skinstudio.ee\/lv\/wp-json\/wp\/v2\/media\/65990"}],"wp:attachment":[{"href":"https:\/\/skinstudio.ee\/lv\/wp-json\/wp\/v2\/media?parent=61163"}],"wp:term":[{"taxonomy":"pwb-brand","embeddable":true,"href":"https:\/\/skinstudio.ee\/lv\/wp-json\/wp\/v2\/pwb-brand?post=61163"},{"taxonomy":"product_brand","embeddable":true,"href":"https:\/\/skinstudio.ee\/lv\/wp-json\/wp\/v2\/product_brand?post=61163"},{"taxonomy":"product_cat","embeddable":true,"href":"https:\/\/skinstudio.ee\/lv\/wp-json\/wp\/v2\/product_cat?post=61163"},{"taxonomy":"product_tag","embeddable":true,"href":"https:\/\/skinstudio.ee\/lv\/wp-json\/wp\/v2\/product_tag?post=61163"},{"taxonomy":"giftcard-category","embeddable":true,"href":"https:\/\/skinstudio.ee\/lv\/wp-json\/wp\/v2\/giftcard-category?post=61163"}],"curies":[{"name":"wp","href":"https:\/\/api.w.org\/{rel}","templated":true}]}}