{"id":61172,"date":"2024-07-16T10:38:53","date_gmt":"2024-07-16T10:38:53","guid":{"rendered":"https:\/\/skinstudio.ee\/?post_type=product&#038;p=61172"},"modified":"2026-01-22T15:03:25","modified_gmt":"2026-01-22T15:03:25","slug":"ultra-granule-c-microfoliant","status":"publish","type":"product","link":"https:\/\/skinstudio.ee\/lv\/catalog\/ultraceuticals\/ultra-granule-c-microfoliant\/","title":{"rendered":"Ultra Granule-C Microfoliant"},"content":{"rendered":"<p data-start=\"345\" data-end=\"712\">Ultra Granule-C Microfoliant ir vieglas tekst\u016bras eksfoli\u0113jo\u0161s kr\u0113ms, kas apvieno kapsul\u0113tu C vitam\u012bnu, enz\u012bmus un maigas celulozes mikrograudi\u0146as, nodro\u0161inot gan \u0137\u012bmisku, gan meh\u0101nisku eksfoli\u0101ciju. C vitam\u012bns un bromelains pal\u012bdz izgaismot \u0101du, veicina epidermas atjauno\u0161anos un uzlabo \u0101das toni, savuk\u0101rt mikrograudi\u0146as saudz\u012bgi no\u0146em net\u012brumus un atmiru\u0161\u0101s \u0161\u016bnas.<\/p>\n<p data-start=\"714\" data-end=\"942\">\u0160\u012b divk\u0101r\u0161\u0101 darb\u012bba sniedz efektu, kas l\u012bdzin\u0101s maigai mikroabrazijai m\u0101jas apst\u0101k\u013cos, atst\u0101jot \u0101du gludu, svaigu un mirdzo\u0161u. Formula pal\u012bdz nov\u0113rst hiperpigment\u0101ciju, uzlabot \u0101das kvalit\u0101ti un atbalst\u012bt t\u0101s elast\u012bbu un tonusu.<\/p>\n<p data-start=\"944\" data-end=\"1304\"><strong data-start=\"944\" data-end=\"967\">Akt\u012bv\u0101s sast\u0101vda\u013cas<\/strong><br data-start=\"967\" data-end=\"970\" \/>Jojobas e\u013c\u013ca baro un m\u012bkstina \u0101du.<br data-start=\"1004\" data-end=\"1007\" \/>Askorb\u012bnsk\u0101be (C vitam\u012bns) izgaismo un nodro\u0161ina antioksidantu aizsardz\u012bbu.<br data-start=\"1082\" data-end=\"1085\" \/>Bromelains veicina maigu epidermas atjauno\u0161anos.<br data-start=\"1133\" data-end=\"1136\" \/>Alfa-tokoferols (E vitam\u012bns) aizsarg\u0101 pret apk\u0101rt\u0113j\u0101s vides ietekmi.<br data-start=\"1204\" data-end=\"1207\" \/>Bisabolols nomierina un samazina jut\u012bgumu.<br data-start=\"1249\" data-end=\"1252\" \/>Aminosk\u0101bes veicina \u0101das elast\u012bbu un atjauno\u0161anos.<\/p>\n<p data-start=\"1306\" data-end=\"1388\">Regul\u0101ras lieto\u0161anas rezult\u0101t\u0101 \u0101da k\u013c\u016bst vienm\u0113r\u012bg\u0101ka, glud\u0101ka un dab\u012bgi mirdzo\u0161a.<\/p>\n<p data-start=\"1390\" data-end=\"1408\"><strong data-start=\"1390\" data-end=\"1408\">Tilpums: 75 ml<\/strong><\/p>\n","protected":false},"excerpt":{"rendered":"<p data-start=\"1753\" data-end=\"2134\"><span style=\"color: #ff0000;\"><strong data-start=\"1753\" data-end=\"1760\">NB!<\/strong> \u0160is produkts satur lielu daudzumu akt\u012bvo sast\u0101vda\u013cu. Pirms lieto\u0161anas iesak\u0101m konsult\u0113ties ar m\u016bsu speci\u0101listu. M\u0113s gaid\u0101m j\u016bsu zvanus pa t\u0101lruni +372 58500171 no pirmdienas l\u012bdz piektdienai 10:00\u201319:00, k\u0101 ar\u012b sestdien\u0101s un sv\u0113tdien\u0101s 11:00\u201315:00. J\u016bs varat atst\u0101t savu t\u0101lru\u0146a numuru, rakstot uz <a class=\"decorated-link cursor-pointer\" style=\"color: #ff0000;\" href=\"mailto:info@skinstudio.ee\" rel=\"noopener\" data-start=\"2059\" data-end=\"2077\">info@skinstudio.ee<\/a>, un m\u016bsu speci\u0101lists sazin\u0101sies ar jums 24 stundu laik\u0101.<\/span><\/p>\n<p data-start=\"2136\" data-end=\"2161\">Eksfoliants ar C vitam\u012bnu<\/p>\n<h2 data-start=\"2163\" data-end=\"2472\"><strong data-start=\"2163\" data-end=\"2221\">\u012apa\u0161\u012bbas ULTRACEUTICALS &#8211; Ultra Granule-C Microfoliant<\/strong><\/h2>\n<p data-start=\"2163\" data-end=\"2472\">\u2714\ufe0f Pal\u012bdz nov\u0113rst un mazin\u0101t hiperpigment\u0101ciju<br data-start=\"2270\" data-end=\"2273\" \/>\u2714\ufe0f Izl\u012bdzina \u0101das toni un pie\u0161\u0137ir mirdzumu<br data-start=\"2315\" data-end=\"2318\" \/>\u2714\ufe0f Nodro\u0161ina divk\u0101r\u0161u eksfoli\u0101ciju glud\u0101kai tekst\u016brai<br data-start=\"2371\" data-end=\"2374\" \/>\u2714\ufe0f Veicina \u0161\u016bnu atjauno\u0161anos un \u0101das kvalit\u0101tes uzlabo\u0161anos<br data-start=\"2433\" data-end=\"2436\" \/>\u2714\ufe0f Uzlabo \u0101das elast\u012bbu un maigumu<\/p>\n","protected":false},"featured_media":65985,"template":"","meta":[],"pwb-brand":[785],"product_brand":[],"product_cat":[729,751,719],"product_tag":[],"giftcard-category":[],"class_list":{"0":"post-61172","1":"product","2":"type-product","3":"status-publish","4":"has-post-thumbnail","6":"pwb-brand-ultraceuticals","7":"product_cat-c-vitamins","8":"product_cat-pigmentacija-lv","9":"product_cat-skrubji-un-pilingi","11":"first","12":"outofstock","13":"taxable","14":"shipping-taxable","15":"purchasable","16":"product-type-simple"},"acf":[],"brands":[{"id":785,"name":"Ultraceuticals","slug":"ultraceuticals"}],"_links":{"self":[{"href":"https:\/\/skinstudio.ee\/lv\/wp-json\/wp\/v2\/product\/61172","targetHints":{"allow":["GET"]}}],"collection":[{"href":"https:\/\/skinstudio.ee\/lv\/wp-json\/wp\/v2\/product"}],"about":[{"href":"https:\/\/skinstudio.ee\/lv\/wp-json\/wp\/v2\/types\/product"}],"version-history":[{"count":0,"href":"https:\/\/skinstudio.ee\/lv\/wp-json\/wp\/v2\/product\/61172\/revisions"}],"wp:featuredmedia":[{"embeddable":true,"href":"https:\/\/skinstudio.ee\/lv\/wp-json\/wp\/v2\/media\/65985"}],"wp:attachment":[{"href":"https:\/\/skinstudio.ee\/lv\/wp-json\/wp\/v2\/media?parent=61172"}],"wp:term":[{"taxonomy":"pwb-brand","embeddable":true,"href":"https:\/\/skinstudio.ee\/lv\/wp-json\/wp\/v2\/pwb-brand?post=61172"},{"taxonomy":"product_brand","embeddable":true,"href":"https:\/\/skinstudio.ee\/lv\/wp-json\/wp\/v2\/product_brand?post=61172"},{"taxonomy":"product_cat","embeddable":true,"href":"https:\/\/skinstudio.ee\/lv\/wp-json\/wp\/v2\/product_cat?post=61172"},{"taxonomy":"product_tag","embeddable":true,"href":"https:\/\/skinstudio.ee\/lv\/wp-json\/wp\/v2\/product_tag?post=61172"},{"taxonomy":"giftcard-category","embeddable":true,"href":"https:\/\/skinstudio.ee\/lv\/wp-json\/wp\/v2\/giftcard-category?post=61172"}],"curies":[{"name":"wp","href":"https:\/\/api.w.org\/{rel}","templated":true}]}}