{"id":61181,"date":"2024-07-16T12:28:12","date_gmt":"2024-07-16T12:28:12","guid":{"rendered":"https:\/\/skinstudio.ee\/?post_type=product&#038;p=61181"},"modified":"2026-01-22T15:03:24","modified_gmt":"2026-01-22T15:03:24","slug":"ultra-b%c2%b2-hydrating-serum","status":"publish","type":"product","link":"https:\/\/skinstudio.ee\/lv\/catalog\/ultraceuticals\/ultra-b%c2%b2-hydrating-serum\/","title":{"rendered":"Ultra B\u00b2 Hydrating Serum"},"content":{"rendered":"<p data-start=\"231\" data-end=\"471\">Ultra B\u00b2 Hydrating Serum ir unik\u0101ls serums, kas atjauno \u0101das iek\u0161\u0113jo balansu \u0161\u016bnu l\u012bmen\u012b un pal\u012bdz c\u012bn\u012bties ar pirmaj\u0101m noveco\u0161an\u0101s paz\u012bm\u0113m. Tas nodro\u0161ina ilgsto\u0161u mitrin\u0101\u0161anu, stiprina \u0101das aizsargbarjeru un uzlabo t\u0101s elast\u012bbu un gludumu.<\/p>\n<p data-start=\"473\" data-end=\"651\">Viegl\u0101 g\u0113lveida tekst\u016bra acumirkl\u012b pie\u0161\u0137ir \u0101dai piepild\u012bt\u012bbas un mirdzuma efektu, samazinot s\u012bko krunci\u0146u redzam\u012bbu. Serums ir piem\u0113rots visiem \u0101das tipiem, tostarp jut\u012bgai \u0101dai.<\/p>\n<p data-start=\"653\" data-end=\"865\"><strong data-start=\"653\" data-end=\"676\">Akt\u012bv\u0101s sast\u0101vda\u013cas<\/strong><br data-start=\"676\" data-end=\"679\" \/>B grupas vitam\u012bni nomierina kairin\u0101jumu un mazina aps\u0101rtumu.<br data-start=\"739\" data-end=\"742\" \/>Hialuronsk\u0101be un augu ekstrakti nodro\u0161ina dzi\u013cu mitrin\u0101\u0161anu.<br data-start=\"802\" data-end=\"805\" \/>Tregaloze atbalsta \u0161\u016bnu atjauno\u0161anos un \u0101das re\u0123ener\u0101ciju.<\/p>\n<p data-start=\"867\" data-end=\"954\">Regul\u0101ri lietojot, \u0101da k\u013c\u016bst aizsarg\u0101t\u0101ka, vienm\u0113r\u012bg\u0101ka un maz\u0101k pak\u013cauta kairin\u0101jumam.<\/p>\n<p data-start=\"956\" data-end=\"974\"><strong data-start=\"956\" data-end=\"974\">Tilpums: 30 ml<\/strong><\/p>\n","protected":false},"excerpt":{"rendered":"<div>\n<p data-start=\"1497\" data-end=\"1882\"><span style=\"color: #ff0000;\"><strong data-start=\"1497\" data-end=\"1504\">NB!<\/strong> \u0160is produkts satur lielu daudzumu akt\u012bvo sast\u0101vda\u013cu. Pirms lieto\u0161anas iesak\u0101m konsult\u0113ties ar m\u016bsu speci\u0101listu. M\u0113s gaid\u0101m j\u016bsu zvanus pa t\u0101lruni +372 58500171 no pirmdienas l\u012bdz piektdienai 10:00\u201319:00, k\u0101 ar\u012b sestdien\u0101s un sv\u0113tdien\u0101s 11:00\u201315:00. J\u016bs varat ar\u012b atst\u0101t savu t\u0101lru\u0146a numuru, rakstot uz <a class=\"decorated-link cursor-pointer\" style=\"color: #ff0000;\" href=\"mailto:info@skinstudio.ee\" rel=\"noopener\" data-start=\"1807\" data-end=\"1825\">info@skinstudio.ee<\/a>, un m\u016bsu speci\u0101lists sazin\u0101sies ar jums 24 stundu laik\u0101.<\/span><\/p>\n<\/div>\n<div>\n<p data-start=\"1884\" data-end=\"1901\">B vitam\u012bna serums<\/p>\n<h2 data-start=\"1903\" data-end=\"2135\"><strong data-start=\"1903\" data-end=\"1957\">\u012apa\u0161\u012bbas ULTRACEUTICALS &#8211; Ultra B\u00b2 Hydrating Serum<\/strong><\/h2>\n<p data-start=\"1903\" data-end=\"2135\">\u2714\ufe0f Dzi\u013ci mitrina un baro \u0101du<br data-start=\"1988\" data-end=\"1991\" \/>\u2714\ufe0f Mazina noveco\u0161an\u0101s paz\u012bmes<br data-start=\"2020\" data-end=\"2023\" \/>\u2714\ufe0f Aizsarg\u0101 pret apk\u0101rt\u0113j\u0101s vides ietekmi<br data-start=\"2064\" data-end=\"2067\" \/>\u2714\ufe0f Stiprina \u0101das aizsargbarjeru<br data-start=\"2098\" data-end=\"2101\" \/>\u2714\ufe0f Mazina aps\u0101rtumu un lob\u012b\u0161anos<\/p>\n<\/div>\n","protected":false},"featured_media":65980,"template":"","meta":[],"pwb-brand":[785],"product_brand":[],"product_cat":[737,749,723],"product_tag":[],"giftcard-category":[],"class_list":{"0":"post-61181","1":"product","2":"type-product","3":"status-publish","4":"has-post-thumbnail","6":"pwb-brand-ultraceuticals","7":"product_cat-mitrinasana","8":"product_cat-novecojosa-ada","9":"product_cat-serumi","11":"first","12":"instock","13":"taxable","14":"shipping-taxable","15":"purchasable","16":"product-type-simple"},"acf":[],"brands":[{"id":785,"name":"Ultraceuticals","slug":"ultraceuticals"}],"_links":{"self":[{"href":"https:\/\/skinstudio.ee\/lv\/wp-json\/wp\/v2\/product\/61181","targetHints":{"allow":["GET"]}}],"collection":[{"href":"https:\/\/skinstudio.ee\/lv\/wp-json\/wp\/v2\/product"}],"about":[{"href":"https:\/\/skinstudio.ee\/lv\/wp-json\/wp\/v2\/types\/product"}],"version-history":[{"count":0,"href":"https:\/\/skinstudio.ee\/lv\/wp-json\/wp\/v2\/product\/61181\/revisions"}],"wp:featuredmedia":[{"embeddable":true,"href":"https:\/\/skinstudio.ee\/lv\/wp-json\/wp\/v2\/media\/65980"}],"wp:attachment":[{"href":"https:\/\/skinstudio.ee\/lv\/wp-json\/wp\/v2\/media?parent=61181"}],"wp:term":[{"taxonomy":"pwb-brand","embeddable":true,"href":"https:\/\/skinstudio.ee\/lv\/wp-json\/wp\/v2\/pwb-brand?post=61181"},{"taxonomy":"product_brand","embeddable":true,"href":"https:\/\/skinstudio.ee\/lv\/wp-json\/wp\/v2\/product_brand?post=61181"},{"taxonomy":"product_cat","embeddable":true,"href":"https:\/\/skinstudio.ee\/lv\/wp-json\/wp\/v2\/product_cat?post=61181"},{"taxonomy":"product_tag","embeddable":true,"href":"https:\/\/skinstudio.ee\/lv\/wp-json\/wp\/v2\/product_tag?post=61181"},{"taxonomy":"giftcard-category","embeddable":true,"href":"https:\/\/skinstudio.ee\/lv\/wp-json\/wp\/v2\/giftcard-category?post=61181"}],"curies":[{"name":"wp","href":"https:\/\/api.w.org\/{rel}","templated":true}]}}