{"id":61192,"date":"2024-07-16T12:29:53","date_gmt":"2024-07-16T12:29:53","guid":{"rendered":"https:\/\/skinstudio.ee\/?post_type=product&#038;p=61192"},"modified":"2026-01-22T15:03:26","modified_gmt":"2026-01-22T15:03:26","slug":"ultra-replenishing-mask","status":"publish","type":"product","link":"https:\/\/skinstudio.ee\/lv\/catalog\/ultraceuticals\/ultra-replenishing-mask\/","title":{"rendered":"Ultra Replenishing Mask"},"content":{"rendered":"<p data-start=\"401\" data-end=\"661\">Ultra Replenishing Mask ir bag\u0101t\u012bga, bet netaukaina \u201csteidzam\u0101s pal\u012bdz\u012bbas\u201d maska noguru\u0161ai, sausai un dehidrat\u0113tai \u0101dai. T\u0101 pal\u012bdz mazin\u0101t diskomfortu, atjaunot \u0101das m\u012bkstumu un gludumu, k\u0101 ar\u012b nodro\u0161ina intens\u012bvu mitrin\u0101\u0161anu jau p\u0113c pirm\u0101s lieto\u0161anas reizes.<\/p>\n<p data-start=\"663\" data-end=\"957\">Maska ir ide\u0101li piem\u0113rota stresa skartai \u0101dai \u2014 p\u0113c gariem lidojumiem, saules iedarb\u012bbas, stipra v\u0113ja vai k\u0101 profilaktiska ikned\u0113\u013cas proced\u016bra lielpils\u0113tu iedz\u012bvot\u0101jiem. Formula dzi\u013ci mitrina, nomierina, mazina aps\u0101rtumu un kairin\u0101jumu, vienlaikus izl\u012bdzinot \u0101du un samazinot smalk\u0101s krunci\u0146as.<\/p>\n<p data-start=\"959\" data-end=\"984\"><strong data-start=\"959\" data-end=\"982\">Akt\u012bv\u0101s sast\u0101vda\u013cas<\/strong><\/p>\n<ul data-start=\"985\" data-end=\"1278\">\n<li data-start=\"985\" data-end=\"1043\">\n<p data-start=\"987\" data-end=\"1043\">Hialuronsk\u0101be nodro\u0161ina dzi\u013cu un ilgsto\u0161u mitrin\u0101\u0161anu.<\/p>\n<\/li>\n<li data-start=\"1044\" data-end=\"1105\">\n<p data-start=\"1046\" data-end=\"1105\">Shea sviests baro \u0101du un pal\u012bdz stiprin\u0101t lip\u012bdu barjeru.<\/p>\n<\/li>\n<li data-start=\"1106\" data-end=\"1159\">\n<p data-start=\"1108\" data-end=\"1159\">Pantenols nomierina un veicina \u0101das atjauno\u0161anos.<\/p>\n<\/li>\n<li data-start=\"1160\" data-end=\"1210\">\n<p data-start=\"1162\" data-end=\"1210\">E vitam\u012bns aizsarg\u0101 pret br\u012bvajiem radik\u0101\u013ciem.<\/p>\n<\/li>\n<li data-start=\"1211\" data-end=\"1278\">\n<p data-start=\"1213\" data-end=\"1278\">Gur\u0137a ekstrakts atsvaidzina, mazina kairin\u0101jumu un mitrina \u0101du.<\/p>\n<\/li>\n<\/ul>\n<p data-start=\"1280\" data-end=\"1482\">Regul\u0101ras lieto\u0161anas rezult\u0101t\u0101 \u0101da ieg\u016bst svaigumu, gludumu un dabiski vesel\u012bgu mirdzumu.<br data-start=\"1369\" data-end=\"1372\" \/>Produkts nesatur agres\u012bvas \u0137\u012bmiskas vielas, propil\u0113nglikolu, parab\u0113nus, sint\u0113tisk\u0101s kr\u0101svielas un smar\u017evielas.<\/p>\n<p data-start=\"1484\" data-end=\"1502\"><strong data-start=\"1484\" data-end=\"1502\">Tilpums: 75 ml<\/strong><\/p>\n","protected":false},"excerpt":{"rendered":"<p data-start=\"1783\" data-end=\"2168\"><span style=\"color: #ff0000;\"><strong data-start=\"1783\" data-end=\"1790\">NB!<\/strong> \u0160is produkts satur lielu daudzumu akt\u012bvo sast\u0101vda\u013cu. Pirms lieto\u0161anas iesak\u0101m konsult\u0113ties ar m\u016bsu speci\u0101listu. M\u0113s gaid\u0101m j\u016bsu zvanus pa t\u0101lruni +372 58500171 no pirmdienas l\u012bdz piektdienai 10:00\u201319:00, k\u0101 ar\u012b sestdien\u0101s un sv\u0113tdien\u0101s 11:00\u201315:00. J\u016bs varat ar\u012b atst\u0101t savu t\u0101lru\u0146a numuru, rakstot uz <a class=\"decorated-link cursor-pointer\" style=\"color: #ff0000;\" href=\"mailto:info@skinstudio.ee\" rel=\"noopener\" data-start=\"2093\" data-end=\"2111\">info@skinstudio.ee<\/a>, un m\u016bsu speci\u0101lists sazin\u0101sies ar jums 24 stundu laik\u0101.<\/span><\/p>\n<p data-start=\"2170\" data-end=\"2187\">Atjaunojo\u0161a maska<\/p>\n<h2 data-start=\"2189\" data-end=\"2418\"><strong data-start=\"2189\" data-end=\"2242\">\u012apa\u0161\u012bbas ULTRACEUTICALS &#8211; Ultra Replenishing Mask<\/strong><\/h2>\n<p data-start=\"2189\" data-end=\"2418\">\u2714\ufe0f Atjauno \u0101das aizsargbarjeru<br data-start=\"2275\" data-end=\"2278\" \/>\u2714\ufe0f M\u012bkstina, mitrina un baro \u0101du<br data-start=\"2310\" data-end=\"2313\" \/>\u2714\ufe0f Veicina \u0161\u016bnu re\u0123ener\u0101ciju<br data-start=\"2341\" data-end=\"2344\" \/>\u2714\ufe0f Mazina aps\u0101rtumu un kairin\u0101jumu<br data-start=\"2378\" data-end=\"2381\" \/>\u2714\ufe0f Pie\u0161\u0137ir \u0101dai gludumu un mirdzumu<\/p>\n","protected":false},"featured_media":65975,"template":"","meta":[],"pwb-brand":[785],"product_brand":[],"product_cat":[725,737,739],"product_tag":[],"giftcard-category":[],"class_list":{"0":"post-61192","1":"product","2":"type-product","3":"status-publish","4":"has-post-thumbnail","6":"pwb-brand-ultraceuticals","7":"product_cat-maskas","8":"product_cat-mitrinasana","9":"product_cat-sausai-adai","11":"first","12":"instock","13":"taxable","14":"shipping-taxable","15":"purchasable","16":"product-type-simple"},"acf":[],"brands":[{"id":785,"name":"Ultraceuticals","slug":"ultraceuticals"}],"_links":{"self":[{"href":"https:\/\/skinstudio.ee\/lv\/wp-json\/wp\/v2\/product\/61192","targetHints":{"allow":["GET"]}}],"collection":[{"href":"https:\/\/skinstudio.ee\/lv\/wp-json\/wp\/v2\/product"}],"about":[{"href":"https:\/\/skinstudio.ee\/lv\/wp-json\/wp\/v2\/types\/product"}],"version-history":[{"count":0,"href":"https:\/\/skinstudio.ee\/lv\/wp-json\/wp\/v2\/product\/61192\/revisions"}],"wp:featuredmedia":[{"embeddable":true,"href":"https:\/\/skinstudio.ee\/lv\/wp-json\/wp\/v2\/media\/65975"}],"wp:attachment":[{"href":"https:\/\/skinstudio.ee\/lv\/wp-json\/wp\/v2\/media?parent=61192"}],"wp:term":[{"taxonomy":"pwb-brand","embeddable":true,"href":"https:\/\/skinstudio.ee\/lv\/wp-json\/wp\/v2\/pwb-brand?post=61192"},{"taxonomy":"product_brand","embeddable":true,"href":"https:\/\/skinstudio.ee\/lv\/wp-json\/wp\/v2\/product_brand?post=61192"},{"taxonomy":"product_cat","embeddable":true,"href":"https:\/\/skinstudio.ee\/lv\/wp-json\/wp\/v2\/product_cat?post=61192"},{"taxonomy":"product_tag","embeddable":true,"href":"https:\/\/skinstudio.ee\/lv\/wp-json\/wp\/v2\/product_tag?post=61192"},{"taxonomy":"giftcard-category","embeddable":true,"href":"https:\/\/skinstudio.ee\/lv\/wp-json\/wp\/v2\/giftcard-category?post=61192"}],"curies":[{"name":"wp","href":"https:\/\/api.w.org\/{rel}","templated":true}]}}