{"id":61210,"date":"2024-07-16T12:30:42","date_gmt":"2024-07-16T12:30:42","guid":{"rendered":"https:\/\/skinstudio.ee\/?post_type=product&#038;p=61210"},"modified":"2026-01-22T15:03:25","modified_gmt":"2026-01-22T15:03:25","slug":"ultra-clear-purifying-mask","status":"publish","type":"product","link":"https:\/\/skinstudio.ee\/lv\/catalog\/ultraceuticals\/ultra-clear-purifying-mask\/","title":{"rendered":"Ultra Clear Purifying Mask"},"content":{"rendered":"<p data-start=\"305\" data-end=\"629\">Ultra Clear Purifying Mask ir dzi\u013ci att\u012bro\u0161a maska, kas pal\u012bdz pa\u0101trin\u0101t iekaisumu dz\u012b\u0161anu, samazina sp\u012bdumu un vizu\u0101li mazina poru redzam\u012bbu. T\u0101 ir lieliska izv\u0113le cilv\u0113kiem, kuri c\u012bn\u0101s ar redzam\u0101m por\u0101m vai lok\u0101liem izsitumiem, un maska lieliski darbojas gan patst\u0101v\u012bgi, gan kombin\u0101cij\u0101 ar citiem \u0101das kop\u0161anas l\u012bdzek\u013ciem.<\/p>\n<p data-start=\"631\" data-end=\"809\">Formula efekt\u012bvi likvid\u0113 piemais\u012bjumus, regul\u0113 lieko sebuma daudzumu un pal\u012bdz uztur\u0113t \u0101du t\u012bru un sabalans\u0113tu. Regul\u0101ras lieto\u0161anas rezult\u0101t\u0101 \u0101da k\u013c\u016bst glud\u0101ka, t\u012br\u0101ka un kopta.<\/p>\n<p data-start=\"811\" data-end=\"836\"><strong data-start=\"811\" data-end=\"834\">Akt\u012bv\u0101s sast\u0101vda\u013cas<\/strong><\/p>\n<ul data-start=\"837\" data-end=\"1132\">\n<li data-start=\"837\" data-end=\"940\">\n<p data-start=\"839\" data-end=\"940\">Kaol\u012bns un benton\u012bts absorb\u0113 lieko sebumu, dzi\u013ci att\u012bra poras un izvada toks\u012bnus un smagos met\u0101lus.<\/p>\n<\/li>\n<li data-start=\"941\" data-end=\"1070\">\n<p data-start=\"943\" data-end=\"1070\">S\u0113rs nodro\u0161ina keratol\u012btisku un antikomedog\u0113nu iedarb\u012bbu, pal\u012bdz no\u0146emt atmiru\u0161\u0101s \u0161\u016bnas un nov\u0113rst jaunu izsitumu veido\u0161anos.<\/p>\n<\/li>\n<li data-start=\"1071\" data-end=\"1132\">\n<p data-start=\"1073\" data-end=\"1132\">Augu e\u013c\u013cas baro \u0101du un pal\u012bdz uztur\u0113t t\u0101s mitruma l\u012bmeni.<\/p>\n<\/li>\n<\/ul>\n<p data-start=\"1134\" data-end=\"1152\"><strong data-start=\"1134\" data-end=\"1152\">Tilpums: 75 ml<\/strong><\/p>\n","protected":false},"excerpt":{"rendered":"<p data-start=\"1326\" data-end=\"1711\"><span style=\"color: #ff0000;\"><strong data-start=\"1326\" data-end=\"1333\">NB!<\/strong> \u0160is produkts satur lielu daudzumu akt\u012bvo sast\u0101vda\u013cu. Pirms lieto\u0161anas iesak\u0101m konsult\u0113ties ar m\u016bsu speci\u0101listu. M\u0113s gaid\u0101m j\u016bsu zvanus pa t\u0101lruni +372 58500171 no pirmdienas l\u012bdz piektdienai 10:00\u201319:00, k\u0101 ar\u012b sestdien\u0101s un sv\u0113tdien\u0101s 11:00\u201315:00. J\u016bs varat ar\u012b atst\u0101t savu t\u0101lru\u0146a numuru, rakstot uz <a class=\"decorated-link cursor-pointer\" style=\"color: #ff0000;\" href=\"mailto:info@skinstudio.ee\" rel=\"noopener\" data-start=\"1636\" data-end=\"1654\">info@skinstudio.ee<\/a>, un m\u016bsu speci\u0101lists sazin\u0101sies ar jums 24 stundu laik\u0101.<\/span><\/p>\n<p data-start=\"1713\" data-end=\"1727\">Att\u012bro\u0161\u0101 maska<\/p>\n<h2 data-start=\"1729\" data-end=\"1968\"><strong data-start=\"1729\" data-end=\"1785\">\u012apa\u0161\u012bbas ULTRACEUTICALS &#8211; Ultra Clear Purifying Mask<\/strong><\/h2>\n<p data-start=\"1729\" data-end=\"1968\">\u2714\ufe0f Dzi\u013ci att\u012bra \u0101du no piemais\u012bjumiem<br data-start=\"1825\" data-end=\"1828\" \/>\u2714\ufe0f Pie\u0161\u0137ir \u0101dai svaigumu un dabisku mirdzumu<br data-start=\"1872\" data-end=\"1875\" \/>\u2714\ufe0f Samazina iekaisumu un kairin\u0101jumu<br data-start=\"1911\" data-end=\"1914\" \/>\u2714\ufe0f Uzlabo \u0101das tekst\u016bru<br data-start=\"1937\" data-end=\"1940\" \/>\u2714\ufe0f Samazina poru redzam\u012bbu<\/p>\n","protected":false},"featured_media":65970,"template":"","meta":[],"pwb-brand":[785],"product_brand":[],"product_cat":[741,725,743,747],"product_tag":[],"giftcard-category":[],"class_list":{"0":"post-61210","1":"product","2":"type-product","3":"status-publish","4":"has-post-thumbnail","6":"pwb-brand-ultraceuticals","7":"product_cat-izsitumi","8":"product_cat-maskas","9":"product_cat-paplasinatas-poras","10":"product_cat-taukainai-adai","12":"first","13":"instock","14":"taxable","15":"shipping-taxable","16":"purchasable","17":"product-type-simple"},"acf":[],"brands":[{"id":785,"name":"Ultraceuticals","slug":"ultraceuticals"}],"_links":{"self":[{"href":"https:\/\/skinstudio.ee\/lv\/wp-json\/wp\/v2\/product\/61210","targetHints":{"allow":["GET"]}}],"collection":[{"href":"https:\/\/skinstudio.ee\/lv\/wp-json\/wp\/v2\/product"}],"about":[{"href":"https:\/\/skinstudio.ee\/lv\/wp-json\/wp\/v2\/types\/product"}],"version-history":[{"count":0,"href":"https:\/\/skinstudio.ee\/lv\/wp-json\/wp\/v2\/product\/61210\/revisions"}],"wp:featuredmedia":[{"embeddable":true,"href":"https:\/\/skinstudio.ee\/lv\/wp-json\/wp\/v2\/media\/65970"}],"wp:attachment":[{"href":"https:\/\/skinstudio.ee\/lv\/wp-json\/wp\/v2\/media?parent=61210"}],"wp:term":[{"taxonomy":"pwb-brand","embeddable":true,"href":"https:\/\/skinstudio.ee\/lv\/wp-json\/wp\/v2\/pwb-brand?post=61210"},{"taxonomy":"product_brand","embeddable":true,"href":"https:\/\/skinstudio.ee\/lv\/wp-json\/wp\/v2\/product_brand?post=61210"},{"taxonomy":"product_cat","embeddable":true,"href":"https:\/\/skinstudio.ee\/lv\/wp-json\/wp\/v2\/product_cat?post=61210"},{"taxonomy":"product_tag","embeddable":true,"href":"https:\/\/skinstudio.ee\/lv\/wp-json\/wp\/v2\/product_tag?post=61210"},{"taxonomy":"giftcard-category","embeddable":true,"href":"https:\/\/skinstudio.ee\/lv\/wp-json\/wp\/v2\/giftcard-category?post=61210"}],"curies":[{"name":"wp","href":"https:\/\/api.w.org\/{rel}","templated":true}]}}