{"id":61219,"date":"2024-07-16T12:31:20","date_gmt":"2024-07-16T12:31:20","guid":{"rendered":"https:\/\/skinstudio.ee\/?post_type=product&#038;p=61219"},"modified":"2026-01-22T15:03:25","modified_gmt":"2026-01-22T15:03:25","slug":"ultra-c-firming-serum","status":"publish","type":"product","link":"https:\/\/skinstudio.ee\/lv\/catalog\/ultraceuticals\/ultra-c-firming-serum\/","title":{"rendered":"Ultra C Firming Serum"},"content":{"rendered":"<p data-start=\"358\" data-end=\"592\">Ultra C Firming Serum ir sp\u0113c\u012bgs serums, kas padara \u0101du tvirt\u0101ku, glud\u0101ku, mirdzo\u0161\u0101ku un vizu\u0101li paceltu. Ultra C l\u012bnija izstr\u0101d\u0101ta sadarb\u012bb\u0101 ar Austr\u0101lijas zin\u0101tniski p\u0113tniecisko centru, izmantojot modern\u0101k\u0101s kosm\u0113tikas tehnolo\u0123ijas.<\/p>\n<p data-start=\"594\" data-end=\"827\">Patentee\u0304t\u0101 akt\u012bvo vielu pieg\u0101des sist\u0113ma \u013cauj L-askorb\u012bnsk\u0101bei iek\u013c\u016bt dzi\u013c\u0101kajos \u0101das sl\u0101\u0146os, nodro\u0161inot sp\u0113c\u012bgu anti-age efektu un ilgsto\u0161u rezult\u0101tu. Uzlabot\u0101 formula ir maig\u0101ka un pat\u012bkam\u0101ka, un tai ir svaigs citrusaug\u013cu arom\u0101ts.<\/p>\n<p data-start=\"829\" data-end=\"854\"><strong data-start=\"829\" data-end=\"852\">Akt\u012bv\u0101s sast\u0101vda\u013cas<\/strong><\/p>\n<ul data-start=\"855\" data-end=\"1084\">\n<li data-start=\"855\" data-end=\"904\">\n<p data-start=\"857\" data-end=\"904\">MicroElastin uzlabo \u0101das tvirtumu un bl\u012bvumu.<\/p>\n<\/li>\n<li data-start=\"905\" data-end=\"1010\">\n<p data-start=\"907\" data-end=\"1010\">T\u012brs C vitam\u012bns darbojas k\u0101 sp\u0113c\u012bgs antioksidants, izgaismo \u0101du un stiprina t\u0101s dabisko aizsargsp\u0113ju.<\/p>\n<\/li>\n<li data-start=\"1011\" data-end=\"1084\">\n<p data-start=\"1013\" data-end=\"1084\">MicroCollagen veicina \u0161\u016bnu re\u0123ener\u0101ciju un nostiprina \u0101das strukt\u016bru.<\/p>\n<\/li>\n<\/ul>\n<p data-start=\"1086\" data-end=\"1217\">Regul\u0101ras lieto\u0161anas rezult\u0101t\u0101 \u0101da k\u013c\u016bst tvirt\u0101ka, vienm\u0113r\u012bg\u0101ka un vizu\u0101li atjaunota. Piem\u0113rots norm\u0101lai, sausai un taukainai \u0101dai.<\/p>\n<p data-start=\"1219\" data-end=\"1237\"><strong data-start=\"1219\" data-end=\"1237\">Tilpums: 30 ml<\/strong><\/p>\n","protected":false},"excerpt":{"rendered":"<p data-start=\"1727\" data-end=\"2112\"><span style=\"color: #ff0000;\"><strong data-start=\"1727\" data-end=\"1734\">NB!<\/strong> \u0160is produkts satur lielu daudzumu akt\u012bvo sast\u0101vda\u013cu. Pirms lieto\u0161anas iesak\u0101m konsult\u0113ties ar m\u016bsu speci\u0101listu. M\u0113s gaid\u0101m j\u016bsu zvanus pa t\u0101lruni +372 58500171 no pirmdienas l\u012bdz piektdienai 10:00\u201319:00, k\u0101 ar\u012b sestdien\u0101s un sv\u0113tdien\u0101s 11:00\u201315:00. J\u016bs varat ar\u012b atst\u0101t savu t\u0101lru\u0146a numuru, rakstot uz <a class=\"decorated-link cursor-pointer\" style=\"color: #ff0000;\" href=\"mailto:info@skinstudio.ee\" rel=\"noopener\" data-start=\"2037\" data-end=\"2055\">info@skinstudio.ee<\/a>, un m\u016bsu speci\u0101lists sazin\u0101sies ar jums 24 stundu laik\u0101.<\/span><\/p>\n<p data-start=\"2114\" data-end=\"2145\">C vitam\u012bna stingrino\u0161ais serums<\/p>\n<h2 data-start=\"2147\" data-end=\"2376\"><strong data-start=\"2147\" data-end=\"2198\">\u012apa\u0161\u012bbas ULTRACEUTICALS &#8211; Ultra C Firming Serum<\/strong><\/h2>\n<p data-start=\"2147\" data-end=\"2376\">\u2714\ufe0f Pie\u0161\u0137ir \u0101dai mirdzumu<br data-start=\"2225\" data-end=\"2228\" \/>\u2714\ufe0f Uzlabo tvirtumu un elast\u012bbu<br data-start=\"2258\" data-end=\"2261\" \/>\u2714\ufe0f Veicina kolag\u0113na un elast\u012bna sint\u0113zi<br data-start=\"2300\" data-end=\"2303\" \/>\u2714\ufe0f Nostiprina \u0101das struktur\u0101lo karkasu<br data-start=\"2341\" data-end=\"2344\" \/>\u2714\ufe0f Uzlabo \u0101das toni un bl\u012bvumu<\/p>\n","protected":false},"featured_media":71731,"template":"","meta":[],"pwb-brand":[785],"product_brand":[],"product_cat":[729,749,751,723],"product_tag":[],"giftcard-category":[],"class_list":{"0":"post-61219","1":"product","2":"type-product","3":"status-publish","4":"has-post-thumbnail","6":"pwb-brand-ultraceuticals","7":"product_cat-c-vitamins","8":"product_cat-novecojosa-ada","9":"product_cat-pigmentacija-lv","10":"product_cat-serumi","12":"first","13":"instock","14":"taxable","15":"shipping-taxable","16":"purchasable","17":"product-type-simple"},"acf":[],"brands":[{"id":785,"name":"Ultraceuticals","slug":"ultraceuticals"}],"_links":{"self":[{"href":"https:\/\/skinstudio.ee\/lv\/wp-json\/wp\/v2\/product\/61219","targetHints":{"allow":["GET"]}}],"collection":[{"href":"https:\/\/skinstudio.ee\/lv\/wp-json\/wp\/v2\/product"}],"about":[{"href":"https:\/\/skinstudio.ee\/lv\/wp-json\/wp\/v2\/types\/product"}],"version-history":[{"count":0,"href":"https:\/\/skinstudio.ee\/lv\/wp-json\/wp\/v2\/product\/61219\/revisions"}],"wp:featuredmedia":[{"embeddable":true,"href":"https:\/\/skinstudio.ee\/lv\/wp-json\/wp\/v2\/media\/71731"}],"wp:attachment":[{"href":"https:\/\/skinstudio.ee\/lv\/wp-json\/wp\/v2\/media?parent=61219"}],"wp:term":[{"taxonomy":"pwb-brand","embeddable":true,"href":"https:\/\/skinstudio.ee\/lv\/wp-json\/wp\/v2\/pwb-brand?post=61219"},{"taxonomy":"product_brand","embeddable":true,"href":"https:\/\/skinstudio.ee\/lv\/wp-json\/wp\/v2\/product_brand?post=61219"},{"taxonomy":"product_cat","embeddable":true,"href":"https:\/\/skinstudio.ee\/lv\/wp-json\/wp\/v2\/product_cat?post=61219"},{"taxonomy":"product_tag","embeddable":true,"href":"https:\/\/skinstudio.ee\/lv\/wp-json\/wp\/v2\/product_tag?post=61219"},{"taxonomy":"giftcard-category","embeddable":true,"href":"https:\/\/skinstudio.ee\/lv\/wp-json\/wp\/v2\/giftcard-category?post=61219"}],"curies":[{"name":"wp","href":"https:\/\/api.w.org\/{rel}","templated":true}]}}