{"id":61230,"date":"2025-01-04T13:42:03","date_gmt":"2025-01-04T13:42:03","guid":{"rendered":"https:\/\/skinstudio.ee\/?post_type=product&#038;p=61230"},"modified":"2026-01-22T15:03:24","modified_gmt":"2026-01-22T15:03:24","slug":"ultra-b2-hydrating-mask","status":"publish","type":"product","link":"https:\/\/skinstudio.ee\/lv\/catalog\/ultraceuticals\/ultra-b2-hydrating-mask\/","title":{"rendered":"Ultra B2 Hydrating Mask"},"content":{"rendered":"<p data-start=\"320\" data-end=\"621\">Ultra B2 Hydration Mask ir hidrogelu maska, kas nodro\u0161ina t\u016bl\u012bt\u0113ju dzi\u013cu mitrin\u0101\u0161anu un \u0101das nomierin\u0101\u0161anu, tostarp p\u0113c profesion\u0101l\u0101m proced\u016br\u0101m, piem\u0113ram, p\u012blingiem, l\u0101zera terapijas un cit\u0101m intens\u012bv\u0101m \u0101das kop\u0161anas metod\u0113m. T\u0101 acumirkl\u012b atsvaidzina \u0101du, mazina jut\u012bgumu un pal\u012bdz atjaunot komfortu.<\/p>\n<p data-start=\"623\" data-end=\"929\">Niacinam\u012bds padara \u0101du glud\u0101ku, maig\u0101ku un vienm\u0113r\u012bg\u0101ku, savuk\u0101rt hidrogelu strukt\u016bra darbojas k\u0101 mitrino\u0161s aizsargbarjers, kas pal\u012bdz akt\u012bvaj\u0101m sast\u0101vda\u013c\u0101m lab\u0101k ies\u016bkties \u0101d\u0101. Maska sast\u0101v no div\u0101m da\u013c\u0101m \u0113rt\u0101kai uzkl\u0101\u0161anai un piel\u0101go\u0161anai sejas kont\u016br\u0101m. Dermatolo\u0123iski test\u0113ta un piem\u0113rota jut\u012bgai \u0101dai.<\/p>\n<p data-start=\"931\" data-end=\"956\"><strong data-start=\"931\" data-end=\"954\">Akt\u012bv\u0101s sast\u0101vda\u013cas<\/strong><\/p>\n<ul data-start=\"957\" data-end=\"1553\">\n<li data-start=\"957\" data-end=\"1064\">\n<p data-start=\"959\" data-end=\"1064\">B2 tehnolo\u0123ija (vitam\u012bni B3 un B5) atjauno sausu un dehidr\u0113tu \u0101du, pie\u0161\u0137ir mirdzumu un uzlabo tekst\u016bru.<\/p>\n<\/li>\n<li data-start=\"1065\" data-end=\"1134\">\n<p data-start=\"1067\" data-end=\"1134\">Acetyl Hexapeptide-8 samazina smalko un dzi\u013co krunci\u0146u redzam\u012bbu.<\/p>\n<\/li>\n<li data-start=\"1135\" data-end=\"1221\">\n<p data-start=\"1137\" data-end=\"1221\">Sodium Hyaluronate nodro\u0161ina intens\u012bvu mitrin\u0101\u0161anu un pal\u012bdz saglab\u0101t mitrumu \u0101d\u0101.<\/p>\n<\/li>\n<li data-start=\"1222\" data-end=\"1283\">\n<p data-start=\"1224\" data-end=\"1283\">Alpu rozes ekstrakts uzlabo mitrin\u0101\u0161anu un nomierina \u0101du.<\/p>\n<\/li>\n<li data-start=\"1284\" data-end=\"1361\">\n<p data-start=\"1286\" data-end=\"1361\">\u0160veices \u0101bola ekstrakts ar fitobar\u012bbas viel\u0101m atjauno un atsvaidzina \u0101du.<\/p>\n<\/li>\n<li data-start=\"1362\" data-end=\"1415\">\n<p data-start=\"1364\" data-end=\"1415\">Kumel\u012b\u0161u ekstrakts nomierina un mazina aps\u0101rtumu.<\/p>\n<\/li>\n<li data-start=\"1416\" data-end=\"1553\">\n<p data-start=\"1418\" data-end=\"1553\">Portulaka ekstrakts ar omega-3, aminosk\u0101b\u0113m, vitam\u012bniem, miner\u0101lviel\u0101m un antioksidantiem mazina kairin\u0101jumu un uztur mitruma l\u012bmeni.<\/p>\n<\/li>\n<\/ul>\n<p data-start=\"1555\" data-end=\"1581\"><strong data-start=\"1555\" data-end=\"1581\">Tilpums: 1 gab., 25 ml<\/strong><\/p>\n","protected":false},"excerpt":{"rendered":"<p data-start=\"2069\" data-end=\"2454\"><span style=\"color: #ff0000;\"><strong data-start=\"2069\" data-end=\"2076\">NB!<\/strong> \u0160is produkts satur lielu daudzumu akt\u012bvo sast\u0101vda\u013cu. Pirms lieto\u0161anas iesak\u0101m konsult\u0113ties ar m\u016bsu speci\u0101listu. M\u0113s gaid\u0101m j\u016bsu zvanus pa t\u0101lruni +372 58500171 no pirmdienas l\u012bdz piektdienai 10:00\u201319:00, k\u0101 ar\u012b sestdien\u0101s un sv\u0113tdien\u0101s 11:00\u201315:00. J\u016bs varat ar\u012b atst\u0101t savu t\u0101lru\u0146a numuru, rakstot uz <a class=\"decorated-link cursor-pointer\" style=\"color: #ff0000;\" href=\"mailto:info@skinstudio.ee\" rel=\"noopener\" data-start=\"2379\" data-end=\"2397\">info@skinstudio.ee<\/a>, un m\u016bsu speci\u0101lists sazin\u0101sies ar jums 24 stundu laik\u0101.<\/span><\/p>\n<p data-start=\"2456\" data-end=\"2488\">Ultra mitrino\u0161\u0101 B vitam\u012bna maska<\/p>\n<h2 data-start=\"2490\" data-end=\"2707\"><strong data-start=\"2490\" data-end=\"2543\">\u012apa\u0161\u012bbas ULTRACEUTICALS &#8211; Ultra B2 Hydrating Mask<\/strong><\/h2>\n<p data-start=\"2490\" data-end=\"2707\">\u2714\ufe0f Atjauno sausu un dehidr\u0113tu \u0101du<br data-start=\"2579\" data-end=\"2582\" \/>\u2714\ufe0f Pie\u0161\u0137ir mirdzumu<br data-start=\"2601\" data-end=\"2604\" \/>\u2714\ufe0f Uzlabo \u0101das tekst\u016bru<br data-start=\"2627\" data-end=\"2630\" \/>\u2714\ufe0f Nomierina un mazina jut\u012bgumu<br data-start=\"2661\" data-end=\"2664\" \/>\u2714\ufe0f Uztur mitrumu un stiprina \u0101das barjeru<\/p>\n","protected":false},"featured_media":25432,"template":"","meta":[],"pwb-brand":[785],"product_brand":[],"product_cat":[745,725,737,739,747],"product_tag":[],"giftcard-category":[],"class_list":{"0":"post-61230","1":"product","2":"type-product","3":"status-publish","4":"has-post-thumbnail","6":"pwb-brand-ultraceuticals","7":"product_cat-jutiga-ada","8":"product_cat-maskas","9":"product_cat-mitrinasana","10":"product_cat-sausa-ada","11":"product_cat-taukaina-ada","13":"first","14":"instock","15":"sale","16":"taxable","17":"shipping-taxable","18":"purchasable","19":"product-type-simple"},"acf":[],"brands":[{"id":785,"name":"Ultraceuticals","slug":"ultraceuticals"}],"_links":{"self":[{"href":"https:\/\/skinstudio.ee\/lv\/wp-json\/wp\/v2\/product\/61230","targetHints":{"allow":["GET"]}}],"collection":[{"href":"https:\/\/skinstudio.ee\/lv\/wp-json\/wp\/v2\/product"}],"about":[{"href":"https:\/\/skinstudio.ee\/lv\/wp-json\/wp\/v2\/types\/product"}],"version-history":[{"count":0,"href":"https:\/\/skinstudio.ee\/lv\/wp-json\/wp\/v2\/product\/61230\/revisions"}],"wp:featuredmedia":[{"embeddable":true,"href":"https:\/\/skinstudio.ee\/lv\/wp-json\/wp\/v2\/media\/25432"}],"wp:attachment":[{"href":"https:\/\/skinstudio.ee\/lv\/wp-json\/wp\/v2\/media?parent=61230"}],"wp:term":[{"taxonomy":"pwb-brand","embeddable":true,"href":"https:\/\/skinstudio.ee\/lv\/wp-json\/wp\/v2\/pwb-brand?post=61230"},{"taxonomy":"product_brand","embeddable":true,"href":"https:\/\/skinstudio.ee\/lv\/wp-json\/wp\/v2\/product_brand?post=61230"},{"taxonomy":"product_cat","embeddable":true,"href":"https:\/\/skinstudio.ee\/lv\/wp-json\/wp\/v2\/product_cat?post=61230"},{"taxonomy":"product_tag","embeddable":true,"href":"https:\/\/skinstudio.ee\/lv\/wp-json\/wp\/v2\/product_tag?post=61230"},{"taxonomy":"giftcard-category","embeddable":true,"href":"https:\/\/skinstudio.ee\/lv\/wp-json\/wp\/v2\/giftcard-category?post=61230"}],"curies":[{"name":"wp","href":"https:\/\/api.w.org\/{rel}","templated":true}]}}