{"id":61237,"date":"2024-07-24T10:16:39","date_gmt":"2024-07-24T10:16:39","guid":{"rendered":"https:\/\/skinstudio.ee\/?post_type=product&#038;p=61237"},"modified":"2026-01-22T15:03:24","modified_gmt":"2026-01-22T15:03:24","slug":"ultra-brightening-serum","status":"publish","type":"product","link":"https:\/\/skinstudio.ee\/lv\/catalog\/ultraceuticals\/ultra-brightening-serum\/","title":{"rendered":"Ultra Brightening Serum"},"content":{"rendered":"<div>\n<p data-start=\"313\" data-end=\"588\">Ultra Brightening Serum ir sp\u0113c\u012bgs \u0101das izgaismo\u0161anas serums, kas izstr\u0101d\u0101ts hiperpigment\u0101cijas mazin\u0101\u0161anai un jaunu pigment\u0101cijas plankumu riska samazin\u0101\u0161anai. Tas pal\u012bdz izl\u012bdzin\u0101t \u0101das toni, mazin\u0101t tum\u0161os plankumus, postaknes p\u0113das un atjaunot \u0101das skaidr\u012bbu un mirdzumu.<\/p>\n<p data-start=\"590\" data-end=\"809\">Svar\u012bgi: \u0161o serumu dr\u012bkst ieviest <strong data-start=\"624\" data-end=\"686\">tikai p\u0113c Even Skintone Mild vai Even Skintone Serum kursa<\/strong>. Izlai\u017eot \u0101das adapt\u0101cijas posmu, var rasties izteikta \u0101das jut\u012bba, ko b\u016bs tikpat gr\u016bti kori\u0123\u0113t k\u0101 s\u0101kotn\u0113jo pigment\u0101ciju.<\/p>\n<p data-start=\"811\" data-end=\"909\">Serums \u012bpa\u0161i piem\u0113rots problem\u0101tiskai \u0101dai ar kr\u0101sas nevienm\u0113r\u012bbu, bl\u0101vumu un tekst\u016bras probl\u0113m\u0101m.<\/p>\n<p data-start=\"911\" data-end=\"936\"><strong data-start=\"911\" data-end=\"934\">Akt\u012bv\u0101s sast\u0101vda\u013cas<\/strong><\/p>\n<ul data-start=\"937\" data-end=\"1363\">\n<li data-start=\"937\" data-end=\"997\">\n<p data-start=\"939\" data-end=\"997\">Piensk\u0101be \u2013 maigi izgaismo un veicina \u0101das atjauno\u0161anos.<\/p>\n<\/li>\n<li data-start=\"998\" data-end=\"1088\">\n<p data-start=\"1000\" data-end=\"1088\">Niacinam\u012bds (B3 vitam\u012bns) \u2013 mazina pigment\u0101ciju, stiprina \u0101das barjeru un uzlabo toni.<\/p>\n<\/li>\n<li data-start=\"1089\" data-end=\"1180\">\n<p data-start=\"1091\" data-end=\"1180\">Salicilsk\u0101be \u2013 att\u012bra poras, mazina iekaisumu un pal\u012bdz nov\u0113rst postaknes pigment\u0101ciju.<\/p>\n<\/li>\n<li data-start=\"1181\" data-end=\"1274\">\n<p data-start=\"1183\" data-end=\"1274\">Rezveratrols \u2013 sp\u0113c\u012bgs antioksidants, kas pastiprina izgaismojo\u0161o efektu un aizsarg\u0101 \u0101du.<\/p>\n<\/li>\n<li data-start=\"1275\" data-end=\"1363\">\n<p data-start=\"1277\" data-end=\"1363\">Glicer\u012bns \u2013 pal\u012bdz saglab\u0101t mitrumu un nodro\u0161ina komfortu intens\u012bvas kop\u0161anas laik\u0101.<\/p>\n<\/li>\n<\/ul>\n<p data-start=\"1365\" data-end=\"1383\"><strong data-start=\"1365\" data-end=\"1383\">Tilpums: 30 ml<\/strong><\/p>\n<\/div>\n<picture><source srcset=\"https:\/\/milfey-shop.ru\/image\/cache\/catalog\/content\/editors\/product\/edit\/ftp196030-1-w290_jpg.webp\" media=\"(max-width: 320px)\" \/><source srcset=\"https:\/\/milfey-shop.ru\/image\/cache\/catalog\/content\/editors\/product\/edit\/ftp196030-1-w450_jpg.webp\" media=\"(max-width: 480px)\" \/><source srcset=\"https:\/\/milfey-shop.ru\/image\/cache\/catalog\/content\/editors\/product\/edit\/ftp196030-1-w738_jpg.webp\" media=\"(max-width: 768px)\" \/><\/picture>\n","protected":false},"excerpt":{"rendered":"<p data-start=\"1643\" data-end=\"2028\"><span style=\"color: #ff0000;\"><strong data-start=\"1643\" data-end=\"1650\">NB!<\/strong> \u0160is produkts satur lielu daudzumu akt\u012bvo sast\u0101vda\u013cu. Pirms lieto\u0161anas iesak\u0101m konsult\u0113ties ar m\u016bsu speci\u0101listu. M\u0113s gaid\u0101m j\u016bsu zvanus pa t\u0101lruni +372 58500171 no pirmdienas l\u012bdz piektdienai 10:00\u201319:00, k\u0101 ar\u012b sestdien\u0101s un sv\u0113tdien\u0101s 11:00\u201315:00. J\u016bs varat ar\u012b atst\u0101t savu t\u0101lru\u0146a numuru, rakstot uz <a class=\"decorated-link cursor-pointer\" style=\"color: #ff0000;\" href=\"mailto:info@skinstudio.ee\" rel=\"noopener\" data-start=\"1953\" data-end=\"1971\">info@skinstudio.ee<\/a>, un m\u016bsu speci\u0101lists sazin\u0101sies ar jums 24 stundu laik\u0101.<\/span><\/p>\n<p data-start=\"2030\" data-end=\"2051\">Izgaismojo\u0161ais serums<\/p>\n<h2 data-start=\"2053\" data-end=\"2296\"><strong data-start=\"2053\" data-end=\"2106\">\u012apa\u0161\u012bbas ULTRACEUTICALS &#8211; Ultra Brightening Serum<\/strong><\/h2>\n<p data-start=\"2053\" data-end=\"2296\">\u2714\ufe0f C\u012bn\u0101s ar hiperpigment\u0101ciju<br data-start=\"2138\" data-end=\"2141\" \/>\u2714\ufe0f Samazina atk\u0101rtotas pigment\u0101cijas risku<br data-start=\"2183\" data-end=\"2186\" \/>\u2714\ufe0f Stiprina \u0101das virs\u0113jos sl\u0101\u0146us<br data-start=\"2218\" data-end=\"2221\" \/>\u2714\ufe0f Atbalsta pretnoveco\u0161an\u0101s procesus<br data-start=\"2257\" data-end=\"2260\" \/>\u2714\ufe0f Izl\u012bdzina \u0101das toni un tekst\u016bru<\/p>\n","protected":false},"featured_media":65828,"template":"","meta":[],"pwb-brand":[785],"product_brand":[],"product_cat":[749,751,723],"product_tag":[],"giftcard-category":[],"class_list":{"0":"post-61237","1":"product","2":"type-product","3":"status-publish","4":"has-post-thumbnail","6":"pwb-brand-ultraceuticals","7":"product_cat-novecojosa-ada","8":"product_cat-pigmentacija-lv","9":"product_cat-serumi","11":"first","12":"instock","13":"taxable","14":"shipping-taxable","15":"purchasable","16":"product-type-simple"},"acf":[],"brands":[{"id":785,"name":"Ultraceuticals","slug":"ultraceuticals"}],"_links":{"self":[{"href":"https:\/\/skinstudio.ee\/lv\/wp-json\/wp\/v2\/product\/61237","targetHints":{"allow":["GET"]}}],"collection":[{"href":"https:\/\/skinstudio.ee\/lv\/wp-json\/wp\/v2\/product"}],"about":[{"href":"https:\/\/skinstudio.ee\/lv\/wp-json\/wp\/v2\/types\/product"}],"version-history":[{"count":0,"href":"https:\/\/skinstudio.ee\/lv\/wp-json\/wp\/v2\/product\/61237\/revisions"}],"wp:featuredmedia":[{"embeddable":true,"href":"https:\/\/skinstudio.ee\/lv\/wp-json\/wp\/v2\/media\/65828"}],"wp:attachment":[{"href":"https:\/\/skinstudio.ee\/lv\/wp-json\/wp\/v2\/media?parent=61237"}],"wp:term":[{"taxonomy":"pwb-brand","embeddable":true,"href":"https:\/\/skinstudio.ee\/lv\/wp-json\/wp\/v2\/pwb-brand?post=61237"},{"taxonomy":"product_brand","embeddable":true,"href":"https:\/\/skinstudio.ee\/lv\/wp-json\/wp\/v2\/product_brand?post=61237"},{"taxonomy":"product_cat","embeddable":true,"href":"https:\/\/skinstudio.ee\/lv\/wp-json\/wp\/v2\/product_cat?post=61237"},{"taxonomy":"product_tag","embeddable":true,"href":"https:\/\/skinstudio.ee\/lv\/wp-json\/wp\/v2\/product_tag?post=61237"},{"taxonomy":"giftcard-category","embeddable":true,"href":"https:\/\/skinstudio.ee\/lv\/wp-json\/wp\/v2\/giftcard-category?post=61237"}],"curies":[{"name":"wp","href":"https:\/\/api.w.org\/{rel}","templated":true}]}}