{"id":61247,"date":"2024-07-24T09:53:12","date_gmt":"2024-07-24T09:53:12","guid":{"rendered":"https:\/\/skinstudio.ee\/?post_type=product&#038;p=61247"},"modified":"2026-03-21T09:53:52","modified_gmt":"2026-03-21T09:53:52","slug":"ultra-r-e-d-corrective-serum","status":"publish","type":"product","link":"https:\/\/skinstudio.ee\/lv\/catalog\/ultraceuticals\/ultra-r-e-d-corrective-serum\/","title":{"rendered":"Ultra R.E.D. Corrective Serum"},"content":{"rendered":"<p data-start=\"204\" data-end=\"475\">Ultra R.E.D. Corrective Serum ir nomierino\u0161s un atjaunojo\u0161s serums, kas rad\u012bts \u012bpa\u0161i jut\u012bgai \u0101dai ar noslieci uz aps\u0101rtumu un kairin\u0101jumu. Sp\u0113c\u012bgs mitrino\u0161o un nomierino\u0161o sast\u0101vda\u013cu komplekss pal\u012bdz mazin\u0101t \u0101das reaktivit\u0101ti, stiprin\u0101t \u0101das barjeru un atjaunot komfortu.<\/p>\n<p data-start=\"477\" data-end=\"712\">Lip\u012bdu, mitrino\u0161o un atjaunojo\u0161o vielu kombin\u0101cija \u0101tri uzlabo \u0101das mitruma l\u012bmeni, stiprina aizsargbarjeru un pal\u012bdz samazin\u0101t hronisku aps\u0101rtumu. Piem\u0113rots jut\u012bgai \u0101dai, k\u0101 ar\u012b kuperozes, roz\u0101cijas un citu iekaisuma procesu gad\u012bjum\u0101.<\/p>\n<p data-start=\"714\" data-end=\"739\"><strong data-start=\"714\" data-end=\"737\">Akt\u012bv\u0101s sast\u0101vda\u013cas<\/strong><\/p>\n<ul data-start=\"740\" data-end=\"1316\">\n<li data-start=\"740\" data-end=\"815\">\n<p data-start=\"742\" data-end=\"815\">Glicer\u012bns \u2013 nodro\u0161ina dzi\u013cu mitrin\u0101\u0161anu un pal\u012bdz saglab\u0101t mitrumu \u0101d\u0101.<\/p>\n<\/li>\n<li data-start=\"816\" data-end=\"871\">\n<p data-start=\"818\" data-end=\"871\">Skval\u0101ns \u2013 m\u012bkstina \u0101du un stiprina lip\u012bdu barjeru.<\/p>\n<\/li>\n<li data-start=\"872\" data-end=\"980\">\n<p data-start=\"874\" data-end=\"980\">Niacinam\u012bds (B3 vitam\u012bns) \u2013 mazina aps\u0101rtumu, pal\u012bdz vienm\u0113r\u012bg\u0101kam tonim un stiprina \u0101das aizsargsp\u0113jas.<\/p>\n<\/li>\n<li data-start=\"981\" data-end=\"1030\">\n<p data-start=\"983\" data-end=\"1030\">\u0160\u012b sviests \u2013 baro un nomierina kairin\u0101tu \u0101du.<\/p>\n<\/li>\n<li data-start=\"1031\" data-end=\"1090\">\n<p data-start=\"1033\" data-end=\"1090\">Pantenols \u2013 nomierina un pal\u012bdz \u0101dai \u0101tr\u0101k atjaunoties.<\/p>\n<\/li>\n<\/ul>\n<p data-start=\"1318\" data-end=\"1336\"><strong data-start=\"1318\" data-end=\"1336\">Tilpums: 30 ml<\/strong><\/p>\n","protected":false},"excerpt":{"rendered":"<p data-start=\"1532\" data-end=\"1917\"><span style=\"color: #ff0000;\"><strong data-start=\"1532\" data-end=\"1539\">NB!<\/strong> \u0160is produkts satur lielu daudzumu akt\u012bvo sast\u0101vda\u013cu. Pirms lieto\u0161anas iesak\u0101m konsult\u0113ties ar m\u016bsu speci\u0101listu. M\u0113s gaid\u0101m j\u016bsu zvanus pa t\u0101lruni +372 58500171 no pirmdienas l\u012bdz piektdienai 10:00\u201319:00, k\u0101 ar\u012b sestdien\u0101s un sv\u0113tdien\u0101s 11:00\u201315:00. J\u016bs varat ar\u012b atst\u0101t savu t\u0101lru\u0146a numuru, rakstot uz <a class=\"decorated-link cursor-pointer\" style=\"color: #ff0000;\" href=\"mailto:info@skinstudio.ee\" rel=\"noopener\" data-start=\"1842\" data-end=\"1860\">info@skinstudio.ee<\/a>, un m\u016bsu speci\u0101lists sazin\u0101sies ar jums 24 stundu laik\u0101.<\/span><\/p>\n<p data-start=\"1919\" data-end=\"1938\">Serums jut\u012bgai \u0101dai<\/p>\n<h2 data-start=\"1940\" data-end=\"2236\"><strong data-start=\"1940\" data-end=\"1999\">\u012apa\u0161\u012bbas ULTRACEUTICALS &#8211; Ultra R.E.D. Corrective Serum<\/strong><\/h2>\n<p data-start=\"1940\" data-end=\"2236\">\u2714\ufe0f Nekav\u0113joties samazina aps\u0101rtumu un diskomfortu<br data-start=\"2051\" data-end=\"2054\" \/>\u2714\ufe0f Nomierina \u0101du un mazina jut\u012bgumu<br data-start=\"2089\" data-end=\"2092\" \/>\u2714\ufe0f Padara \u0101das toni vienm\u0113r\u012bg\u0101ku un mier\u012bg\u0101ku<br data-start=\"2137\" data-end=\"2140\" \/>\u2714\ufe0f M\u012bkstina \u0101du un stiprina barjerfunkciju<br data-start=\"2182\" data-end=\"2185\" \/>\u2714\ufe0f Palielina \u0101das iztur\u012bbu pret \u0101r\u0113jiem faktoriem<\/p>\n","protected":false},"featured_media":65833,"template":"","meta":[],"pwb-brand":[785],"product_brand":[],"product_cat":[745,737,723],"product_tag":[],"giftcard-category":[],"class_list":{"0":"post-61247","1":"product","2":"type-product","3":"status-publish","4":"has-post-thumbnail","6":"pwb-brand-ultraceuticals","7":"product_cat-jutigai-adai","8":"product_cat-mitrinasana","9":"product_cat-serumi","11":"first","12":"instock","13":"taxable","14":"shipping-taxable","15":"purchasable","16":"product-type-simple"},"acf":[],"brands":[{"id":785,"name":"Ultraceuticals","slug":"ultraceuticals"}],"_links":{"self":[{"href":"https:\/\/skinstudio.ee\/lv\/wp-json\/wp\/v2\/product\/61247","targetHints":{"allow":["GET"]}}],"collection":[{"href":"https:\/\/skinstudio.ee\/lv\/wp-json\/wp\/v2\/product"}],"about":[{"href":"https:\/\/skinstudio.ee\/lv\/wp-json\/wp\/v2\/types\/product"}],"version-history":[{"count":1,"href":"https:\/\/skinstudio.ee\/lv\/wp-json\/wp\/v2\/product\/61247\/revisions"}],"predecessor-version":[{"id":87167,"href":"https:\/\/skinstudio.ee\/lv\/wp-json\/wp\/v2\/product\/61247\/revisions\/87167"}],"wp:featuredmedia":[{"embeddable":true,"href":"https:\/\/skinstudio.ee\/lv\/wp-json\/wp\/v2\/media\/65833"}],"wp:attachment":[{"href":"https:\/\/skinstudio.ee\/lv\/wp-json\/wp\/v2\/media?parent=61247"}],"wp:term":[{"taxonomy":"pwb-brand","embeddable":true,"href":"https:\/\/skinstudio.ee\/lv\/wp-json\/wp\/v2\/pwb-brand?post=61247"},{"taxonomy":"product_brand","embeddable":true,"href":"https:\/\/skinstudio.ee\/lv\/wp-json\/wp\/v2\/product_brand?post=61247"},{"taxonomy":"product_cat","embeddable":true,"href":"https:\/\/skinstudio.ee\/lv\/wp-json\/wp\/v2\/product_cat?post=61247"},{"taxonomy":"product_tag","embeddable":true,"href":"https:\/\/skinstudio.ee\/lv\/wp-json\/wp\/v2\/product_tag?post=61247"},{"taxonomy":"giftcard-category","embeddable":true,"href":"https:\/\/skinstudio.ee\/lv\/wp-json\/wp\/v2\/giftcard-category?post=61247"}],"curies":[{"name":"wp","href":"https:\/\/api.w.org\/{rel}","templated":true}]}}