{"id":61259,"date":"2024-07-24T07:58:56","date_gmt":"2024-07-24T07:58:56","guid":{"rendered":"https:\/\/skinstudio.ee\/?post_type=product&#038;p=61259"},"modified":"2026-01-22T15:03:24","modified_gmt":"2026-01-22T15:03:24","slug":"resurfacing-and-pore-refining-serum","status":"publish","type":"product","link":"https:\/\/skinstudio.ee\/lv\/catalog\/ultraceuticals\/resurfacing-and-pore-refining-serum\/","title":{"rendered":"Resurfacing and Pore Refining Serum"},"content":{"rendered":"<p data-start=\"325\" data-end=\"544\">Resurfacing and Pore Refining Serum ir vieglas tekst\u016bras serums, kas pal\u012bdz izl\u012bdzin\u0101t porainas \u0101das reljefu un samazin\u0101t redzamu poru izm\u0113ru. Tas uzlabo \u0101das kop\u0113jo izskatu, pie\u0161\u0137ir tai glud\u0101ku, t\u012br\u0101ku un kopt\u0101ku toni.<\/p>\n<p data-start=\"546\" data-end=\"882\">Formulas darb\u012bba ir v\u0113rsta uz sabiez\u0113ju\u0161u raga sl\u0101ni, postaknes r\u0113t\u0101m, virspus\u0113ju pigment\u0101ciju un taukainu sp\u012bdumu. Serumu var lietot no r\u012bta (tas lieliski darbojas k\u0101 b\u0101ze grimmam) vai vakar\u0101, ta\u010du <strong data-start=\"745\" data-end=\"772\">tikai vienu reizi dien\u0101<\/strong>, un vienm\u0113r kop\u0101 ar SPF, jo sast\u0101v\u0101 ir sk\u0101bes. Ide\u0101li piem\u0113rots taukainai, kombin\u0113tai un problem\u0101tiskai \u0101dai.<\/p>\n<p data-start=\"884\" data-end=\"909\"><strong data-start=\"884\" data-end=\"907\">Akt\u012bv\u0101s sast\u0101vda\u013cas<\/strong><\/p>\n<ul data-start=\"910\" data-end=\"1153\">\n<li data-start=\"910\" data-end=\"963\">\n<p data-start=\"912\" data-end=\"963\">Mandelu sk\u0101be \u2013 maigi atjauno \u0101du un uzlabo toni.<\/p>\n<\/li>\n<li data-start=\"964\" data-end=\"1022\">\n<p data-start=\"966\" data-end=\"1022\">Salicilsk\u0101be \u2013 dzi\u013ci att\u012bra poras un mazina iekaisumu.<\/p>\n<\/li>\n<li data-start=\"1023\" data-end=\"1083\">\n<p data-start=\"1025\" data-end=\"1083\">Salic\u012bns \u2013 uzlabo \u0101das tekst\u016bru un veicina atjauno\u0161anos.<\/p>\n<\/li>\n<li data-start=\"1084\" data-end=\"1153\">\n<p data-start=\"1086\" data-end=\"1153\">Niacinam\u012bds \u2013 regul\u0113 sebuma izdal\u012b\u0161anos un stiprina \u0101das barjeru.<\/p>\n<\/li>\n<\/ul>\n<p data-start=\"1155\" data-end=\"1173\"><strong data-start=\"1155\" data-end=\"1173\">Tilpums: 30 ml<\/strong><\/p>\n","protected":false},"excerpt":{"rendered":"<p data-start=\"1680\" data-end=\"2072\"><span style=\"color: #ff0000;\"><strong data-start=\"1680\" data-end=\"1687\">NB!<\/strong> \u0160is produkts satur augstu akt\u012bvo sast\u0101vda\u013cu koncentr\u0101ciju. Pirms lieto\u0161anas iesak\u0101m konsult\u0113ties ar m\u016bsu speci\u0101listu. M\u0113s gaid\u0101m j\u016bsu zvanus pa telefonu +372 58500171 no pirmdienas l\u012bdz piektdienai 10:00\u201319:00, k\u0101 ar\u012b sestdien\u0101s un sv\u0113tdien\u0101s 11:00\u201315:00. J\u016bs varat ar\u012b atst\u0101t savu t\u0101lru\u0146a numuru, rakstot uz <a class=\"decorated-link cursor-pointer\" style=\"color: #ff0000;\" href=\"mailto:info@skinstudio.ee\" rel=\"noopener\" data-start=\"1997\" data-end=\"2015\">info@skinstudio.ee<\/a>, un m\u016bsu speci\u0101lists sazin\u0101sies ar jums 24 stundu laik\u0101.<\/span><\/p>\n<p data-start=\"2074\" data-end=\"2109\">Poru tekst\u016bras izl\u012bdzino\u0161ais serums<\/p>\n<h2 data-start=\"2111\" data-end=\"2389\"><strong data-start=\"2111\" data-end=\"2176\">ULTRACEUTICALS &#8211; Resurfacing and Pore Refining Serum \u012apa\u0161\u012bbas<\/strong><\/h2>\n<p data-start=\"2111\" data-end=\"2389\">\u2714\ufe0f Izl\u012bdzina \u0101das tekst\u016bru un toni<br data-start=\"2213\" data-end=\"2216\" \/>\u2714\ufe0f Samazina pigment\u0101ciju un postaknes p\u0113das<br data-start=\"2259\" data-end=\"2262\" \/>\u2714\ufe0f Atjauno vesel\u012bgu mirdzumu<br data-start=\"2290\" data-end=\"2293\" \/>\u2714\ufe0f Regul\u0113 sebuma izdal\u012b\u0161anos un mazina sp\u012bdumu<br data-start=\"2339\" data-end=\"2342\" \/>\u2714\ufe0f Att\u012bra poras un padara t\u0101s maz\u0101k paman\u0101mas<\/p>\n","protected":false},"featured_media":65838,"template":"","meta":[],"pwb-brand":[785],"product_brand":[],"product_cat":[741,743,723,747],"product_tag":[],"giftcard-category":[],"class_list":{"0":"post-61259","1":"product","2":"type-product","3":"status-publish","4":"has-post-thumbnail","6":"pwb-brand-ultraceuticals","7":"product_cat-izsitumi","8":"product_cat-paplasinatas-poras","9":"product_cat-serumi","10":"product_cat-taukainai-adai","12":"first","13":"instock","14":"taxable","15":"shipping-taxable","16":"purchasable","17":"product-type-simple"},"acf":[],"brands":[{"id":785,"name":"Ultraceuticals","slug":"ultraceuticals"}],"_links":{"self":[{"href":"https:\/\/skinstudio.ee\/lv\/wp-json\/wp\/v2\/product\/61259","targetHints":{"allow":["GET"]}}],"collection":[{"href":"https:\/\/skinstudio.ee\/lv\/wp-json\/wp\/v2\/product"}],"about":[{"href":"https:\/\/skinstudio.ee\/lv\/wp-json\/wp\/v2\/types\/product"}],"version-history":[{"count":0,"href":"https:\/\/skinstudio.ee\/lv\/wp-json\/wp\/v2\/product\/61259\/revisions"}],"wp:featuredmedia":[{"embeddable":true,"href":"https:\/\/skinstudio.ee\/lv\/wp-json\/wp\/v2\/media\/65838"}],"wp:attachment":[{"href":"https:\/\/skinstudio.ee\/lv\/wp-json\/wp\/v2\/media?parent=61259"}],"wp:term":[{"taxonomy":"pwb-brand","embeddable":true,"href":"https:\/\/skinstudio.ee\/lv\/wp-json\/wp\/v2\/pwb-brand?post=61259"},{"taxonomy":"product_brand","embeddable":true,"href":"https:\/\/skinstudio.ee\/lv\/wp-json\/wp\/v2\/product_brand?post=61259"},{"taxonomy":"product_cat","embeddable":true,"href":"https:\/\/skinstudio.ee\/lv\/wp-json\/wp\/v2\/product_cat?post=61259"},{"taxonomy":"product_tag","embeddable":true,"href":"https:\/\/skinstudio.ee\/lv\/wp-json\/wp\/v2\/product_tag?post=61259"},{"taxonomy":"giftcard-category","embeddable":true,"href":"https:\/\/skinstudio.ee\/lv\/wp-json\/wp\/v2\/giftcard-category?post=61259"}],"curies":[{"name":"wp","href":"https:\/\/api.w.org\/{rel}","templated":true}]}}