{"id":61269,"date":"2024-07-24T07:49:59","date_gmt":"2024-07-24T07:49:59","guid":{"rendered":"https:\/\/skinstudio.ee\/?post_type=product&#038;p=61269"},"modified":"2026-01-22T15:03:24","modified_gmt":"2026-01-22T15:03:24","slug":"even-skintone-serum-concentrate","status":"publish","type":"product","link":"https:\/\/skinstudio.ee\/lv\/catalog\/ultraceuticals\/even-skintone-serum-concentrate\/","title":{"rendered":"Even Skintone Serum Concentrate"},"content":{"rendered":"<div>\n<p data-start=\"232\" data-end=\"488\">Even Skintone Serum Concentrate ir maigs sk\u0101bju serums (3. l\u012bmenis), kas paredz\u0113ts dzi\u013cai \u0101das nepiln\u012bbu korekcijai. Tas pal\u012bdz uzlabot \u0101das tekst\u016bru, izgaismo pigment\u0101ciju un postaknes p\u0113das, mazina izsitumus un iedarbojas ar\u012b uz dzi\u013c\u0101kajiem komedoniem.<\/p>\n<p data-start=\"490\" data-end=\"745\">\u0160is ir viskoncentr\u0113t\u0101kais serums Ultraceuticals l\u012bnij\u0101: tr\u012bs da\u017e\u0101das sk\u0101bes un augi\u0304gie ekstrakti iek\u013c\u016bst dzi\u013c\u0101k un veicina \u0101das atjauno\u0161anos no iek\u0161puses. Regul\u0101ri lietojot, \u0101da k\u013c\u016bst glud\u0101ka, vienm\u0113r\u012bg\u0101ka un vizu\u0101li t\u012br\u0101ka. Piem\u0113rots visiem \u0101das tipiem.<\/p>\n<p data-start=\"747\" data-end=\"772\"><strong data-start=\"747\" data-end=\"770\">Akt\u012bv\u0101s sast\u0101vda\u013cas<\/strong><\/p>\n<ul data-start=\"773\" data-end=\"1140\">\n<li data-start=\"773\" data-end=\"825\">\n<p data-start=\"775\" data-end=\"825\">Piensk\u0101be \u2013 maigi atjauno \u0101du un izl\u012bdzina toni.<\/p>\n<\/li>\n<li data-start=\"826\" data-end=\"885\">\n<p data-start=\"828\" data-end=\"885\">Salicilsk\u0101be \u2013 dzi\u013ci att\u012bra poras un mazina iekaisumus.<\/p>\n<\/li>\n<li data-start=\"886\" data-end=\"947\">\n<p data-start=\"888\" data-end=\"947\">Citrusaug\u013cu sk\u0101bes \u2013 uzlabo tekst\u016bru un pie\u0161\u0137ir mirdzumu.<\/p>\n<\/li>\n<li data-start=\"948\" data-end=\"1008\">\n<p data-start=\"950\" data-end=\"1008\">Niacinam\u012bds \u2013 stiprina \u0101das barjeru un mazina aps\u0101rtumu.<\/p>\n<\/li>\n<li data-start=\"1009\" data-end=\"1062\">\n<p data-start=\"1011\" data-end=\"1062\">L\u0101cene (bearberry) \u2013 pal\u012bdz izl\u012bdzin\u0101t \u0101das toni.<\/p>\n<\/li>\n<li data-start=\"1063\" data-end=\"1140\">\n<p data-start=\"1065\" data-end=\"1140\">Balt\u0101s v\u012btolas mizas ekstrakts \u2013 k\u0326eratol\u012btiska un nomierino\u0161a iedarb\u012bba.<\/p>\n<\/li>\n<\/ul>\n<p data-start=\"1142\" data-end=\"1160\"><strong data-start=\"1142\" data-end=\"1160\">Tilpums: 30 ml<\/strong><\/p>\n<\/div>\n","protected":false},"excerpt":{"rendered":"<p data-start=\"1675\" data-end=\"2057\"><span style=\"color: #ff0000;\"><strong data-start=\"1675\" data-end=\"1682\">NB!<\/strong> \u0160is produkts satur augstu akt\u012bvo vielu koncentr\u0101ciju. Pirms lieto\u0161anas iesak\u0101m konsult\u0113ties ar m\u016bsu speci\u0101listu. M\u0113s gaid\u0101m j\u016bsu zvanus pa t\u0101lruni +372 58500171 no pirmdienas l\u012bdz piektdienai 10:00\u201319:00, k\u0101 ar\u012b sestdien\u0101s un sv\u0113tdien\u0101s 11:00\u201315:00. Varat ar\u012b atst\u0101t savu t\u0101lru\u0146a numuru, rakstot uz <a class=\"decorated-link cursor-pointer\" style=\"color: #ff0000;\" href=\"mailto:info@skinstudio.ee\" rel=\"noopener\" data-start=\"1982\" data-end=\"2000\">info@skinstudio.ee<\/a>, un m\u016bsu speci\u0101lists sazin\u0101sies ar jums 24 stundu laik\u0101.<\/span><\/p>\n<p data-start=\"2059\" data-end=\"2084\">Sk\u0101bju koncentr\u0101ta serums<\/p>\n<h2 data-start=\"2086\" data-end=\"2371\"><strong data-start=\"2086\" data-end=\"2147\">ULTRACEUTICALS &#8211; Even Skintone Serum Concentrate \u012apa\u0161\u012bbas<\/strong><\/h2>\n<p data-start=\"2086\" data-end=\"2371\">\u2714\ufe0f Mazina izsitumus un nov\u0113r\u0161 jaunu nepiln\u012bbu ra\u0161anos<br data-start=\"2203\" data-end=\"2206\" \/>\u2714\ufe0f Dzi\u013ci izl\u012bdzina \u0101das virsmu<br data-start=\"2236\" data-end=\"2239\" \/>\u2714\ufe0f Izgaismo pigment\u0101ciju un postaknes p\u0113das<br data-start=\"2282\" data-end=\"2285\" \/>\u2714\ufe0f Nodro\u0161ina pretiekaisuma iedarb\u012bbu<br data-start=\"2321\" data-end=\"2324\" \/>\u2714\ufe0f Padara \u0101du m\u012bkst\u0101ku, glud\u0101ku un elast\u012bg\u0101ku<\/p>\n","protected":false},"featured_media":65843,"template":"","meta":[],"pwb-brand":[785],"product_brand":[],"product_cat":[741,751,723],"product_tag":[],"giftcard-category":[],"class_list":{"0":"post-61269","1":"product","2":"type-product","3":"status-publish","4":"has-post-thumbnail","6":"pwb-brand-ultraceuticals","7":"product_cat-izsitumi","8":"product_cat-pigmentacija-lv","9":"product_cat-serumi","11":"first","12":"outofstock","13":"taxable","14":"shipping-taxable","15":"purchasable","16":"product-type-simple"},"acf":[],"brands":[{"id":785,"name":"Ultraceuticals","slug":"ultraceuticals"}],"_links":{"self":[{"href":"https:\/\/skinstudio.ee\/lv\/wp-json\/wp\/v2\/product\/61269","targetHints":{"allow":["GET"]}}],"collection":[{"href":"https:\/\/skinstudio.ee\/lv\/wp-json\/wp\/v2\/product"}],"about":[{"href":"https:\/\/skinstudio.ee\/lv\/wp-json\/wp\/v2\/types\/product"}],"version-history":[{"count":0,"href":"https:\/\/skinstudio.ee\/lv\/wp-json\/wp\/v2\/product\/61269\/revisions"}],"wp:featuredmedia":[{"embeddable":true,"href":"https:\/\/skinstudio.ee\/lv\/wp-json\/wp\/v2\/media\/65843"}],"wp:attachment":[{"href":"https:\/\/skinstudio.ee\/lv\/wp-json\/wp\/v2\/media?parent=61269"}],"wp:term":[{"taxonomy":"pwb-brand","embeddable":true,"href":"https:\/\/skinstudio.ee\/lv\/wp-json\/wp\/v2\/pwb-brand?post=61269"},{"taxonomy":"product_brand","embeddable":true,"href":"https:\/\/skinstudio.ee\/lv\/wp-json\/wp\/v2\/product_brand?post=61269"},{"taxonomy":"product_cat","embeddable":true,"href":"https:\/\/skinstudio.ee\/lv\/wp-json\/wp\/v2\/product_cat?post=61269"},{"taxonomy":"product_tag","embeddable":true,"href":"https:\/\/skinstudio.ee\/lv\/wp-json\/wp\/v2\/product_tag?post=61269"},{"taxonomy":"giftcard-category","embeddable":true,"href":"https:\/\/skinstudio.ee\/lv\/wp-json\/wp\/v2\/giftcard-category?post=61269"}],"curies":[{"name":"wp","href":"https:\/\/api.w.org\/{rel}","templated":true}]}}