{"id":61281,"date":"2024-07-16T12:32:03","date_gmt":"2024-07-16T12:32:03","guid":{"rendered":"https:\/\/skinstudio.ee\/?post_type=product&#038;p=61281"},"modified":"2026-01-22T15:03:25","modified_gmt":"2026-01-22T15:03:25","slug":"ultra-clear-treatment-lotion","status":"publish","type":"product","link":"https:\/\/skinstudio.ee\/lv\/catalog\/ultraceuticals\/ultra-clear-treatment-lotion\/","title":{"rendered":"Ultra Clear Treatment Lotion"},"content":{"rendered":"<p data-start=\"285\" data-end=\"645\">Ultra Clear Treatment Lotion ir efekt\u012bvs risin\u0101jums problem\u0101tiskai, kombin\u0113tai un taukainai \u0101dai, kurai rakstur\u012bgi regul\u0101ri izsitumi. Viegl\u0101 formula pal\u012bdz acumirkl\u012b nomierin\u0101t \u0101du, mazin\u0101t nelielus iekaisumus, att\u012br\u012bt aizsprostotas poras un samazin\u0101t akt\u012bvos aknes elementus, vienlaikus nodro\u0161inot sp\u0113c\u012bgu profilaktisku efektu pret jaunu nepiln\u012bbu veido\u0161anos.<\/p>\n<p data-start=\"647\" data-end=\"959\">Sabalans\u0113tais sast\u0101vs ar provitam\u012bniem C un E, k\u0101 ar\u012b vitam\u012bnu B3 pal\u012bdz regul\u0113t sebuma darb\u012bbu, stiprina \u0101das aizsargbarjeru un samazina izsitumu bie\u017eumu. Nomierino\u0161s augu e\u013c\u013cu komplekss m\u012bkstina \u0101du un atjauno tai koptu, vienm\u0113r\u012bgu izskatu. Regul\u0101ri lietojot, \u0101da k\u013c\u016bst vizu\u0101li t\u012br\u0101ka, glud\u0101ka un vienm\u0113r\u012bg\u0101ka.<\/p>\n<p data-start=\"961\" data-end=\"986\"><strong data-start=\"961\" data-end=\"984\">Akt\u012bv\u0101s sast\u0101vda\u013cas<\/strong><\/p>\n<ul data-start=\"987\" data-end=\"1235\">\n<li data-start=\"987\" data-end=\"1040\">\n<p data-start=\"989\" data-end=\"1040\">Provitam\u012bns C \u2013 stiprina \u0101du un mazina iekaisumu.<\/p>\n<\/li>\n<li data-start=\"1041\" data-end=\"1103\">\n<p data-start=\"1043\" data-end=\"1103\">Provitam\u012bns E \u2013 atbalsta \u0101das atjauno\u0161anos un m\u012bkstina to.<\/p>\n<\/li>\n<li data-start=\"1104\" data-end=\"1177\">\n<p data-start=\"1106\" data-end=\"1177\">Vitam\u012bns B3 (niacinam\u012bds) \u2013 regul\u0113 sebuma darb\u012bbu un sa\u0161aurina poras.<\/p>\n<\/li>\n<li data-start=\"1178\" data-end=\"1235\">\n<p data-start=\"1180\" data-end=\"1235\">Augu e\u013c\u013cas \u2013 nomierina, baro un uzlabo \u0101das komfortu.<\/p>\n<\/li>\n<\/ul>\n<p data-start=\"1237\" data-end=\"1255\"><strong data-start=\"1237\" data-end=\"1255\">Tilpums: 30 ml<\/strong><\/p>\n","protected":false},"excerpt":{"rendered":"<p data-start=\"1496\" data-end=\"1515\"><span style=\"color: #ff0000;\"><strong data-start=\"800\" data-end=\"807\">NB!<\/strong> \u0160is produkts satur augstu akt\u012bvo vielu koncentr\u0101ciju. Pirms lieto\u0161anas iesak\u0101m konsult\u0113ties ar m\u016bsu speci\u0101listu. M\u0113s gaid\u0101m j\u016bsu zvanus pa t\u0101lruni +372 58500171 no pirmdienas l\u012bdz piektdienai 10:00\u201319:00, k\u0101 ar\u012b sestdien\u0101s un sv\u0113tdien\u0101s 11:00\u201315:00. Varat ar\u012b atst\u0101t savu t\u0101lru\u0146a numuru, rakstot uz <a class=\"decorated-link cursor-pointer\" style=\"color: #ff0000;\" href=\"mailto:info@skinstudio.ee\" rel=\"noopener\" data-start=\"1107\" data-end=\"1125\">info@skinstudio.ee<\/a>, un m\u016bsu speci\u0101lists sazin\u0101sies ar jums 24 stundu laik\u0101.<\/span><\/p>\n<p data-start=\"1496\" data-end=\"1515\">Atjaunojo\u0161s losjons<\/p>\n<h2 data-start=\"1517\" data-end=\"1796\"><strong data-start=\"1517\" data-end=\"1575\">ULTRACEUTICALS &#8211; Ultra Clear Treatment Lotion \u012apa\u0161\u012bbas<\/strong><\/h2>\n<p data-start=\"1517\" data-end=\"1796\">\u2714\ufe0f Dzi\u013ci att\u012bra poras un mazina to redzam\u012bbu<br data-start=\"1622\" data-end=\"1625\" \/>\u2714\ufe0f Normaliz\u0113 sebuma darb\u012bbu un samazina sp\u012bdumu<br data-start=\"1672\" data-end=\"1675\" \/>\u2714\ufe0f Samazina iekaisumus un komedonus<br data-start=\"1710\" data-end=\"1713\" \/>\u2714\ufe0f Nomierina \u0101du un mazina jut\u012bgumu<br data-start=\"1748\" data-end=\"1751\" \/>\u2714\ufe0f Uzlabo tekst\u016bru un pie\u0161\u0137ir koptu izskatu<\/p>\n","protected":false},"featured_media":65965,"template":"","meta":[],"pwb-brand":[785],"product_brand":[],"product_cat":[741,745,747,721],"product_tag":[],"giftcard-category":[],"class_list":{"0":"post-61281","1":"product","2":"type-product","3":"status-publish","4":"has-post-thumbnail","6":"pwb-brand-ultraceuticals","7":"product_cat-izsitumi","8":"product_cat-jutigai-adai","9":"product_cat-taukainai-adai","10":"product_cat-toniki-lv","12":"first","13":"instock","14":"taxable","15":"shipping-taxable","16":"purchasable","17":"product-type-simple"},"acf":[],"brands":[{"id":785,"name":"Ultraceuticals","slug":"ultraceuticals"}],"_links":{"self":[{"href":"https:\/\/skinstudio.ee\/lv\/wp-json\/wp\/v2\/product\/61281","targetHints":{"allow":["GET"]}}],"collection":[{"href":"https:\/\/skinstudio.ee\/lv\/wp-json\/wp\/v2\/product"}],"about":[{"href":"https:\/\/skinstudio.ee\/lv\/wp-json\/wp\/v2\/types\/product"}],"version-history":[{"count":0,"href":"https:\/\/skinstudio.ee\/lv\/wp-json\/wp\/v2\/product\/61281\/revisions"}],"wp:featuredmedia":[{"embeddable":true,"href":"https:\/\/skinstudio.ee\/lv\/wp-json\/wp\/v2\/media\/65965"}],"wp:attachment":[{"href":"https:\/\/skinstudio.ee\/lv\/wp-json\/wp\/v2\/media?parent=61281"}],"wp:term":[{"taxonomy":"pwb-brand","embeddable":true,"href":"https:\/\/skinstudio.ee\/lv\/wp-json\/wp\/v2\/pwb-brand?post=61281"},{"taxonomy":"product_brand","embeddable":true,"href":"https:\/\/skinstudio.ee\/lv\/wp-json\/wp\/v2\/product_brand?post=61281"},{"taxonomy":"product_cat","embeddable":true,"href":"https:\/\/skinstudio.ee\/lv\/wp-json\/wp\/v2\/product_cat?post=61281"},{"taxonomy":"product_tag","embeddable":true,"href":"https:\/\/skinstudio.ee\/lv\/wp-json\/wp\/v2\/product_tag?post=61281"},{"taxonomy":"giftcard-category","embeddable":true,"href":"https:\/\/skinstudio.ee\/lv\/wp-json\/wp\/v2\/giftcard-category?post=61281"}],"curies":[{"name":"wp","href":"https:\/\/api.w.org\/{rel}","templated":true}]}}