{"id":68766,"date":"2024-07-24T07:40:03","date_gmt":"2024-07-24T07:40:03","guid":{"rendered":"https:\/\/skinstudio.ee\/?post_type=product&#038;p=68766"},"modified":"2026-01-22T15:03:24","modified_gmt":"2026-01-22T15:03:24","slug":"even-skintone-smoothing-serum","status":"publish","type":"product","link":"https:\/\/skinstudio.ee\/lv\/catalog\/ultraceuticals\/even-skintone-smoothing-serum\/","title":{"rendered":"Even Skintone Smoothing Serum"},"content":{"rendered":"<p data-start=\"266\" data-end=\"585\">Even Skintone Smoothing Serum ir maigs otr\u0101 l\u012bme\u0146a sk\u0101bju serums, kas rad\u012bts efekt\u012bvai, bet saudz\u012bgai \u0101das to\u0146a un tekst\u016bras izl\u012bdzin\u0101\u0161anai. Formula ar trim akt\u012bvaj\u0101m sk\u0101b\u0113m pal\u012bdz padar\u012bt \u0101du glud\u0101ku, mazin\u0101t pel\u0113c\u012bgumu, samazin\u0101t komedonu veido\u0161anos un atjaunot t\u012bru, vienm\u0113r\u012bgu un mirdzo\u0161u izskatu bez kairin\u0101juma.<\/p>\n<p data-start=\"587\" data-end=\"881\">Serums iedarbojas uz nevienm\u0113r\u012bgu toni, vieglu hiperkeratozi, komedoniem un s\u0101kuma pak\u0101pes iekaisumiem. Piensk\u0101be un citronsk\u0101be paaugstina \u0101das mitruma l\u012bmeni un pie\u0161\u0137ir maig\u0101ku izgaismojo\u0161u efektu. Pateicoties maigajai formulai, serums ir piem\u0113rots ar\u012b jut\u012bgai \u0101dai, ja to ievie\u0161 pak\u0101peniski.<\/p>\n<p data-start=\"883\" data-end=\"1083\"><strong data-start=\"883\" data-end=\"901\">Kam piem\u0113rots:<\/strong> lieliski der norm\u0101lai un kombin\u0113tai \u0101dai ar nevienm\u0113r\u012bgu toni, noguruma paz\u012bm\u0113m, viegliem izsitumiem vai komedoniem. Piem\u0113rots ar\u012b tiem, kuri v\u0113las maigu, nekairino\u0161u sk\u0101bju serumu.<\/p>\n<p data-start=\"1085\" data-end=\"1287\"><strong data-start=\"1085\" data-end=\"1109\">Akt\u012bv\u0101s sast\u0101vda\u013cas:<\/strong><br data-start=\"1109\" data-end=\"1112\" \/>piensk\u0101be \u2013 mitrina un atjauno; l\u0101cenes (bearberry) ekstrakts \u2013 izgaismo toni; salicilsk\u0101be \u2013 att\u012bra poras un mazina iekaisumu; citronsk\u0101be \u2013 uzlabo mirdzumu un izl\u012bdzina \u0101du.<\/p>\n<p data-start=\"1289\" data-end=\"1307\"><strong data-start=\"1289\" data-end=\"1307\">Tilpums: 30 ml<\/strong><\/p>\n","protected":false},"excerpt":{"rendered":"<p data-start=\"1831\" data-end=\"2213\"><span style=\"color: #ff0000;\"><strong data-start=\"1831\" data-end=\"1838\">NB!<\/strong> \u0160is produkts satur augstu akt\u012bvo vielu koncentr\u0101ciju. Pirms lieto\u0161anas iesak\u0101m konsult\u0113ties ar m\u016bsu speci\u0101listu. M\u0113s gaid\u0101m j\u016bsu zvanus pa t\u0101lruni +372 58500171 no pirmdienas l\u012bdz piektdienai 10:00\u201319:00, k\u0101 ar\u012b sestdien\u0101s un sv\u0113tdien\u0101s 11:00\u201315:00. Varat ar\u012b atst\u0101t savu t\u0101lru\u0146a numuru, rakstot uz <a class=\"decorated-link cursor-pointer\" style=\"color: #ff0000;\" href=\"mailto:info@skinstudio.ee\" rel=\"noopener\" data-start=\"2138\" data-end=\"2156\">info@skinstudio.ee<\/a>, un m\u016bsu speci\u0101lists sazin\u0101sies ar jums 24 stundu laik\u0101.<\/span><\/p>\n<p data-start=\"2215\" data-end=\"2234\">Maigs sk\u0101bju serums<\/p>\n<h2 data-start=\"2236\" data-end=\"2501\"><strong data-start=\"2236\" data-end=\"2295\">\u012apa\u0161\u012bbas <\/strong><strong data-start=\"2236\" data-end=\"2295\">ULTRACEUTICALS &#8211; Even Skintone Smoothing Serum<\/strong><\/h2>\n<p data-start=\"2236\" data-end=\"2501\">\u2714\ufe0f Saudz\u012bgi eksfoli\u0113 un atjauno \u0101du<br data-start=\"2333\" data-end=\"2336\" \/>\u2714\ufe0f Izl\u012bdzina toni un pie\u0161\u0137ir mirdzumu<br data-start=\"2373\" data-end=\"2376\" \/>\u2714\ufe0f Samazina pigment\u0101ciju un postaknes p\u0113das<br data-start=\"2419\" data-end=\"2422\" \/>\u2714\ufe0f Att\u012bra poras un mazina nosprostojumu<br data-start=\"2461\" data-end=\"2464\" \/>\u2714\ufe0f Padara \u0101du gludu, maigu un koptu<\/p>\n","protected":false},"featured_media":68767,"template":"","meta":[],"pwb-brand":[785],"product_brand":[],"product_cat":[737,723],"product_tag":[],"giftcard-category":[],"class_list":{"0":"post-68766","1":"product","2":"type-product","3":"status-publish","4":"has-post-thumbnail","6":"pwb-brand-ultraceuticals","7":"product_cat-mitrinasana","8":"product_cat-serumi","10":"first","11":"instock","12":"sale","13":"taxable","14":"shipping-taxable","15":"purchasable","16":"product-type-simple"},"acf":[],"brands":[{"id":785,"name":"Ultraceuticals","slug":"ultraceuticals"}],"_links":{"self":[{"href":"https:\/\/skinstudio.ee\/lv\/wp-json\/wp\/v2\/product\/68766","targetHints":{"allow":["GET"]}}],"collection":[{"href":"https:\/\/skinstudio.ee\/lv\/wp-json\/wp\/v2\/product"}],"about":[{"href":"https:\/\/skinstudio.ee\/lv\/wp-json\/wp\/v2\/types\/product"}],"version-history":[{"count":0,"href":"https:\/\/skinstudio.ee\/lv\/wp-json\/wp\/v2\/product\/68766\/revisions"}],"wp:featuredmedia":[{"embeddable":true,"href":"https:\/\/skinstudio.ee\/lv\/wp-json\/wp\/v2\/media\/68767"}],"wp:attachment":[{"href":"https:\/\/skinstudio.ee\/lv\/wp-json\/wp\/v2\/media?parent=68766"}],"wp:term":[{"taxonomy":"pwb-brand","embeddable":true,"href":"https:\/\/skinstudio.ee\/lv\/wp-json\/wp\/v2\/pwb-brand?post=68766"},{"taxonomy":"product_brand","embeddable":true,"href":"https:\/\/skinstudio.ee\/lv\/wp-json\/wp\/v2\/product_brand?post=68766"},{"taxonomy":"product_cat","embeddable":true,"href":"https:\/\/skinstudio.ee\/lv\/wp-json\/wp\/v2\/product_cat?post=68766"},{"taxonomy":"product_tag","embeddable":true,"href":"https:\/\/skinstudio.ee\/lv\/wp-json\/wp\/v2\/product_tag?post=68766"},{"taxonomy":"giftcard-category","embeddable":true,"href":"https:\/\/skinstudio.ee\/lv\/wp-json\/wp\/v2\/giftcard-category?post=68766"}],"curies":[{"name":"wp","href":"https:\/\/api.w.org\/{rel}","templated":true}]}}