{"id":68776,"date":"2024-07-24T07:29:05","date_gmt":"2024-07-24T07:29:05","guid":{"rendered":"https:\/\/skinstudio.ee\/?post_type=product&#038;p=68776"},"modified":"2026-03-21T10:04:15","modified_gmt":"2026-03-21T10:04:15","slug":"ultra-%d1%8123-firming-concentrate","status":"publish","type":"product","link":"https:\/\/skinstudio.ee\/lv\/catalog\/ultraceuticals\/ultra-%d1%8123-firming-concentrate\/","title":{"rendered":"Ultra \u042123+ Firming Concentrate"},"content":{"rendered":"<div>\n<p data-start=\"453\" data-end=\"733\">Ultra \u042123+ Firming Concentrate ir augstas koncentr\u0101cijas C vitam\u012bna serums, kas pal\u012bdz uzlabot \u0101das tvirtumu, mirdzumu un kop\u0113jo vitalit\u0101ti. Produkts pie\u0161\u0137ir \u0101dai ener\u0123iju, uzlabo t\u0101s toni un bl\u012bvumu, k\u0101 ar\u012b nodro\u0161ina sp\u0113c\u012bgu antioksidantu aizsardz\u012bbu pret br\u012bvajiem radik\u0101\u013ciem.<\/p>\n<p data-start=\"735\" data-end=\"996\">Pateicoties 23% t\u012bras L-askorb\u012bnsk\u0101bes saturam, \u0101da k\u013c\u016bst glud\u0101ka, stingr\u0101ka un vizu\u0101li vienm\u0113r\u012bg\u0101ka. Viegl\u0101 tekst\u016bra lieliski sl\u0101\u0146ojas zem SPF un var tikt izmantota ar\u012b k\u0101 papildu kop\u0161anas solis p\u0113c mitrin\u0101t\u0101ja, lai pastiprin\u0101tu \u0101das starojumu un stiprin\u0101\u0161anu.<\/p>\n<p data-start=\"998\" data-end=\"1149\"><strong data-start=\"998\" data-end=\"1016\">Kam piem\u0113rots:<\/strong> ide\u0101li piem\u0113rots sausai un kombin\u0113tai \u0101dai, \u012bpa\u0161i, ja ir v\u0113rojams sausums, bl\u0101vums, elast\u012bbas zudums vai \u0101das bl\u012bvuma samazin\u0101\u0161an\u0101s.<\/p>\n<p data-start=\"1151\" data-end=\"1343\"><strong data-start=\"1151\" data-end=\"1175\">Akt\u012bv\u0101s sast\u0101vda\u013cas:<\/strong> 23% t\u012bras L-askorb\u012bnsk\u0101bes \u2013 jaud\u012bgs antioksidants, kas izgaismo un nostiprina \u0101du; Microelastin \u2013 uzlabo elast\u012bbu; Microcollagen \u2013 stiprina \u0101das strukt\u016bru un gludumu.<\/p>\n<p data-start=\"1345\" data-end=\"1363\"><strong data-start=\"1345\" data-end=\"1363\">Tilpums: 30 ml<\/strong><\/p>\n<\/div>\n<picture><source srcset=\"https:\/\/milfey-shop.ru\/image\/cache\/catalog\/content\/editors\/product\/edit\/ftp094030-1-w290_jpg.webp\" media=\"(max-width: 320px)\" \/><source srcset=\"https:\/\/milfey-shop.ru\/image\/cache\/catalog\/content\/editors\/product\/edit\/ftp094030-1-w450_jpg.webp\" media=\"(max-width: 480px)\" \/><source srcset=\"https:\/\/milfey-shop.ru\/image\/cache\/catalog\/content\/editors\/product\/edit\/ftp094030-1-w738_jpg.webp\" media=\"(max-width: 768px)\" \/><\/picture>\n","protected":false},"excerpt":{"rendered":"<p data-start=\"1822\" data-end=\"2180\"><span style=\"color: #ff0000;\"><strong data-start=\"1822\" data-end=\"1829\">NB!<\/strong> This product contains a high percentage of active ingredients. We recommend consulting our specialist before use. We are available for your calls at +372 58500171 from Monday to Friday 10:00\u201319:00, and on Saturday and Sunday 11:00\u201315:00. You can also leave your phone number at <a class=\"decorated-link cursor-pointer\" style=\"color: #ff0000;\" href=\"mailto:info@skinstudio.ee\" rel=\"noopener\" data-start=\"2108\" data-end=\"2126\">info@skinstudio.ee<\/a>, and our specialist will contact you within 24 hours.<\/span><\/p>\n<p data-start=\"2182\" data-end=\"2211\">Stiprin\u0101t\u0101js koncentr\u0101ts \u0101dai<\/p>\n<h2 data-start=\"2213\" data-end=\"2474\"><strong data-start=\"2213\" data-end=\"2273\">\u012apa\u0161\u012bbas ULTRACEUTICALS &#8211; Ultra \u042123+ Firming Concentrate<\/strong><\/h2>\n<p data-start=\"2213\" data-end=\"2474\">\u2714\ufe0f Uzlabo \u0101das tvirtumu un bl\u012bvumu<br data-start=\"2310\" data-end=\"2313\" \/>\u2714\ufe0f Pie\u0161\u0137ir mirdzumu un izgaismo toni<br data-start=\"2349\" data-end=\"2352\" \/>\u2714\ufe0f Stiprina \u0101das strukt\u016bru<br data-start=\"2378\" data-end=\"2381\" \/>\u2714\ufe0f Nodro\u0161ina sp\u0113c\u012bgu antioksidantu aizsardz\u012bbu<br data-start=\"2427\" data-end=\"2430\" \/>\u2714\ufe0f Padara \u0101du glud\u0101ku, elast\u012bg\u0101ku un koptu<\/p>\n","protected":false},"featured_media":65848,"template":"","meta":[],"pwb-brand":[785],"product_brand":[],"product_cat":[739],"product_tag":[],"giftcard-category":[],"class_list":{"0":"post-68776","1":"product","2":"type-product","3":"status-publish","4":"has-post-thumbnail","6":"pwb-brand-ultraceuticals","7":"product_cat-sausai-adai","9":"first","10":"outofstock","11":"taxable","12":"shipping-taxable","13":"purchasable","14":"product-type-simple"},"acf":[],"brands":[{"id":785,"name":"Ultraceuticals","slug":"ultraceuticals"}],"_links":{"self":[{"href":"https:\/\/skinstudio.ee\/lv\/wp-json\/wp\/v2\/product\/68776","targetHints":{"allow":["GET"]}}],"collection":[{"href":"https:\/\/skinstudio.ee\/lv\/wp-json\/wp\/v2\/product"}],"about":[{"href":"https:\/\/skinstudio.ee\/lv\/wp-json\/wp\/v2\/types\/product"}],"version-history":[{"count":1,"href":"https:\/\/skinstudio.ee\/lv\/wp-json\/wp\/v2\/product\/68776\/revisions"}],"predecessor-version":[{"id":87197,"href":"https:\/\/skinstudio.ee\/lv\/wp-json\/wp\/v2\/product\/68776\/revisions\/87197"}],"wp:featuredmedia":[{"embeddable":true,"href":"https:\/\/skinstudio.ee\/lv\/wp-json\/wp\/v2\/media\/65848"}],"wp:attachment":[{"href":"https:\/\/skinstudio.ee\/lv\/wp-json\/wp\/v2\/media?parent=68776"}],"wp:term":[{"taxonomy":"pwb-brand","embeddable":true,"href":"https:\/\/skinstudio.ee\/lv\/wp-json\/wp\/v2\/pwb-brand?post=68776"},{"taxonomy":"product_brand","embeddable":true,"href":"https:\/\/skinstudio.ee\/lv\/wp-json\/wp\/v2\/product_brand?post=68776"},{"taxonomy":"product_cat","embeddable":true,"href":"https:\/\/skinstudio.ee\/lv\/wp-json\/wp\/v2\/product_cat?post=68776"},{"taxonomy":"product_tag","embeddable":true,"href":"https:\/\/skinstudio.ee\/lv\/wp-json\/wp\/v2\/product_tag?post=68776"},{"taxonomy":"giftcard-category","embeddable":true,"href":"https:\/\/skinstudio.ee\/lv\/wp-json\/wp\/v2\/giftcard-category?post=68776"}],"curies":[{"name":"wp","href":"https:\/\/api.w.org\/{rel}","templated":true}]}}